{"id":121,"date":"2023-02-20T14:37:22","date_gmt":"2023-02-20T13:37:22","guid":{"rendered":"https:\/\/virginietauteure.com\/?page_id=121"},"modified":"2024-03-09T10:58:34","modified_gmt":"2024-03-09T09:58:34","slug":"dakota-jones","status":"publish","type":"page","link":"https:\/\/virginietauteure.com\/?page_id=121","title":{"rendered":"Dakota Jones"},"content":{"rendered":"\n<p class=\"has-text-align-center has-vivid-red-color has-text-color has-link-color has-x-large-font-size wp-elements-1cca461b36c2c7c94fdd3aa7eef875e4\"><strong>Dakota Jones<\/strong><\/p>\n\n\n\n<p class=\"has-text-align-center\">Une trilogie fantasy aux nombreux rebondissements dont tous les titres sont parus<\/p>\n\n\n\n<div class=\"wp-block-cover\"><span aria-hidden=\"true\" class=\"wp-block-cover__background has-background-dim-0 has-background-dim\"><\/span><img loading=\"lazy\" decoding=\"async\" width=\"1024\" height=\"580\" class=\"wp-block-cover__image-background wp-image-234\" alt=\"\" src=\"https:\/\/virginietauteure.com\/wp-content\/uploads\/2023\/02\/fantasy-gd74aea40e_1920-1024x580.jpg\" data-object-fit=\"cover\" srcset=\"https:\/\/virginietauteure.com\/wp-content\/uploads\/2023\/02\/fantasy-gd74aea40e_1920-1024x580.jpg 1024w, https:\/\/virginietauteure.com\/wp-content\/uploads\/2023\/02\/fantasy-gd74aea40e_1920-300x170.jpg 300w, https:\/\/virginietauteure.com\/wp-content\/uploads\/2023\/02\/fantasy-gd74aea40e_1920-768x435.jpg 768w, https:\/\/virginietauteure.com\/wp-content\/uploads\/2023\/02\/fantasy-gd74aea40e_1920-1536x870.jpg 1536w, https:\/\/virginietauteure.com\/wp-content\/uploads\/2023\/02\/fantasy-gd74aea40e_1920-106x60.jpg 106w, https:\/\/virginietauteure.com\/wp-content\/uploads\/2023\/02\/fantasy-gd74aea40e_1920-1320x747.jpg 1320w, https:\/\/virginietauteure.com\/wp-content\/uploads\/2023\/02\/fantasy-gd74aea40e_1920-600x340.jpg 600w, https:\/\/virginietauteure.com\/wp-content\/uploads\/2023\/02\/fantasy-gd74aea40e_1920.jpg 1920w\" sizes=\"auto, (max-width: 1024px) 100vw, 1024px\" \/><div class=\"wp-block-cover__inner-container is-layout-flow wp-block-cover-is-layout-flow\">\n<p><\/p>\n\n\n\n<p><\/p>\n\n\n\n<p><\/p>\n\n\n\n<p><\/p>\n\n\n\n<p class=\"has-text-align-center has-large-font-size\">Un pouvoir hors du commun lui permet de discerner les d\u00e9mons depuis sa naissance<\/p>\n<\/div><\/div>\n\n\n\n<p><\/p>\n\n\n\n<div class=\"wp-block-cover is-light\"><span aria-hidden=\"true\" class=\"wp-block-cover__background has-background-dim-0 has-background-dim\"><\/span><img loading=\"lazy\" decoding=\"async\" width=\"1024\" height=\"683\" class=\"wp-block-cover__image-background wp-image-235\" alt=\"\" src=\"https:\/\/virginietauteure.com\/wp-content\/uploads\/2023\/02\/warrior-g4712123b0_1920-1024x683.jpg\" style=\"object-position:61% 27%\" data-object-fit=\"cover\" data-object-position=\"61% 27%\" srcset=\"https:\/\/virginietauteure.com\/wp-content\/uploads\/2023\/02\/warrior-g4712123b0_1920-1024x683.jpg 1024w, https:\/\/virginietauteure.com\/wp-content\/uploads\/2023\/02\/warrior-g4712123b0_1920-300x200.jpg 300w, https:\/\/virginietauteure.com\/wp-content\/uploads\/2023\/02\/warrior-g4712123b0_1920-768x512.jpg 768w, https:\/\/virginietauteure.com\/wp-content\/uploads\/2023\/02\/warrior-g4712123b0_1920-1536x1024.jpg 1536w, https:\/\/virginietauteure.com\/wp-content\/uploads\/2023\/02\/warrior-g4712123b0_1920-90x60.jpg 90w, https:\/\/virginietauteure.com\/wp-content\/uploads\/2023\/02\/warrior-g4712123b0_1920-370x247.jpg 370w, https:\/\/virginietauteure.com\/wp-content\/uploads\/2023\/02\/warrior-g4712123b0_1920-776x517.jpg 776w, https:\/\/virginietauteure.com\/wp-content\/uploads\/2023\/02\/warrior-g4712123b0_1920-1320x880.jpg 1320w, https:\/\/virginietauteure.com\/wp-content\/uploads\/2023\/02\/warrior-g4712123b0_1920-600x400.jpg 600w, https:\/\/virginietauteure.com\/wp-content\/uploads\/2023\/02\/warrior-g4712123b0_1920.jpg 1920w\" sizes=\"auto, (max-width: 1024px) 100vw, 1024px\" \/><div class=\"wp-block-cover__inner-container is-layout-flow wp-block-cover-is-layout-flow\">\n<p class=\"has-text-align-center has-white-color has-text-color has-large-font-size\">Son p\u00e8re, le g\u00e9n\u00e9ral Jones, a fait d&rsquo;elle une guerri\u00e8re, une Traqueuse de D\u00e9mons \u00e0 l&rsquo;efficacit\u00e9 in\u00e9galable<\/p>\n<\/div><\/div>\n\n\n\n<p><\/p>\n\n\n\n<div class=\"wp-block-cover is-light\"><span aria-hidden=\"true\" class=\"wp-block-cover__background has-background-dim-0 has-background-dim\"><\/span><img loading=\"lazy\" decoding=\"async\" width=\"1024\" height=\"613\" class=\"wp-block-cover__image-background wp-image-236\" alt=\"\" src=\"https:\/\/virginietauteure.com\/wp-content\/uploads\/2023\/02\/dragon-g2d7c7edd0_1920-1024x613.jpg\" style=\"object-position:51% 22%\" data-object-fit=\"cover\" data-object-position=\"51% 22%\" srcset=\"https:\/\/virginietauteure.com\/wp-content\/uploads\/2023\/02\/dragon-g2d7c7edd0_1920-1024x613.jpg 1024w, https:\/\/virginietauteure.com\/wp-content\/uploads\/2023\/02\/dragon-g2d7c7edd0_1920-300x180.jpg 300w, https:\/\/virginietauteure.com\/wp-content\/uploads\/2023\/02\/dragon-g2d7c7edd0_1920-768x460.jpg 768w, https:\/\/virginietauteure.com\/wp-content\/uploads\/2023\/02\/dragon-g2d7c7edd0_1920-1536x920.jpg 1536w, https:\/\/virginietauteure.com\/wp-content\/uploads\/2023\/02\/dragon-g2d7c7edd0_1920-100x60.jpg 100w, https:\/\/virginietauteure.com\/wp-content\/uploads\/2023\/02\/dragon-g2d7c7edd0_1920-1320x791.jpg 1320w, https:\/\/virginietauteure.com\/wp-content\/uploads\/2023\/02\/dragon-g2d7c7edd0_1920-600x359.jpg 600w, https:\/\/virginietauteure.com\/wp-content\/uploads\/2023\/02\/dragon-g2d7c7edd0_1920.jpg 1920w\" sizes=\"auto, (max-width: 1024px) 100vw, 1024px\" \/><div class=\"wp-block-cover__inner-container is-layout-flow wp-block-cover-is-layout-flow\">\n<p class=\"has-text-align-center has-white-color has-text-color\">Elle a toujours ob\u00e9i aux ordres, jusqu&rsquo;\u00e0 ce qu&rsquo;elle le rencontre lui: Eldrekki. Ni humain ni d\u00e9mon, il va remettre en question toutes ses croyances<\/p>\n\n\n\n<p><\/p>\n\n\n\n<p><\/p>\n\n\n\n<p class=\"has-text-align-center has-white-color has-text-color\">Ensemble et avec l&rsquo;aide de l&rsquo;\u00e9quipe de Dakota, ils vont devoir tout affronter: les mensonges, les secrets et les d\u00e9mons qui veulent leur mort<\/p>\n<\/div><\/div>\n\n\n\n<figure class=\"wp-block-image size-large\"><img loading=\"lazy\" decoding=\"async\" width=\"1024\" height=\"746\" src=\"https:\/\/virginietauteure.com\/wp-content\/uploads\/2023\/02\/Couleurs-du-dragon-1024x746.jpg\" alt=\"\" class=\"wp-image-237\" srcset=\"https:\/\/virginietauteure.com\/wp-content\/uploads\/2023\/02\/Couleurs-du-dragon-1024x746.jpg 1024w, https:\/\/virginietauteure.com\/wp-content\/uploads\/2023\/02\/Couleurs-du-dragon-300x219.jpg 300w, https:\/\/virginietauteure.com\/wp-content\/uploads\/2023\/02\/Couleurs-du-dragon-768x560.jpg 768w, https:\/\/virginietauteure.com\/wp-content\/uploads\/2023\/02\/Couleurs-du-dragon-82x60.jpg 82w, https:\/\/virginietauteure.com\/wp-content\/uploads\/2023\/02\/Couleurs-du-dragon-600x437.jpg 600w, https:\/\/virginietauteure.com\/wp-content\/uploads\/2023\/02\/Couleurs-du-dragon.jpg 1280w\" sizes=\"auto, (max-width: 1024px) 100vw, 1024px\" \/><\/figure>\n\n\n\n<figure class=\"wp-block-image size-large\"><img loading=\"lazy\" decoding=\"async\" width=\"1024\" height=\"613\" src=\"https:\/\/virginietauteure.com\/wp-content\/uploads\/2023\/02\/dakota2-1024x613.jpg\" alt=\"\" class=\"wp-image-238\" srcset=\"https:\/\/virginietauteure.com\/wp-content\/uploads\/2023\/02\/dakota2-1024x613.jpg 1024w, https:\/\/virginietauteure.com\/wp-content\/uploads\/2023\/02\/dakota2-300x180.jpg 300w, https:\/\/virginietauteure.com\/wp-content\/uploads\/2023\/02\/dakota2-768x460.jpg 768w, https:\/\/virginietauteure.com\/wp-content\/uploads\/2023\/02\/dakota2-1536x920.jpg 1536w, https:\/\/virginietauteure.com\/wp-content\/uploads\/2023\/02\/dakota2-100x60.jpg 100w, https:\/\/virginietauteure.com\/wp-content\/uploads\/2023\/02\/dakota2-1320x791.jpg 1320w, https:\/\/virginietauteure.com\/wp-content\/uploads\/2023\/02\/dakota2-600x359.jpg 600w, https:\/\/virginietauteure.com\/wp-content\/uploads\/2023\/02\/dakota2.jpg 1920w\" sizes=\"auto, (max-width: 1024px) 100vw, 1024px\" \/><\/figure>\n\n\n\n<figure class=\"wp-block-image size-large\"><img loading=\"lazy\" decoding=\"async\" width=\"1024\" height=\"462\" src=\"https:\/\/virginietauteure.com\/wp-content\/uploads\/2023\/02\/Dakota3-1024x462.jpg\" alt=\"\" class=\"wp-image-239\" srcset=\"https:\/\/virginietauteure.com\/wp-content\/uploads\/2023\/02\/Dakota3-1024x462.jpg 1024w, https:\/\/virginietauteure.com\/wp-content\/uploads\/2023\/02\/Dakota3-300x135.jpg 300w, https:\/\/virginietauteure.com\/wp-content\/uploads\/2023\/02\/Dakota3-768x346.jpg 768w, https:\/\/virginietauteure.com\/wp-content\/uploads\/2023\/02\/Dakota3-1536x693.jpg 1536w, https:\/\/virginietauteure.com\/wp-content\/uploads\/2023\/02\/Dakota3-133x60.jpg 133w, https:\/\/virginietauteure.com\/wp-content\/uploads\/2023\/02\/Dakota3-1320x595.jpg 1320w, https:\/\/virginietauteure.com\/wp-content\/uploads\/2023\/02\/Dakota3-600x271.jpg 600w, https:\/\/virginietauteure.com\/wp-content\/uploads\/2023\/02\/Dakota3.jpg 1920w\" sizes=\"auto, (max-width: 1024px) 100vw, 1024px\" \/><\/figure>\n\n\n\n<h2 class=\"wp-block-heading has-text-align-center has-vivid-red-color has-text-color has-link-color has-x-large-font-size wp-elements-478b6c9568c1ce3a41320b84aad3372e\">Asty Jones<\/h2>\n\n\n\n<p>Elle est belle, puissante, et d\u00e9termin\u00e9e \u00e0 faire ses preuves<\/p>\n\n\n\n<figure class=\"wp-block-image size-large\"><img loading=\"lazy\" decoding=\"async\" width=\"779\" height=\"1024\" src=\"https:\/\/virginietauteure.com\/wp-content\/uploads\/2024\/03\/girl-3695681_1920-779x1024.jpg\" alt=\"\" class=\"wp-image-595\" srcset=\"https:\/\/virginietauteure.com\/wp-content\/uploads\/2024\/03\/girl-3695681_1920-779x1024.jpg 779w, https:\/\/virginietauteure.com\/wp-content\/uploads\/2024\/03\/girl-3695681_1920-228x300.jpg 228w, https:\/\/virginietauteure.com\/wp-content\/uploads\/2024\/03\/girl-3695681_1920-768x1010.jpg 768w, https:\/\/virginietauteure.com\/wp-content\/uploads\/2024\/03\/girl-3695681_1920-1168x1536.jpg 1168w, https:\/\/virginietauteure.com\/wp-content\/uploads\/2024\/03\/girl-3695681_1920-46x60.jpg 46w, https:\/\/virginietauteure.com\/wp-content\/uploads\/2024\/03\/girl-3695681_1920-1320x1736.jpg 1320w, https:\/\/virginietauteure.com\/wp-content\/uploads\/2024\/03\/girl-3695681_1920-600x789.jpg 600w, https:\/\/virginietauteure.com\/wp-content\/uploads\/2024\/03\/girl-3695681_1920.jpg 1460w\" sizes=\"auto, (max-width: 779px) 100vw, 779px\" \/><\/figure>\n\n\n\n<p>Les d\u00e9mons n&rsquo;ont pas de secrets pour elle. Pourtant, rien n&rsquo;est logique dans cette premi\u00e8re mission qui lui est confi\u00e9. Et ce n&rsquo;est pas les renforts envoy\u00e9s qui vont l&rsquo;aider<\/p>\n\n\n\n<figure class=\"wp-block-image size-full is-resized\"><img loading=\"lazy\" decoding=\"async\" width=\"871\" height=\"660\" src=\"https:\/\/virginietauteure.com\/wp-content\/uploads\/2024\/03\/Capture-decran-2023-11-13-172903.png\" alt=\"\" class=\"wp-image-596\" style=\"width:786px;height:auto\" srcset=\"https:\/\/virginietauteure.com\/wp-content\/uploads\/2024\/03\/Capture-decran-2023-11-13-172903.png 871w, https:\/\/virginietauteure.com\/wp-content\/uploads\/2024\/03\/Capture-decran-2023-11-13-172903-300x227.png 300w, https:\/\/virginietauteure.com\/wp-content\/uploads\/2024\/03\/Capture-decran-2023-11-13-172903-768x582.png 768w, https:\/\/virginietauteure.com\/wp-content\/uploads\/2024\/03\/Capture-decran-2023-11-13-172903-79x60.png 79w, https:\/\/virginietauteure.com\/wp-content\/uploads\/2024\/03\/Capture-decran-2023-11-13-172903-110x83.png 110w, https:\/\/virginietauteure.com\/wp-content\/uploads\/2024\/03\/Capture-decran-2023-11-13-172903-600x455.png 600w\" sizes=\"auto, (max-width: 871px) 100vw, 871px\" \/><\/figure>\n","protected":false},"excerpt":{"rendered":"<p>Dakota Jones Une trilogie fantasy aux nombreux rebondissements dont tous les titres sont parus Asty Jones Elle est belle, puissante, et d\u00e9termin\u00e9e \u00e0 faire ses preuves Les d\u00e9mons n&rsquo;ont pas &hellip; <\/p>\n","protected":false},"author":1,"featured_media":0,"parent":0,"menu_order":0,"comment_status":"closed","ping_status":"closed","template":"","meta":{"footnotes":""},"class_list":["post-121","page","type-page","status-publish","hentry"],"jetpack-related-posts":[],"jetpack_sharing_enabled":true,"_links":{"self":[{"href":"https:\/\/virginietauteure.com\/index.php?rest_route=\/wp\/v2\/pages\/121","targetHints":{"allow":["GET"]}}],"collection":[{"href":"https:\/\/virginietauteure.com\/index.php?rest_route=\/wp\/v2\/pages"}],"about":[{"href":"https:\/\/virginietauteure.com\/index.php?rest_route=\/wp\/v2\/types\/page"}],"author":[{"embeddable":true,"href":"https:\/\/virginietauteure.com\/index.php?rest_route=\/wp\/v2\/users\/1"}],"replies":[{"embeddable":true,"href":"https:\/\/virginietauteure.com\/index.php?rest_route=%2Fwp%2Fv2%2Fcomments&post=121"}],"version-history":[{"count":6,"href":"https:\/\/virginietauteure.com\/index.php?rest_route=\/wp\/v2\/pages\/121\/revisions"}],"predecessor-version":[{"id":597,"href":"https:\/\/virginietauteure.com\/index.php?rest_route=\/wp\/v2\/pages\/121\/revisions\/597"}],"wp:attachment":[{"href":"https:\/\/virginietauteure.com\/index.php?rest_route=%2Fwp%2Fv2%2Fmedia&parent=121"}],"curies":[{"name":"wp","href":"https:\/\/api.w.org\/{rel}","templated":true}]}}