{"id":18,"date":"2023-02-13T10:50:16","date_gmt":"2023-02-13T10:50:16","guid":{"rendered":"http:\/\/virginietauteure.com\/?page_id=18"},"modified":"2023-02-22T23:35:18","modified_gmt":"2023-02-22T22:35:18","slug":"la-meute-silvermoon","status":"publish","type":"page","link":"https:\/\/virginietauteure.com\/?page_id=18","title":{"rendered":"La meute Silvermoon"},"content":{"rendered":"\n<p class=\"has-text-align-center\">Saga en six tomes, tous ind\u00e9pendants. Un tome par couple<\/p>\n\n\n<div class=\"wp-block-image\">\n<figure class=\"aligncenter size-full is-resized\"><img loading=\"lazy\" decoding=\"async\" src=\"https:\/\/virginietauteure.com\/wp-content\/uploads\/2023\/02\/wolf-gbcd71226f_1920.jpg\" alt=\"\" class=\"wp-image-216\" width=\"1278\" height=\"584\"\/><\/figure>\n<\/div>\n\n\n<p><\/p>\n\n\n\n<div class=\"wp-block-cover\" style=\"min-height:685px;aspect-ratio:unset;\"><span aria-hidden=\"true\" class=\"wp-block-cover__background has-background-dim-0 has-background-dim\"><\/span><img loading=\"lazy\" decoding=\"async\" width=\"768\" height=\"1024\" class=\"wp-block-cover__image-background wp-image-218\" alt=\"\" src=\"https:\/\/virginietauteure.com\/wp-content\/uploads\/2023\/02\/girl-g3d8934299_1920-768x1024.jpg\" style=\"object-position:31% 29%\" data-object-fit=\"cover\" data-object-position=\"31% 29%\" srcset=\"https:\/\/virginietauteure.com\/wp-content\/uploads\/2023\/02\/girl-g3d8934299_1920-768x1024.jpg 768w, https:\/\/virginietauteure.com\/wp-content\/uploads\/2023\/02\/girl-g3d8934299_1920-225x300.jpg 225w, https:\/\/virginietauteure.com\/wp-content\/uploads\/2023\/02\/girl-g3d8934299_1920-1152x1536.jpg 1152w, https:\/\/virginietauteure.com\/wp-content\/uploads\/2023\/02\/girl-g3d8934299_1920-45x60.jpg 45w, https:\/\/virginietauteure.com\/wp-content\/uploads\/2023\/02\/girl-g3d8934299_1920-1320x1760.jpg 1320w, https:\/\/virginietauteure.com\/wp-content\/uploads\/2023\/02\/girl-g3d8934299_1920-600x800.jpg 600w, https:\/\/virginietauteure.com\/wp-content\/uploads\/2023\/02\/girl-g3d8934299_1920.jpg 1440w\" sizes=\"auto, (max-width: 768px) 100vw, 768px\" \/><div class=\"wp-block-cover__inner-container is-layout-flow wp-block-cover-is-layout-flow\">\n<p class=\"has-text-align-center has-large-font-size\">Personne ne peut contrer le destin. Les habitants de Silver City le savent bien. Les \u00e9trangers qui s&rsquo;y arr\u00eatent vont vite le d\u00e9couvrir<\/p>\n<\/div><\/div>\n\n\n\n<p><\/p>\n\n\n\n<div class=\"wp-block-cover\"><span aria-hidden=\"true\" class=\"wp-block-cover__background has-background-dim\"><\/span><img loading=\"lazy\" decoding=\"async\" width=\"1024\" height=\"683\" class=\"wp-block-cover__image-background wp-image-219\" alt=\"\" src=\"https:\/\/virginietauteure.com\/wp-content\/uploads\/2023\/02\/fantasy-g505df9219_1920-1024x683.jpg\" style=\"object-position:64% 27%\" data-object-fit=\"cover\" data-object-position=\"64% 27%\" srcset=\"https:\/\/virginietauteure.com\/wp-content\/uploads\/2023\/02\/fantasy-g505df9219_1920-1024x683.jpg 1024w, https:\/\/virginietauteure.com\/wp-content\/uploads\/2023\/02\/fantasy-g505df9219_1920-300x200.jpg 300w, https:\/\/virginietauteure.com\/wp-content\/uploads\/2023\/02\/fantasy-g505df9219_1920-768x512.jpg 768w, https:\/\/virginietauteure.com\/wp-content\/uploads\/2023\/02\/fantasy-g505df9219_1920-1536x1025.jpg 1536w, https:\/\/virginietauteure.com\/wp-content\/uploads\/2023\/02\/fantasy-g505df9219_1920-90x60.jpg 90w, https:\/\/virginietauteure.com\/wp-content\/uploads\/2023\/02\/fantasy-g505df9219_1920-370x247.jpg 370w, https:\/\/virginietauteure.com\/wp-content\/uploads\/2023\/02\/fantasy-g505df9219_1920-776x517.jpg 776w, https:\/\/virginietauteure.com\/wp-content\/uploads\/2023\/02\/fantasy-g505df9219_1920-1320x881.jpg 1320w, https:\/\/virginietauteure.com\/wp-content\/uploads\/2023\/02\/fantasy-g505df9219_1920-600x400.jpg 600w, https:\/\/virginietauteure.com\/wp-content\/uploads\/2023\/02\/fantasy-g505df9219_1920.jpg 1920w\" sizes=\"auto, (max-width: 1024px) 100vw, 1024px\" \/><div class=\"wp-block-cover__inner-container is-layout-flow wp-block-cover-is-layout-flow\">\n<p class=\"has-text-align-center has-large-font-size\">Quand un Silvermoon rencontre sa belle, cela provoque toujours des \u00e9tincelles<\/p>\n<\/div><\/div>\n\n\n\n<figure class=\"wp-block-image size-large is-resized\"><img decoding=\"async\" src=\"https:\/\/virginietauteure.com\/wp-content\/uploads\/2023\/02\/sauvage-edited.jpg\" alt=\"\" class=\"wp-image-259\" width=\"1342\" srcset=\"https:\/\/virginietauteure.com\/wp-content\/uploads\/2023\/02\/sauvage-edited.jpg 2243w, https:\/\/virginietauteure.com\/wp-content\/uploads\/2023\/02\/sauvage-edited-300x188.jpg 300w, https:\/\/virginietauteure.com\/wp-content\/uploads\/2023\/02\/sauvage-edited-1024x640.jpg 1024w, https:\/\/virginietauteure.com\/wp-content\/uploads\/2023\/02\/sauvage-edited-768x480.jpg 768w, https:\/\/virginietauteure.com\/wp-content\/uploads\/2023\/02\/sauvage-edited-1536x960.jpg 1536w, https:\/\/virginietauteure.com\/wp-content\/uploads\/2023\/02\/sauvage-edited-2048x1280.jpg 2048w, https:\/\/virginietauteure.com\/wp-content\/uploads\/2023\/02\/sauvage-edited-96x60.jpg 96w, https:\/\/virginietauteure.com\/wp-content\/uploads\/2023\/02\/sauvage-edited-1320x825.jpg 1320w, https:\/\/virginietauteure.com\/wp-content\/uploads\/2023\/02\/sauvage-edited-600x375.jpg 600w\" sizes=\"(max-width: 2243px) 100vw, 2243px\" \/><\/figure>\n\n\n\n<figure class=\"wp-block-image size-large is-resized\"><img loading=\"lazy\" decoding=\"async\" src=\"https:\/\/virginietauteure.com\/wp-content\/uploads\/2023\/02\/obstine1-1-1024x968.jpg\" alt=\"\" class=\"wp-image-262\" width=\"975\" height=\"922\" srcset=\"https:\/\/virginietauteure.com\/wp-content\/uploads\/2023\/02\/obstine1-1-1024x968.jpg 1024w, https:\/\/virginietauteure.com\/wp-content\/uploads\/2023\/02\/obstine1-1-300x284.jpg 300w, https:\/\/virginietauteure.com\/wp-content\/uploads\/2023\/02\/obstine1-1-768x726.jpg 768w, https:\/\/virginietauteure.com\/wp-content\/uploads\/2023\/02\/obstine1-1-63x60.jpg 63w, https:\/\/virginietauteure.com\/wp-content\/uploads\/2023\/02\/obstine1-1-1320x1248.jpg 1320w, https:\/\/virginietauteure.com\/wp-content\/uploads\/2023\/02\/obstine1-1-600x567.jpg 600w, https:\/\/virginietauteure.com\/wp-content\/uploads\/2023\/02\/obstine1-1.jpg 1532w\" sizes=\"auto, (max-width: 975px) 100vw, 975px\" \/><\/figure>\n\n\n\n<figure class=\"wp-block-image size-large\"><img loading=\"lazy\" decoding=\"async\" width=\"1024\" height=\"896\" src=\"https:\/\/virginietauteure.com\/wp-content\/uploads\/2023\/02\/detruite2-1-1024x896.jpg\" alt=\"\" class=\"wp-image-264\" srcset=\"https:\/\/virginietauteure.com\/wp-content\/uploads\/2023\/02\/detruite2-1-1024x896.jpg 1024w, https:\/\/virginietauteure.com\/wp-content\/uploads\/2023\/02\/detruite2-1-300x263.jpg 300w, https:\/\/virginietauteure.com\/wp-content\/uploads\/2023\/02\/detruite2-1-768x672.jpg 768w, https:\/\/virginietauteure.com\/wp-content\/uploads\/2023\/02\/detruite2-1-69x60.jpg 69w, https:\/\/virginietauteure.com\/wp-content\/uploads\/2023\/02\/detruite2-1-600x525.jpg 600w, https:\/\/virginietauteure.com\/wp-content\/uploads\/2023\/02\/detruite2-1.jpg 1084w\" sizes=\"auto, (max-width: 1024px) 100vw, 1024px\" \/><\/figure>\n","protected":false},"excerpt":{"rendered":"<p>Saga en six tomes, tous ind\u00e9pendants. Un tome par couple<\/p>\n","protected":false},"author":1,"featured_media":0,"parent":0,"menu_order":0,"comment_status":"closed","ping_status":"closed","template":"","meta":{"footnotes":""},"class_list":["post-18","page","type-page","status-publish","hentry"],"jetpack-related-posts":[],"jetpack_sharing_enabled":true,"_links":{"self":[{"href":"https:\/\/virginietauteure.com\/index.php?rest_route=\/wp\/v2\/pages\/18","targetHints":{"allow":["GET"]}}],"collection":[{"href":"https:\/\/virginietauteure.com\/index.php?rest_route=\/wp\/v2\/pages"}],"about":[{"href":"https:\/\/virginietauteure.com\/index.php?rest_route=\/wp\/v2\/types\/page"}],"author":[{"embeddable":true,"href":"https:\/\/virginietauteure.com\/index.php?rest_route=\/wp\/v2\/users\/1"}],"replies":[{"embeddable":true,"href":"https:\/\/virginietauteure.com\/index.php?rest_route=%2Fwp%2Fv2%2Fcomments&post=18"}],"version-history":[{"count":14,"href":"https:\/\/virginietauteure.com\/index.php?rest_route=\/wp\/v2\/pages\/18\/revisions"}],"predecessor-version":[{"id":266,"href":"https:\/\/virginietauteure.com\/index.php?rest_route=\/wp\/v2\/pages\/18\/revisions\/266"}],"wp:attachment":[{"href":"https:\/\/virginietauteure.com\/index.php?rest_route=%2Fwp%2Fv2%2Fmedia&parent=18"}],"curies":[{"name":"wp","href":"https:\/\/api.w.org\/{rel}","templated":true}]}}