{"id":48,"date":"2023-02-13T12:28:36","date_gmt":"2023-02-13T12:28:36","guid":{"rendered":"http:\/\/virginietauteure.com\/?page_id=48"},"modified":"2023-02-23T17:22:41","modified_gmt":"2023-02-23T16:22:41","slug":"les-anges-dechus","status":"publish","type":"page","link":"https:\/\/virginietauteure.com\/?page_id=48","title":{"rendered":"Les anges d\u00e9chus"},"content":{"rendered":"\n<p class=\"has-text-align-center\">Saga en six tomes, tous parus. Tous les tomes sont ind\u00e9pendants<\/p>\n\n\n\n<div class=\"wp-block-cover\"><span aria-hidden=\"true\" class=\"wp-block-cover__background has-background-dim-0 has-background-dim\"><\/span><img loading=\"lazy\" decoding=\"async\" width=\"1024\" height=\"576\" class=\"wp-block-cover__image-background wp-image-280\" alt=\"\" src=\"https:\/\/virginietauteure.com\/wp-content\/uploads\/2023\/02\/wings-gf96ae9992_1920-1024x576.jpg\" style=\"object-position:51% 41%\" data-object-fit=\"cover\" data-object-position=\"51% 41%\" srcset=\"https:\/\/virginietauteure.com\/wp-content\/uploads\/2023\/02\/wings-gf96ae9992_1920-1024x576.jpg 1024w, https:\/\/virginietauteure.com\/wp-content\/uploads\/2023\/02\/wings-gf96ae9992_1920-300x169.jpg 300w, https:\/\/virginietauteure.com\/wp-content\/uploads\/2023\/02\/wings-gf96ae9992_1920-768x432.jpg 768w, https:\/\/virginietauteure.com\/wp-content\/uploads\/2023\/02\/wings-gf96ae9992_1920-1536x864.jpg 1536w, https:\/\/virginietauteure.com\/wp-content\/uploads\/2023\/02\/wings-gf96ae9992_1920-107x60.jpg 107w, https:\/\/virginietauteure.com\/wp-content\/uploads\/2023\/02\/wings-gf96ae9992_1920-1320x743.jpg 1320w, https:\/\/virginietauteure.com\/wp-content\/uploads\/2023\/02\/wings-gf96ae9992_1920-600x338.jpg 600w, https:\/\/virginietauteure.com\/wp-content\/uploads\/2023\/02\/wings-gf96ae9992_1920.jpg 1920w\" sizes=\"auto, (max-width: 1024px) 100vw, 1024px\" \/><div class=\"wp-block-cover__inner-container is-layout-flow wp-block-cover-is-layout-flow\">\n<p class=\"has-text-align-center has-large-font-size\">Ils sont condamn\u00e9s \u00e0 vivre sur terre, loin des anges<\/p>\n<\/div><\/div>\n\n\n\n<p><\/p>\n\n\n\n<div class=\"wp-block-cover\"><span aria-hidden=\"true\" class=\"wp-block-cover__background has-background-dim-20 has-background-dim\"><\/span><img loading=\"lazy\" decoding=\"async\" width=\"1024\" height=\"683\" class=\"wp-block-cover__image-background wp-image-282\" alt=\"\" src=\"https:\/\/virginietauteure.com\/wp-content\/uploads\/2023\/02\/sad-2042536_1920-1024x683.jpg\" style=\"object-position:48% 33%\" data-object-fit=\"cover\" data-object-position=\"48% 33%\" srcset=\"https:\/\/virginietauteure.com\/wp-content\/uploads\/2023\/02\/sad-2042536_1920-1024x683.jpg 1024w, https:\/\/virginietauteure.com\/wp-content\/uploads\/2023\/02\/sad-2042536_1920-300x200.jpg 300w, https:\/\/virginietauteure.com\/wp-content\/uploads\/2023\/02\/sad-2042536_1920-768x512.jpg 768w, https:\/\/virginietauteure.com\/wp-content\/uploads\/2023\/02\/sad-2042536_1920-1536x1024.jpg 1536w, https:\/\/virginietauteure.com\/wp-content\/uploads\/2023\/02\/sad-2042536_1920-90x60.jpg 90w, https:\/\/virginietauteure.com\/wp-content\/uploads\/2023\/02\/sad-2042536_1920-370x247.jpg 370w, https:\/\/virginietauteure.com\/wp-content\/uploads\/2023\/02\/sad-2042536_1920-776x517.jpg 776w, https:\/\/virginietauteure.com\/wp-content\/uploads\/2023\/02\/sad-2042536_1920-1320x880.jpg 1320w, https:\/\/virginietauteure.com\/wp-content\/uploads\/2023\/02\/sad-2042536_1920-600x400.jpg 600w, https:\/\/virginietauteure.com\/wp-content\/uploads\/2023\/02\/sad-2042536_1920.jpg 1920w\" sizes=\"auto, (max-width: 1024px) 100vw, 1024px\" \/><div class=\"wp-block-cover__inner-container is-layout-flow wp-block-cover-is-layout-flow\">\n<p class=\"has-text-align-center has-large-font-size\">Elles n&rsquo;ont jamais cru aux anges gardiens, mais elles seront leur r\u00e9demption<\/p>\n<\/div><\/div>\n\n\n\n<p class=\"has-text-align-justify\">Les d\u00e9chus sont des anges gardiens condamn\u00e9s \u00e0 l&rsquo;exil apr\u00e8s avoir \u00e9chou\u00e9 dans leur mission. Ils forment une famille soud\u00e9e, forg\u00e9e dans les \u00e9preuves. Rien ne les a pr\u00e9par\u00e9 \u00e0 reprendre leur r\u00f4le d&rsquo;ange gardien dont ils ne veulent plus. Le destin a plac\u00e9 ces femmes sur leur chemin et rien ne pourras les emp\u00eacher de leur venir en aide, pas m\u00eame leur conviction qu&rsquo;ils ne m\u00e9ritent pas de seconde chance.<\/p>\n\n\n<div class=\"wp-block-image\">\n<figure class=\"aligncenter size-large\"><img loading=\"lazy\" decoding=\"async\" width=\"1024\" height=\"772\" src=\"https:\/\/virginietauteure.com\/wp-content\/uploads\/2023\/02\/AdobeStock_3-1024x772.jpeg\" alt=\"\" class=\"wp-image-283\" srcset=\"https:\/\/virginietauteure.com\/wp-content\/uploads\/2023\/02\/AdobeStock_3-1024x772.jpeg 1024w, https:\/\/virginietauteure.com\/wp-content\/uploads\/2023\/02\/AdobeStock_3-300x226.jpeg 300w, https:\/\/virginietauteure.com\/wp-content\/uploads\/2023\/02\/AdobeStock_3-768x579.jpeg 768w, https:\/\/virginietauteure.com\/wp-content\/uploads\/2023\/02\/AdobeStock_3-1536x1158.jpeg 1536w, https:\/\/virginietauteure.com\/wp-content\/uploads\/2023\/02\/AdobeStock_3-2048x1544.jpeg 2048w, https:\/\/virginietauteure.com\/wp-content\/uploads\/2023\/02\/AdobeStock_3-80x60.jpeg 80w, https:\/\/virginietauteure.com\/wp-content\/uploads\/2023\/02\/AdobeStock_3-110x83.jpeg 110w, https:\/\/virginietauteure.com\/wp-content\/uploads\/2023\/02\/AdobeStock_3-1320x995.jpeg 1320w, https:\/\/virginietauteure.com\/wp-content\/uploads\/2023\/02\/AdobeStock_3-600x452.jpeg 600w\" sizes=\"auto, (max-width: 1024px) 100vw, 1024px\" \/><\/figure>\n<\/div>\n\n\n<p><\/p>\n\n\n<div class=\"wp-block-image\">\n<figure class=\"aligncenter size-large\"><img loading=\"lazy\" decoding=\"async\" width=\"1024\" height=\"651\" src=\"https:\/\/virginietauteure.com\/wp-content\/uploads\/2023\/02\/ange-dechu-1-1024x651.jpg\" alt=\"\" class=\"wp-image-285\" srcset=\"https:\/\/virginietauteure.com\/wp-content\/uploads\/2023\/02\/ange-dechu-1-1024x651.jpg 1024w, https:\/\/virginietauteure.com\/wp-content\/uploads\/2023\/02\/ange-dechu-1-300x191.jpg 300w, https:\/\/virginietauteure.com\/wp-content\/uploads\/2023\/02\/ange-dechu-1-768x488.jpg 768w, https:\/\/virginietauteure.com\/wp-content\/uploads\/2023\/02\/ange-dechu-1-1536x976.jpg 1536w, https:\/\/virginietauteure.com\/wp-content\/uploads\/2023\/02\/ange-dechu-1-94x60.jpg 94w, https:\/\/virginietauteure.com\/wp-content\/uploads\/2023\/02\/ange-dechu-1-1320x839.jpg 1320w, https:\/\/virginietauteure.com\/wp-content\/uploads\/2023\/02\/ange-dechu-1-600x381.jpg 600w, https:\/\/virginietauteure.com\/wp-content\/uploads\/2023\/02\/ange-dechu-1.jpg 1810w\" sizes=\"auto, (max-width: 1024px) 100vw, 1024px\" \/><\/figure>\n<\/div>\n\n\n<p><\/p>\n\n\n<div class=\"wp-block-image\">\n<figure class=\"aligncenter size-large\"><img loading=\"lazy\" decoding=\"async\" width=\"1024\" height=\"683\" src=\"https:\/\/virginietauteure.com\/wp-content\/uploads\/2023\/02\/ange-dechu-2-1024x683.jpg\" alt=\"\" class=\"wp-image-286\" srcset=\"https:\/\/virginietauteure.com\/wp-content\/uploads\/2023\/02\/ange-dechu-2-1024x683.jpg 1024w, https:\/\/virginietauteure.com\/wp-content\/uploads\/2023\/02\/ange-dechu-2-300x200.jpg 300w, https:\/\/virginietauteure.com\/wp-content\/uploads\/2023\/02\/ange-dechu-2-768x512.jpg 768w, https:\/\/virginietauteure.com\/wp-content\/uploads\/2023\/02\/ange-dechu-2-1536x1024.jpg 1536w, https:\/\/virginietauteure.com\/wp-content\/uploads\/2023\/02\/ange-dechu-2-90x60.jpg 90w, https:\/\/virginietauteure.com\/wp-content\/uploads\/2023\/02\/ange-dechu-2-370x247.jpg 370w, https:\/\/virginietauteure.com\/wp-content\/uploads\/2023\/02\/ange-dechu-2-776x517.jpg 776w, https:\/\/virginietauteure.com\/wp-content\/uploads\/2023\/02\/ange-dechu-2-1320x880.jpg 1320w, https:\/\/virginietauteure.com\/wp-content\/uploads\/2023\/02\/ange-dechu-2-600x400.jpg 600w, https:\/\/virginietauteure.com\/wp-content\/uploads\/2023\/02\/ange-dechu-2.jpg 1920w\" sizes=\"auto, (max-width: 1024px) 100vw, 1024px\" \/><\/figure>\n<\/div>\n\n\n<p><\/p>\n\n\n<div class=\"wp-block-image\">\n<figure class=\"aligncenter size-large\"><img loading=\"lazy\" decoding=\"async\" width=\"1024\" height=\"818\" src=\"https:\/\/virginietauteure.com\/wp-content\/uploads\/2023\/02\/ange-dechu-3-1024x818.jpg\" alt=\"\" class=\"wp-image-288\" srcset=\"https:\/\/virginietauteure.com\/wp-content\/uploads\/2023\/02\/ange-dechu-3-1024x818.jpg 1024w, https:\/\/virginietauteure.com\/wp-content\/uploads\/2023\/02\/ange-dechu-3-300x240.jpg 300w, https:\/\/virginietauteure.com\/wp-content\/uploads\/2023\/02\/ange-dechu-3-768x613.jpg 768w, https:\/\/virginietauteure.com\/wp-content\/uploads\/2023\/02\/ange-dechu-3-1536x1226.jpg 1536w, https:\/\/virginietauteure.com\/wp-content\/uploads\/2023\/02\/ange-dechu-3-2048x1635.jpg 2048w, https:\/\/virginietauteure.com\/wp-content\/uploads\/2023\/02\/ange-dechu-3-75x60.jpg 75w, https:\/\/virginietauteure.com\/wp-content\/uploads\/2023\/02\/ange-dechu-3-1320x1054.jpg 1320w, https:\/\/virginietauteure.com\/wp-content\/uploads\/2023\/02\/ange-dechu-3-600x479.jpg 600w\" sizes=\"auto, (max-width: 1024px) 100vw, 1024px\" \/><\/figure>\n<\/div>\n\n\n<p><\/p>\n\n\n<div class=\"wp-block-image\">\n<figure class=\"aligncenter size-large\"><img loading=\"lazy\" decoding=\"async\" width=\"1024\" height=\"660\" src=\"https:\/\/virginietauteure.com\/wp-content\/uploads\/2023\/02\/extraitdechu4-1024x660.jpg\" alt=\"\" class=\"wp-image-289\" srcset=\"https:\/\/virginietauteure.com\/wp-content\/uploads\/2023\/02\/extraitdechu4-1024x660.jpg 1024w, https:\/\/virginietauteure.com\/wp-content\/uploads\/2023\/02\/extraitdechu4-300x193.jpg 300w, https:\/\/virginietauteure.com\/wp-content\/uploads\/2023\/02\/extraitdechu4-768x495.jpg 768w, https:\/\/virginietauteure.com\/wp-content\/uploads\/2023\/02\/extraitdechu4-1536x989.jpg 1536w, https:\/\/virginietauteure.com\/wp-content\/uploads\/2023\/02\/extraitdechu4-2048x1319.jpg 2048w, https:\/\/virginietauteure.com\/wp-content\/uploads\/2023\/02\/extraitdechu4-93x60.jpg 93w, https:\/\/virginietauteure.com\/wp-content\/uploads\/2023\/02\/extraitdechu4-1320x850.jpg 1320w, https:\/\/virginietauteure.com\/wp-content\/uploads\/2023\/02\/extraitdechu4-600x387.jpg 600w\" sizes=\"auto, (max-width: 1024px) 100vw, 1024px\" \/><\/figure>\n<\/div>\n\n\n<p><\/p>\n\n\n<div class=\"wp-block-image\">\n<figure class=\"aligncenter size-large\"><img loading=\"lazy\" decoding=\"async\" width=\"1024\" height=\"778\" src=\"https:\/\/virginietauteure.com\/wp-content\/uploads\/2023\/02\/dechus-5-1024x778.jpg\" alt=\"\" class=\"wp-image-290\" srcset=\"https:\/\/virginietauteure.com\/wp-content\/uploads\/2023\/02\/dechus-5-1024x778.jpg 1024w, https:\/\/virginietauteure.com\/wp-content\/uploads\/2023\/02\/dechus-5-300x228.jpg 300w, https:\/\/virginietauteure.com\/wp-content\/uploads\/2023\/02\/dechus-5-768x584.jpg 768w, https:\/\/virginietauteure.com\/wp-content\/uploads\/2023\/02\/dechus-5-1536x1167.jpg 1536w, https:\/\/virginietauteure.com\/wp-content\/uploads\/2023\/02\/dechus-5-79x60.jpg 79w, https:\/\/virginietauteure.com\/wp-content\/uploads\/2023\/02\/dechus-5-110x83.jpg 110w, https:\/\/virginietauteure.com\/wp-content\/uploads\/2023\/02\/dechus-5-1320x1003.jpg 1320w, https:\/\/virginietauteure.com\/wp-content\/uploads\/2023\/02\/dechus-5-600x456.jpg 600w, https:\/\/virginietauteure.com\/wp-content\/uploads\/2023\/02\/dechus-5.jpg 1920w\" sizes=\"auto, (max-width: 1024px) 100vw, 1024px\" \/><\/figure>\n<\/div>\n\n\n<p><\/p>\n\n\n<div class=\"wp-block-image\">\n<figure class=\"aligncenter size-large\"><img loading=\"lazy\" decoding=\"async\" width=\"1024\" height=\"683\" src=\"https:\/\/virginietauteure.com\/wp-content\/uploads\/2023\/02\/abaddon1-1024x683.jpg\" alt=\"\" class=\"wp-image-291\" srcset=\"https:\/\/virginietauteure.com\/wp-content\/uploads\/2023\/02\/abaddon1-1024x683.jpg 1024w, https:\/\/virginietauteure.com\/wp-content\/uploads\/2023\/02\/abaddon1-300x200.jpg 300w, https:\/\/virginietauteure.com\/wp-content\/uploads\/2023\/02\/abaddon1-768x512.jpg 768w, https:\/\/virginietauteure.com\/wp-content\/uploads\/2023\/02\/abaddon1-1536x1024.jpg 1536w, https:\/\/virginietauteure.com\/wp-content\/uploads\/2023\/02\/abaddon1-90x60.jpg 90w, https:\/\/virginietauteure.com\/wp-content\/uploads\/2023\/02\/abaddon1-370x247.jpg 370w, https:\/\/virginietauteure.com\/wp-content\/uploads\/2023\/02\/abaddon1-776x517.jpg 776w, https:\/\/virginietauteure.com\/wp-content\/uploads\/2023\/02\/abaddon1-1320x880.jpg 1320w, https:\/\/virginietauteure.com\/wp-content\/uploads\/2023\/02\/abaddon1-600x400.jpg 600w, https:\/\/virginietauteure.com\/wp-content\/uploads\/2023\/02\/abaddon1.jpg 1920w\" sizes=\"auto, (max-width: 1024px) 100vw, 1024px\" \/><\/figure>\n<\/div>","protected":false},"excerpt":{"rendered":"<p>Saga en six tomes, tous parus. Tous les tomes sont ind\u00e9pendants Les d\u00e9chus sont des anges gardiens condamn\u00e9s \u00e0 l&rsquo;exil apr\u00e8s avoir \u00e9chou\u00e9 dans leur mission. Ils forment une famille &hellip; <\/p>\n","protected":false},"author":1,"featured_media":0,"parent":0,"menu_order":0,"comment_status":"closed","ping_status":"closed","template":"","meta":{"footnotes":""},"class_list":["post-48","page","type-page","status-publish","hentry"],"jetpack-related-posts":[],"jetpack_sharing_enabled":true,"_links":{"self":[{"href":"https:\/\/virginietauteure.com\/index.php?rest_route=\/wp\/v2\/pages\/48","targetHints":{"allow":["GET"]}}],"collection":[{"href":"https:\/\/virginietauteure.com\/index.php?rest_route=\/wp\/v2\/pages"}],"about":[{"href":"https:\/\/virginietauteure.com\/index.php?rest_route=\/wp\/v2\/types\/page"}],"author":[{"embeddable":true,"href":"https:\/\/virginietauteure.com\/index.php?rest_route=\/wp\/v2\/users\/1"}],"replies":[{"embeddable":true,"href":"https:\/\/virginietauteure.com\/index.php?rest_route=%2Fwp%2Fv2%2Fcomments&post=48"}],"version-history":[{"count":5,"href":"https:\/\/virginietauteure.com\/index.php?rest_route=\/wp\/v2\/pages\/48\/revisions"}],"predecessor-version":[{"id":309,"href":"https:\/\/virginietauteure.com\/index.php?rest_route=\/wp\/v2\/pages\/48\/revisions\/309"}],"wp:attachment":[{"href":"https:\/\/virginietauteure.com\/index.php?rest_route=%2Fwp%2Fv2%2Fmedia&parent=48"}],"curies":[{"name":"wp","href":"https:\/\/api.w.org\/{rel}","templated":true}]}}