{"id":54,"date":"2023-02-13T12:28:36","date_gmt":"2023-02-13T12:28:36","guid":{"rendered":"http:\/\/virginietauteure.com\/?page_id=54"},"modified":"2024-03-09T10:49:45","modified_gmt":"2024-03-09T09:49:45","slug":"one-shot-2","status":"publish","type":"page","link":"https:\/\/virginietauteure.com\/?page_id=54","title":{"rendered":"Le royaume d&rsquo;Aseron"},"content":{"rendered":"\n<p class=\"has-text-align-center has-vivid-red-color has-text-color has-x-large-font-size\"><strong>Reine en devenir<\/strong><\/p>\n\n\n\n<p>Je me suis embarqu\u00e9e dans un voyage sans retour. Je pensais avoir fait le bon choix en suivant Simon.<\/p>\n\n\n\n<figure class=\"wp-block-image size-large\"><img loading=\"lazy\" decoding=\"async\" width=\"1024\" height=\"554\" src=\"https:\/\/virginietauteure.com\/wp-content\/uploads\/2023\/03\/spaceship-gf4ed9f972_1920-1024x554.jpg\" alt=\"\" class=\"wp-image-395\" srcset=\"https:\/\/virginietauteure.com\/wp-content\/uploads\/2023\/03\/spaceship-gf4ed9f972_1920-1024x554.jpg 1024w, https:\/\/virginietauteure.com\/wp-content\/uploads\/2023\/03\/spaceship-gf4ed9f972_1920-300x162.jpg 300w, https:\/\/virginietauteure.com\/wp-content\/uploads\/2023\/03\/spaceship-gf4ed9f972_1920-768x416.jpg 768w, https:\/\/virginietauteure.com\/wp-content\/uploads\/2023\/03\/spaceship-gf4ed9f972_1920-1536x831.jpg 1536w, https:\/\/virginietauteure.com\/wp-content\/uploads\/2023\/03\/spaceship-gf4ed9f972_1920-111x60.jpg 111w, https:\/\/virginietauteure.com\/wp-content\/uploads\/2023\/03\/spaceship-gf4ed9f972_1920-1320x714.jpg 1320w, https:\/\/virginietauteure.com\/wp-content\/uploads\/2023\/03\/spaceship-gf4ed9f972_1920-600x325.jpg 600w, https:\/\/virginietauteure.com\/wp-content\/uploads\/2023\/03\/spaceship-gf4ed9f972_1920.jpg 1920w\" sizes=\"auto, (max-width: 1024px) 100vw, 1024px\" \/><\/figure>\n\n\n\n<p>Aujourd&rsquo;hui, je n&rsquo;en suis plus aussi s\u00fbre. Mon fianc\u00e9 n&rsquo;est plus l\u00e0 et l&rsquo;\u00e9quipage \u00e0 bord est \u00e9trange.<\/p>\n\n\n\n<p>Je pensais mourir en traversant le trou noir, mais rien ne s&rsquo;est pass\u00e9e comme pr\u00e9vu.<\/p>\n\n\n\n<figure class=\"wp-block-image size-large\"><img loading=\"lazy\" decoding=\"async\" width=\"1024\" height=\"614\" src=\"https:\/\/virginietauteure.com\/wp-content\/uploads\/2023\/03\/wormhole-g7681d2a20_1920-1024x614.jpg\" alt=\"\" class=\"wp-image-396\" srcset=\"https:\/\/virginietauteure.com\/wp-content\/uploads\/2023\/03\/wormhole-g7681d2a20_1920-1024x614.jpg 1024w, https:\/\/virginietauteure.com\/wp-content\/uploads\/2023\/03\/wormhole-g7681d2a20_1920-300x180.jpg 300w, https:\/\/virginietauteure.com\/wp-content\/uploads\/2023\/03\/wormhole-g7681d2a20_1920-768x461.jpg 768w, https:\/\/virginietauteure.com\/wp-content\/uploads\/2023\/03\/wormhole-g7681d2a20_1920-1536x922.jpg 1536w, https:\/\/virginietauteure.com\/wp-content\/uploads\/2023\/03\/wormhole-g7681d2a20_1920-100x60.jpg 100w, https:\/\/virginietauteure.com\/wp-content\/uploads\/2023\/03\/wormhole-g7681d2a20_1920-1320x792.jpg 1320w, https:\/\/virginietauteure.com\/wp-content\/uploads\/2023\/03\/wormhole-g7681d2a20_1920-600x360.jpg 600w, https:\/\/virginietauteure.com\/wp-content\/uploads\/2023\/03\/wormhole-g7681d2a20_1920.jpg 1920w\" sizes=\"auto, (max-width: 1024px) 100vw, 1024px\" \/><\/figure>\n\n\n\n<p>Qui aurait cru que tout un monde se cachait derri\u00e8re? <\/p>\n\n\n\n<p>A pr\u00e9sent, je dois composer avec les Dr\u00e9rot sur une plan\u00e8te qui semble vouloir ma mort. \u00catre la seule humaine sur Aseron ne semble poser de soucis qu&rsquo;\u00e0 moi-m\u00eame. Akaill et Tigzal attendent tous deux quelque chose de moi, sauf que j&rsquo;ignore quoi.<\/p>\n\n\n\n<figure class=\"wp-block-image size-large\"><img loading=\"lazy\" decoding=\"async\" width=\"842\" height=\"1024\" src=\"https:\/\/virginietauteure.com\/wp-content\/uploads\/2023\/03\/monster-g11148cbe7_1280-842x1024.png\" alt=\"\" class=\"wp-image-397\" srcset=\"https:\/\/virginietauteure.com\/wp-content\/uploads\/2023\/03\/monster-g11148cbe7_1280-842x1024.png 842w, https:\/\/virginietauteure.com\/wp-content\/uploads\/2023\/03\/monster-g11148cbe7_1280-247x300.png 247w, https:\/\/virginietauteure.com\/wp-content\/uploads\/2023\/03\/monster-g11148cbe7_1280-768x934.png 768w, https:\/\/virginietauteure.com\/wp-content\/uploads\/2023\/03\/monster-g11148cbe7_1280-49x60.png 49w, https:\/\/virginietauteure.com\/wp-content\/uploads\/2023\/03\/monster-g11148cbe7_1280-600x730.png 600w, https:\/\/virginietauteure.com\/wp-content\/uploads\/2023\/03\/monster-g11148cbe7_1280.png 1052w\" sizes=\"auto, (max-width: 842px) 100vw, 842px\" \/><\/figure>\n\n\n\n<p>Mes ennemis sont nombreux et j&rsquo;ai des difficult\u00e9s \u00e0 diff\u00e9rencier mes amis de mes ennemis. Je vais devoir y arriver pour trouver ma place sur cette \u00e9trange plan\u00e8te<\/p>\n\n\n\n<figure class=\"wp-block-image size-large\"><img loading=\"lazy\" decoding=\"async\" width=\"1024\" height=\"640\" src=\"https:\/\/virginietauteure.com\/wp-content\/uploads\/2023\/03\/monster-gb1d81098e_1920-1024x640.jpg\" alt=\"\" class=\"wp-image-398\" srcset=\"https:\/\/virginietauteure.com\/wp-content\/uploads\/2023\/03\/monster-gb1d81098e_1920-1024x640.jpg 1024w, https:\/\/virginietauteure.com\/wp-content\/uploads\/2023\/03\/monster-gb1d81098e_1920-300x188.jpg 300w, https:\/\/virginietauteure.com\/wp-content\/uploads\/2023\/03\/monster-gb1d81098e_1920-768x480.jpg 768w, https:\/\/virginietauteure.com\/wp-content\/uploads\/2023\/03\/monster-gb1d81098e_1920-1536x960.jpg 1536w, https:\/\/virginietauteure.com\/wp-content\/uploads\/2023\/03\/monster-gb1d81098e_1920-96x60.jpg 96w, https:\/\/virginietauteure.com\/wp-content\/uploads\/2023\/03\/monster-gb1d81098e_1920-1320x825.jpg 1320w, https:\/\/virginietauteure.com\/wp-content\/uploads\/2023\/03\/monster-gb1d81098e_1920-600x375.jpg 600w, https:\/\/virginietauteure.com\/wp-content\/uploads\/2023\/03\/monster-gb1d81098e_1920.jpg 1920w\" sizes=\"auto, (max-width: 1024px) 100vw, 1024px\" \/><\/figure>\n\n\n\n<h2 class=\"wp-block-heading has-text-align-center has-vivid-red-color has-text-color has-link-color has-x-large-font-size wp-elements-e1180fae421ff99fa2da914c17d6ca3f\">L&rsquo;ascension d&rsquo;une reine<\/h2>\n\n\n\n<p>Je pensais trouver enfin la paix parmi cette plan\u00e8te d&rsquo;adoption<\/p>\n\n\n\n<figure class=\"wp-block-image size-full\"><img loading=\"lazy\" decoding=\"async\" width=\"1024\" height=\"1024\" src=\"https:\/\/virginietauteure.com\/wp-content\/uploads\/2024\/03\/400862803_1049886782875673_3433951558417112927_n1.jpg\" alt=\"\" class=\"wp-image-590\" srcset=\"https:\/\/virginietauteure.com\/wp-content\/uploads\/2024\/03\/400862803_1049886782875673_3433951558417112927_n1.jpg 1024w, https:\/\/virginietauteure.com\/wp-content\/uploads\/2024\/03\/400862803_1049886782875673_3433951558417112927_n1-300x300.jpg 300w, https:\/\/virginietauteure.com\/wp-content\/uploads\/2024\/03\/400862803_1049886782875673_3433951558417112927_n1-150x150.jpg 150w, https:\/\/virginietauteure.com\/wp-content\/uploads\/2024\/03\/400862803_1049886782875673_3433951558417112927_n1-768x768.jpg 768w, https:\/\/virginietauteure.com\/wp-content\/uploads\/2024\/03\/400862803_1049886782875673_3433951558417112927_n1-60x60.jpg 60w, https:\/\/virginietauteure.com\/wp-content\/uploads\/2024\/03\/400862803_1049886782875673_3433951558417112927_n1-600x600.jpg 600w\" sizes=\"auto, (max-width: 1024px) 100vw, 1024px\" \/><\/figure>\n\n\n\n<p>Malheureusement, tout danger n&rsquo;est pas \u00e9cart\u00e9. Le danger r\u00f4de aux alentours et les complots n&rsquo;ont jamais \u00e9t\u00e9 aussi proches de nous d\u00e9truire<\/p>\n\n\n<div class=\"wp-block-image\">\n<figure class=\"aligncenter size-full\"><img loading=\"lazy\" decoding=\"async\" width=\"387\" height=\"525\" src=\"https:\/\/virginietauteure.com\/wp-content\/uploads\/2024\/03\/Capture-decran-2023-11-30-090649.png\" alt=\"\" class=\"wp-image-591\" srcset=\"https:\/\/virginietauteure.com\/wp-content\/uploads\/2024\/03\/Capture-decran-2023-11-30-090649.png 387w, https:\/\/virginietauteure.com\/wp-content\/uploads\/2024\/03\/Capture-decran-2023-11-30-090649-221x300.png 221w, https:\/\/virginietauteure.com\/wp-content\/uploads\/2024\/03\/Capture-decran-2023-11-30-090649-44x60.png 44w\" sizes=\"auto, (max-width: 387px) 100vw, 387px\" \/><\/figure>\n<\/div>\n\n\n<p>Je vais une nouvelle fois devoir me battre pour survivre et j&rsquo;esp\u00e8re ne pas y laisser mon c\u0153ur au passage<\/p>\n\n\n\n<figure class=\"wp-block-image size-full\"><img loading=\"lazy\" decoding=\"async\" width=\"1024\" height=\"1024\" src=\"https:\/\/virginietauteure.com\/wp-content\/uploads\/2024\/03\/399898171_857692952502342_1120620188969631437_n.jpg\" alt=\"\" class=\"wp-image-592\" srcset=\"https:\/\/virginietauteure.com\/wp-content\/uploads\/2024\/03\/399898171_857692952502342_1120620188969631437_n.jpg 1024w, https:\/\/virginietauteure.com\/wp-content\/uploads\/2024\/03\/399898171_857692952502342_1120620188969631437_n-300x300.jpg 300w, https:\/\/virginietauteure.com\/wp-content\/uploads\/2024\/03\/399898171_857692952502342_1120620188969631437_n-150x150.jpg 150w, https:\/\/virginietauteure.com\/wp-content\/uploads\/2024\/03\/399898171_857692952502342_1120620188969631437_n-768x768.jpg 768w, https:\/\/virginietauteure.com\/wp-content\/uploads\/2024\/03\/399898171_857692952502342_1120620188969631437_n-60x60.jpg 60w, https:\/\/virginietauteure.com\/wp-content\/uploads\/2024\/03\/399898171_857692952502342_1120620188969631437_n-600x600.jpg 600w\" sizes=\"auto, (max-width: 1024px) 100vw, 1024px\" \/><\/figure>\n","protected":false},"excerpt":{"rendered":"<p>Reine en devenir Je me suis embarqu\u00e9e dans un voyage sans retour. Je pensais avoir fait le bon choix en suivant Simon. Aujourd&rsquo;hui, je n&rsquo;en suis plus aussi s\u00fbre. Mon &hellip; <\/p>\n","protected":false},"author":1,"featured_media":0,"parent":0,"menu_order":0,"comment_status":"closed","ping_status":"closed","template":"","meta":{"footnotes":""},"class_list":["post-54","page","type-page","status-publish","hentry"],"jetpack-related-posts":[],"jetpack_sharing_enabled":true,"_links":{"self":[{"href":"https:\/\/virginietauteure.com\/index.php?rest_route=\/wp\/v2\/pages\/54","targetHints":{"allow":["GET"]}}],"collection":[{"href":"https:\/\/virginietauteure.com\/index.php?rest_route=\/wp\/v2\/pages"}],"about":[{"href":"https:\/\/virginietauteure.com\/index.php?rest_route=\/wp\/v2\/types\/page"}],"author":[{"embeddable":true,"href":"https:\/\/virginietauteure.com\/index.php?rest_route=\/wp\/v2\/users\/1"}],"replies":[{"embeddable":true,"href":"https:\/\/virginietauteure.com\/index.php?rest_route=%2Fwp%2Fv2%2Fcomments&post=54"}],"version-history":[{"count":3,"href":"https:\/\/virginietauteure.com\/index.php?rest_route=\/wp\/v2\/pages\/54\/revisions"}],"predecessor-version":[{"id":593,"href":"https:\/\/virginietauteure.com\/index.php?rest_route=\/wp\/v2\/pages\/54\/revisions\/593"}],"wp:attachment":[{"href":"https:\/\/virginietauteure.com\/index.php?rest_route=%2Fwp%2Fv2%2Fmedia&parent=54"}],"curies":[{"name":"wp","href":"https:\/\/api.w.org\/{rel}","templated":true}]}}