{"id":56,"date":"2023-02-13T12:28:36","date_gmt":"2023-02-13T12:28:36","guid":{"rendered":"http:\/\/virginietauteure.com\/?page_id=56"},"modified":"2023-02-23T17:24:45","modified_gmt":"2023-02-23T16:24:45","slug":"nephilims","status":"publish","type":"page","link":"https:\/\/virginietauteure.com\/?page_id=56","title":{"rendered":"Nephilims"},"content":{"rendered":"\n<p class=\"has-text-align-center\">Duologie spin-off des anges d\u00e9chus. Peut-\u00eatre lus ind\u00e9pendamment de la saga originelle<\/p>\n\n\n\n<p class=\"has-text-align-center has-medium-font-size\"><strong>Entre amour et amiti\u00e9 profonde, la fronti\u00e8re est mince, surtout lorsque la famille s&rsquo;en m\u00eale et que les enjeux sont grands<\/strong><\/p>\n\n\n\n<div class=\"wp-block-cover is-light\"><span aria-hidden=\"true\" class=\"wp-block-cover__background has-background-dim-0 has-background-dim\"><\/span><img loading=\"lazy\" decoding=\"async\" width=\"1024\" height=\"683\" class=\"wp-block-cover__image-background wp-image-298\" alt=\"\" src=\"https:\/\/virginietauteure.com\/wp-content\/uploads\/2023\/02\/123015859_l-1024x683.jpg\" style=\"object-position:54% 41%\" data-object-fit=\"cover\" data-object-position=\"54% 41%\" srcset=\"https:\/\/virginietauteure.com\/wp-content\/uploads\/2023\/02\/123015859_l-1024x683.jpg 1024w, https:\/\/virginietauteure.com\/wp-content\/uploads\/2023\/02\/123015859_l-300x200.jpg 300w, https:\/\/virginietauteure.com\/wp-content\/uploads\/2023\/02\/123015859_l-768x512.jpg 768w, https:\/\/virginietauteure.com\/wp-content\/uploads\/2023\/02\/123015859_l-1536x1024.jpg 1536w, https:\/\/virginietauteure.com\/wp-content\/uploads\/2023\/02\/123015859_l-2048x1365.jpg 2048w, https:\/\/virginietauteure.com\/wp-content\/uploads\/2023\/02\/123015859_l-90x60.jpg 90w, https:\/\/virginietauteure.com\/wp-content\/uploads\/2023\/02\/123015859_l-370x247.jpg 370w, https:\/\/virginietauteure.com\/wp-content\/uploads\/2023\/02\/123015859_l-776x517.jpg 776w, https:\/\/virginietauteure.com\/wp-content\/uploads\/2023\/02\/123015859_l-1320x880.jpg 1320w, https:\/\/virginietauteure.com\/wp-content\/uploads\/2023\/02\/123015859_l-600x400.jpg 600w\" sizes=\"auto, (max-width: 1024px) 100vw, 1024px\" \/><div class=\"wp-block-cover__inner-container is-layout-flow wp-block-cover-is-layout-flow\">\n<p class=\"has-text-align-center has-large-font-size\"><\/p>\n\n\n\n<p class=\"has-text-align-center has-black-color has-text-color has-large-font-size\">Les anges gardiens sont sur le point de disparaitre tandis que les nephilims coulent des jours heureux sur terre aupr\u00e8s de leur parents. Pourtant, l&rsquo;heure des choix s&rsquo;annonce difficile. Angela sait qui son c\u0153ur a choisi, mais prendre cette d\u00e9cision fera exploser le monde qu&rsquo;elle affectionne.<\/p>\n<\/div><\/div>\n\n\n\n<p><\/p>\n\n\n\n<div class=\"wp-block-cover is-light\"><span aria-hidden=\"true\" class=\"wp-block-cover__background has-background-dim-0 has-background-dim\"><\/span><img loading=\"lazy\" decoding=\"async\" width=\"1024\" height=\"576\" class=\"wp-block-cover__image-background wp-image-299\" alt=\"\" src=\"https:\/\/virginietauteure.com\/wp-content\/uploads\/2023\/02\/angel-gb332eb171_1920-1024x576.jpg\" style=\"object-position:52% 42%\" data-object-fit=\"cover\" data-object-position=\"52% 42%\" srcset=\"https:\/\/virginietauteure.com\/wp-content\/uploads\/2023\/02\/angel-gb332eb171_1920-1024x576.jpg 1024w, https:\/\/virginietauteure.com\/wp-content\/uploads\/2023\/02\/angel-gb332eb171_1920-300x169.jpg 300w, https:\/\/virginietauteure.com\/wp-content\/uploads\/2023\/02\/angel-gb332eb171_1920-768x432.jpg 768w, https:\/\/virginietauteure.com\/wp-content\/uploads\/2023\/02\/angel-gb332eb171_1920-1536x864.jpg 1536w, https:\/\/virginietauteure.com\/wp-content\/uploads\/2023\/02\/angel-gb332eb171_1920-107x60.jpg 107w, https:\/\/virginietauteure.com\/wp-content\/uploads\/2023\/02\/angel-gb332eb171_1920-1320x743.jpg 1320w, https:\/\/virginietauteure.com\/wp-content\/uploads\/2023\/02\/angel-gb332eb171_1920-600x338.jpg 600w, https:\/\/virginietauteure.com\/wp-content\/uploads\/2023\/02\/angel-gb332eb171_1920.jpg 1920w\" sizes=\"auto, (max-width: 1024px) 100vw, 1024px\" \/><div class=\"wp-block-cover__inner-container is-layout-flow wp-block-cover-is-layout-flow\">\n<p class=\"has-text-align-center has-large-font-size\">Toutefois, lorsque le voile qui s\u00e9pare le monde des anges de celui des humains prend feu, il n&rsquo;est plus temps de tergiverser. D\u00e9sormais, l&rsquo;avenir du monde repose sur les \u00e9paules des nephilims. Ils se doivent d&rsquo;arr\u00eater celui qui a pourfendu le voile en d\u00e9truisant l&rsquo;Ange Ultime. Les enfants des d\u00e9chus vont devoir se serrer les coudes pour survivre et sauver les deux mondes. Encore faut-il qu&rsquo;ils en soient capables.<\/p>\n<\/div><\/div>\n\n\n\n<p><\/p>\n\n\n<div class=\"wp-block-image\">\n<figure class=\"aligncenter size-large\"><img loading=\"lazy\" decoding=\"async\" width=\"1024\" height=\"819\" src=\"https:\/\/virginietauteure.com\/wp-content\/uploads\/2023\/02\/nephilims1-1-1024x819.jpg\" alt=\"\" class=\"wp-image-300\" srcset=\"https:\/\/virginietauteure.com\/wp-content\/uploads\/2023\/02\/nephilims1-1-1024x819.jpg 1024w, https:\/\/virginietauteure.com\/wp-content\/uploads\/2023\/02\/nephilims1-1-300x240.jpg 300w, https:\/\/virginietauteure.com\/wp-content\/uploads\/2023\/02\/nephilims1-1-768x614.jpg 768w, https:\/\/virginietauteure.com\/wp-content\/uploads\/2023\/02\/nephilims1-1-1536x1229.jpg 1536w, https:\/\/virginietauteure.com\/wp-content\/uploads\/2023\/02\/nephilims1-1-75x60.jpg 75w, https:\/\/virginietauteure.com\/wp-content\/uploads\/2023\/02\/nephilims1-1-1320x1056.jpg 1320w, https:\/\/virginietauteure.com\/wp-content\/uploads\/2023\/02\/nephilims1-1-600x480.jpg 600w, https:\/\/virginietauteure.com\/wp-content\/uploads\/2023\/02\/nephilims1-1.jpg 1920w\" sizes=\"auto, (max-width: 1024px) 100vw, 1024px\" \/><\/figure>\n<\/div>\n\n\n<p><\/p>\n\n\n<div class=\"wp-block-image\">\n<figure class=\"aligncenter size-large\"><img loading=\"lazy\" decoding=\"async\" width=\"1024\" height=\"683\" src=\"https:\/\/virginietauteure.com\/wp-content\/uploads\/2023\/02\/nephilims2-1-1024x683.jpg\" alt=\"\" class=\"wp-image-301\" srcset=\"https:\/\/virginietauteure.com\/wp-content\/uploads\/2023\/02\/nephilims2-1-1024x683.jpg 1024w, https:\/\/virginietauteure.com\/wp-content\/uploads\/2023\/02\/nephilims2-1-300x200.jpg 300w, https:\/\/virginietauteure.com\/wp-content\/uploads\/2023\/02\/nephilims2-1-768x512.jpg 768w, https:\/\/virginietauteure.com\/wp-content\/uploads\/2023\/02\/nephilims2-1-1536x1025.jpg 1536w, https:\/\/virginietauteure.com\/wp-content\/uploads\/2023\/02\/nephilims2-1-90x60.jpg 90w, https:\/\/virginietauteure.com\/wp-content\/uploads\/2023\/02\/nephilims2-1-370x247.jpg 370w, https:\/\/virginietauteure.com\/wp-content\/uploads\/2023\/02\/nephilims2-1-776x517.jpg 776w, https:\/\/virginietauteure.com\/wp-content\/uploads\/2023\/02\/nephilims2-1-1320x881.jpg 1320w, https:\/\/virginietauteure.com\/wp-content\/uploads\/2023\/02\/nephilims2-1-600x400.jpg 600w, https:\/\/virginietauteure.com\/wp-content\/uploads\/2023\/02\/nephilims2-1.jpg 1920w\" sizes=\"auto, (max-width: 1024px) 100vw, 1024px\" \/><\/figure>\n<\/div>\n\n\n<p><\/p>\n\n\n<div class=\"wp-block-image\">\n<figure class=\"aligncenter size-large\"><img loading=\"lazy\" decoding=\"async\" width=\"1024\" height=\"576\" src=\"https:\/\/virginietauteure.com\/wp-content\/uploads\/2023\/02\/redemption1-1-1024x576.jpg\" alt=\"\" class=\"wp-image-302\" srcset=\"https:\/\/virginietauteure.com\/wp-content\/uploads\/2023\/02\/redemption1-1-1024x576.jpg 1024w, https:\/\/virginietauteure.com\/wp-content\/uploads\/2023\/02\/redemption1-1-300x169.jpg 300w, https:\/\/virginietauteure.com\/wp-content\/uploads\/2023\/02\/redemption1-1-768x432.jpg 768w, https:\/\/virginietauteure.com\/wp-content\/uploads\/2023\/02\/redemption1-1-1536x864.jpg 1536w, https:\/\/virginietauteure.com\/wp-content\/uploads\/2023\/02\/redemption1-1-107x60.jpg 107w, https:\/\/virginietauteure.com\/wp-content\/uploads\/2023\/02\/redemption1-1-1320x743.jpg 1320w, https:\/\/virginietauteure.com\/wp-content\/uploads\/2023\/02\/redemption1-1-600x338.jpg 600w, https:\/\/virginietauteure.com\/wp-content\/uploads\/2023\/02\/redemption1-1.jpg 1920w\" sizes=\"auto, (max-width: 1024px) 100vw, 1024px\" \/><\/figure>\n<\/div>\n\n\n<p><\/p>\n\n\n<div class=\"wp-block-image\">\n<figure class=\"aligncenter size-large\"><img loading=\"lazy\" decoding=\"async\" width=\"1024\" height=\"1024\" src=\"https:\/\/virginietauteure.com\/wp-content\/uploads\/2023\/02\/redemption2-1024x1024.jpg\" alt=\"\" class=\"wp-image-297\" srcset=\"https:\/\/virginietauteure.com\/wp-content\/uploads\/2023\/02\/redemption2-1024x1024.jpg 1024w, https:\/\/virginietauteure.com\/wp-content\/uploads\/2023\/02\/redemption2-300x300.jpg 300w, https:\/\/virginietauteure.com\/wp-content\/uploads\/2023\/02\/redemption2-150x150.jpg 150w, https:\/\/virginietauteure.com\/wp-content\/uploads\/2023\/02\/redemption2-768x768.jpg 768w, https:\/\/virginietauteure.com\/wp-content\/uploads\/2023\/02\/redemption2-60x60.jpg 60w, https:\/\/virginietauteure.com\/wp-content\/uploads\/2023\/02\/redemption2-600x600.jpg 600w, https:\/\/virginietauteure.com\/wp-content\/uploads\/2023\/02\/redemption2.jpg 1280w\" sizes=\"auto, (max-width: 1024px) 100vw, 1024px\" \/><\/figure>\n<\/div>","protected":false},"excerpt":{"rendered":"<p>Duologie spin-off des anges d\u00e9chus. Peut-\u00eatre lus ind\u00e9pendamment de la saga originelle Entre amour et amiti\u00e9 profonde, la fronti\u00e8re est mince, surtout lorsque la famille s&rsquo;en m\u00eale et que les &hellip; <\/p>\n","protected":false},"author":1,"featured_media":0,"parent":0,"menu_order":0,"comment_status":"closed","ping_status":"closed","template":"","meta":{"footnotes":""},"class_list":["post-56","page","type-page","status-publish","hentry"],"jetpack-related-posts":[],"jetpack_sharing_enabled":true,"_links":{"self":[{"href":"https:\/\/virginietauteure.com\/index.php?rest_route=\/wp\/v2\/pages\/56","targetHints":{"allow":["GET"]}}],"collection":[{"href":"https:\/\/virginietauteure.com\/index.php?rest_route=\/wp\/v2\/pages"}],"about":[{"href":"https:\/\/virginietauteure.com\/index.php?rest_route=\/wp\/v2\/types\/page"}],"author":[{"embeddable":true,"href":"https:\/\/virginietauteure.com\/index.php?rest_route=\/wp\/v2\/users\/1"}],"replies":[{"embeddable":true,"href":"https:\/\/virginietauteure.com\/index.php?rest_route=%2Fwp%2Fv2%2Fcomments&post=56"}],"version-history":[{"count":6,"href":"https:\/\/virginietauteure.com\/index.php?rest_route=\/wp\/v2\/pages\/56\/revisions"}],"predecessor-version":[{"id":311,"href":"https:\/\/virginietauteure.com\/index.php?rest_route=\/wp\/v2\/pages\/56\/revisions\/311"}],"wp:attachment":[{"href":"https:\/\/virginietauteure.com\/index.php?rest_route=%2Fwp%2Fv2%2Fmedia&parent=56"}],"curies":[{"name":"wp","href":"https:\/\/api.w.org\/{rel}","templated":true}]}}