{"id":629,"date":"2024-07-30T10:29:46","date_gmt":"2024-07-30T09:29:46","guid":{"rendered":"https:\/\/virginietauteure.com\/?page_id=629"},"modified":"2025-04-26T09:37:37","modified_gmt":"2025-04-26T08:37:37","slug":"esperance","status":"publish","type":"page","link":"https:\/\/virginietauteure.com\/?page_id=629","title":{"rendered":"Esp\u00e9rance"},"content":{"rendered":"\n<p class=\"has-text-align-center has-vivid-red-color has-text-color has-link-color has-large-font-size wp-elements-3b1ee581c908a219ea3c62afd80677e3\"><strong>L&rsquo;ombre de l&rsquo;espoir<\/strong> <\/p>\n\n\n\n<p>Une duologie SF palpitante entre aventure, nouveau d\u00e9part et acceptation de la diff\u00e9rence<\/p>\n\n\n\n<figure class=\"wp-block-image size-large\"><img loading=\"lazy\" decoding=\"async\" width=\"1024\" height=\"391\" src=\"https:\/\/virginietauteure.com\/wp-content\/uploads\/2024\/07\/banniere-1-1024x391.jpg\" alt=\"\" class=\"wp-image-635\" srcset=\"https:\/\/virginietauteure.com\/wp-content\/uploads\/2024\/07\/banniere-1-1024x391.jpg 1024w, https:\/\/virginietauteure.com\/wp-content\/uploads\/2024\/07\/banniere-1-300x115.jpg 300w, https:\/\/virginietauteure.com\/wp-content\/uploads\/2024\/07\/banniere-1-768x293.jpg 768w, https:\/\/virginietauteure.com\/wp-content\/uploads\/2024\/07\/banniere-1-1536x587.jpg 1536w, https:\/\/virginietauteure.com\/wp-content\/uploads\/2024\/07\/banniere-1-2048x782.jpg 2048w, https:\/\/virginietauteure.com\/wp-content\/uploads\/2024\/07\/banniere-1-157x60.jpg 157w, https:\/\/virginietauteure.com\/wp-content\/uploads\/2024\/07\/banniere-1-1320x504.jpg 1320w, https:\/\/virginietauteure.com\/wp-content\/uploads\/2024\/07\/banniere-1-600x229.jpg 600w\" sizes=\"auto, (max-width: 1024px) 100vw, 1024px\" \/><\/figure>\n\n\n\n<p>J&rsquo;ai quitt\u00e9 la Terre pour survivre, je n&rsquo;imaginais pas \u00e0 quel point ma vie allait changer, je n&rsquo;aurais jamais pu le deviner<\/p>\n\n\n\n<figure class=\"wp-block-image size-large\"><img loading=\"lazy\" decoding=\"async\" width=\"1024\" height=\"683\" src=\"https:\/\/virginietauteure.com\/wp-content\/uploads\/2024\/07\/extr-1024x683.jpg\" alt=\"\" class=\"wp-image-636\" srcset=\"https:\/\/virginietauteure.com\/wp-content\/uploads\/2024\/07\/extr-1024x683.jpg 1024w, https:\/\/virginietauteure.com\/wp-content\/uploads\/2024\/07\/extr-300x200.jpg 300w, https:\/\/virginietauteure.com\/wp-content\/uploads\/2024\/07\/extr-768x512.jpg 768w, https:\/\/virginietauteure.com\/wp-content\/uploads\/2024\/07\/extr-1536x1025.jpg 1536w, https:\/\/virginietauteure.com\/wp-content\/uploads\/2024\/07\/extr-90x60.jpg 90w, https:\/\/virginietauteure.com\/wp-content\/uploads\/2024\/07\/extr-370x247.jpg 370w, https:\/\/virginietauteure.com\/wp-content\/uploads\/2024\/07\/extr-776x517.jpg 776w, https:\/\/virginietauteure.com\/wp-content\/uploads\/2024\/07\/extr-1320x880.jpg 1320w, https:\/\/virginietauteure.com\/wp-content\/uploads\/2024\/07\/extr-600x400.jpg 600w, https:\/\/virginietauteure.com\/wp-content\/uploads\/2024\/07\/extr.jpg 2000w\" sizes=\"auto, (max-width: 1024px) 100vw, 1024px\" \/><\/figure>\n\n\n\n<p>Une ode \u00e0 l&rsquo;amour malgr\u00e9 les diff\u00e9rences<\/p>\n\n\n\n<figure class=\"wp-block-image size-large\"><img loading=\"lazy\" decoding=\"async\" width=\"1024\" height=\"683\" src=\"https:\/\/virginietauteure.com\/wp-content\/uploads\/2024\/07\/extr5-1024x683.jpg\" alt=\"\" class=\"wp-image-637\" srcset=\"https:\/\/virginietauteure.com\/wp-content\/uploads\/2024\/07\/extr5-1024x683.jpg 1024w, https:\/\/virginietauteure.com\/wp-content\/uploads\/2024\/07\/extr5-300x200.jpg 300w, https:\/\/virginietauteure.com\/wp-content\/uploads\/2024\/07\/extr5-768x512.jpg 768w, https:\/\/virginietauteure.com\/wp-content\/uploads\/2024\/07\/extr5-1536x1025.jpg 1536w, https:\/\/virginietauteure.com\/wp-content\/uploads\/2024\/07\/extr5-90x60.jpg 90w, https:\/\/virginietauteure.com\/wp-content\/uploads\/2024\/07\/extr5-370x247.jpg 370w, https:\/\/virginietauteure.com\/wp-content\/uploads\/2024\/07\/extr5-776x517.jpg 776w, https:\/\/virginietauteure.com\/wp-content\/uploads\/2024\/07\/extr5-1320x880.jpg 1320w, https:\/\/virginietauteure.com\/wp-content\/uploads\/2024\/07\/extr5-600x400.jpg 600w, https:\/\/virginietauteure.com\/wp-content\/uploads\/2024\/07\/extr5.jpg 2000w\" sizes=\"auto, (max-width: 1024px) 100vw, 1024px\" \/><\/figure>\n\n\n\n<p>Un choix \u00e0 faire entre les terriens et les autochtones, un pont \u00e0 cr\u00e9er entre deux peuples<\/p>\n\n\n\n<figure class=\"wp-block-image size-large\"><img loading=\"lazy\" decoding=\"async\" width=\"1024\" height=\"683\" src=\"https:\/\/virginietauteure.com\/wp-content\/uploads\/2024\/07\/extr6-1024x683.jpg\" alt=\"\" class=\"wp-image-638\" srcset=\"https:\/\/virginietauteure.com\/wp-content\/uploads\/2024\/07\/extr6-1024x683.jpg 1024w, https:\/\/virginietauteure.com\/wp-content\/uploads\/2024\/07\/extr6-300x200.jpg 300w, https:\/\/virginietauteure.com\/wp-content\/uploads\/2024\/07\/extr6-768x512.jpg 768w, https:\/\/virginietauteure.com\/wp-content\/uploads\/2024\/07\/extr6-1536x1025.jpg 1536w, https:\/\/virginietauteure.com\/wp-content\/uploads\/2024\/07\/extr6-90x60.jpg 90w, https:\/\/virginietauteure.com\/wp-content\/uploads\/2024\/07\/extr6-370x247.jpg 370w, https:\/\/virginietauteure.com\/wp-content\/uploads\/2024\/07\/extr6-776x517.jpg 776w, https:\/\/virginietauteure.com\/wp-content\/uploads\/2024\/07\/extr6-1320x880.jpg 1320w, https:\/\/virginietauteure.com\/wp-content\/uploads\/2024\/07\/extr6-600x400.jpg 600w, https:\/\/virginietauteure.com\/wp-content\/uploads\/2024\/07\/extr6.jpg 2000w\" sizes=\"auto, (max-width: 1024px) 100vw, 1024px\" \/><\/figure>\n\n\n\n<figure class=\"wp-block-image size-large\"><img loading=\"lazy\" decoding=\"async\" width=\"890\" height=\"1024\" src=\"https:\/\/virginietauteure.com\/wp-content\/uploads\/2024\/07\/crea-2-890x1024.jpg\" alt=\"\" class=\"wp-image-639\" srcset=\"https:\/\/virginietauteure.com\/wp-content\/uploads\/2024\/07\/crea-2-890x1024.jpg 890w, https:\/\/virginietauteure.com\/wp-content\/uploads\/2024\/07\/crea-2-261x300.jpg 261w, https:\/\/virginietauteure.com\/wp-content\/uploads\/2024\/07\/crea-2-768x883.jpg 768w, https:\/\/virginietauteure.com\/wp-content\/uploads\/2024\/07\/crea-2-1336x1536.jpg 1336w, https:\/\/virginietauteure.com\/wp-content\/uploads\/2024\/07\/crea-2-1781x2048.jpg 1781w, https:\/\/virginietauteure.com\/wp-content\/uploads\/2024\/07\/crea-2-52x60.jpg 52w, https:\/\/virginietauteure.com\/wp-content\/uploads\/2024\/07\/crea-2-1320x1518.jpg 1320w, https:\/\/virginietauteure.com\/wp-content\/uploads\/2024\/07\/crea-2-600x690.jpg 600w, https:\/\/virginietauteure.com\/wp-content\/uploads\/2024\/07\/crea-2.jpg 1800w\" sizes=\"auto, (max-width: 890px) 100vw, 890px\" \/><\/figure>\n\n\n\n<p class=\"has-text-align-center has-vivid-red-color has-text-color has-link-color has-large-font-size wp-elements-1b94e779e89bd6ddb03fa8624ece78c0\"><strong>L&rsquo;ombre de l&rsquo;espoir<\/strong><\/p>\n\n\n\n<figure class=\"wp-block-image size-large\"><img loading=\"lazy\" decoding=\"async\" width=\"1024\" height=\"391\" src=\"https:\/\/virginietauteure.com\/wp-content\/uploads\/2025\/04\/banniere-1024x391.jpg\" alt=\"\" class=\"wp-image-746\" srcset=\"https:\/\/virginietauteure.com\/wp-content\/uploads\/2025\/04\/banniere-1024x391.jpg 1024w, https:\/\/virginietauteure.com\/wp-content\/uploads\/2025\/04\/banniere-300x115.jpg 300w, https:\/\/virginietauteure.com\/wp-content\/uploads\/2025\/04\/banniere-768x293.jpg 768w, https:\/\/virginietauteure.com\/wp-content\/uploads\/2025\/04\/banniere-1536x587.jpg 1536w, https:\/\/virginietauteure.com\/wp-content\/uploads\/2025\/04\/banniere-2048x782.jpg 2048w, https:\/\/virginietauteure.com\/wp-content\/uploads\/2025\/04\/banniere-1320x504.jpg 1320w, https:\/\/virginietauteure.com\/wp-content\/uploads\/2025\/04\/banniere-600x229.jpg 600w\" sizes=\"auto, (max-width: 1024px) 100vw, 1024px\" \/><\/figure>\n\n\n\n<figure class=\"wp-block-image size-large\"><img loading=\"lazy\" decoding=\"async\" width=\"1024\" height=\"651\" src=\"https:\/\/virginietauteure.com\/wp-content\/uploads\/2025\/04\/RESUMER-1024x651.jpg\" alt=\"\" class=\"wp-image-747\" srcset=\"https:\/\/virginietauteure.com\/wp-content\/uploads\/2025\/04\/RESUMER-1024x651.jpg 1024w, https:\/\/virginietauteure.com\/wp-content\/uploads\/2025\/04\/RESUMER-300x191.jpg 300w, https:\/\/virginietauteure.com\/wp-content\/uploads\/2025\/04\/RESUMER-768x488.jpg 768w, https:\/\/virginietauteure.com\/wp-content\/uploads\/2025\/04\/RESUMER-1536x977.jpg 1536w, https:\/\/virginietauteure.com\/wp-content\/uploads\/2025\/04\/RESUMER-2048x1303.jpg 2048w, https:\/\/virginietauteure.com\/wp-content\/uploads\/2025\/04\/RESUMER-1320x840.jpg 1320w, https:\/\/virginietauteure.com\/wp-content\/uploads\/2025\/04\/RESUMER-600x382.jpg 600w\" sizes=\"auto, (max-width: 1024px) 100vw, 1024px\" \/><\/figure>\n\n\n\n<figure class=\"wp-block-image size-large\"><img loading=\"lazy\" decoding=\"async\" width=\"1024\" height=\"683\" src=\"https:\/\/virginietauteure.com\/wp-content\/uploads\/2025\/04\/extr2-1024x683.jpg\" alt=\"\" class=\"wp-image-748\" srcset=\"https:\/\/virginietauteure.com\/wp-content\/uploads\/2025\/04\/extr2-1024x683.jpg 1024w, https:\/\/virginietauteure.com\/wp-content\/uploads\/2025\/04\/extr2-300x200.jpg 300w, https:\/\/virginietauteure.com\/wp-content\/uploads\/2025\/04\/extr2-768x512.jpg 768w, https:\/\/virginietauteure.com\/wp-content\/uploads\/2025\/04\/extr2-1536x1025.jpg 1536w, https:\/\/virginietauteure.com\/wp-content\/uploads\/2025\/04\/extr2-370x247.jpg 370w, https:\/\/virginietauteure.com\/wp-content\/uploads\/2025\/04\/extr2-776x517.jpg 776w, https:\/\/virginietauteure.com\/wp-content\/uploads\/2025\/04\/extr2-1320x880.jpg 1320w, https:\/\/virginietauteure.com\/wp-content\/uploads\/2025\/04\/extr2-600x400.jpg 600w, https:\/\/virginietauteure.com\/wp-content\/uploads\/2025\/04\/extr2.jpg 2000w\" sizes=\"auto, (max-width: 1024px) 100vw, 1024px\" \/><\/figure>\n","protected":false},"excerpt":{"rendered":"<p>L&rsquo;ombre de l&rsquo;espoir Une duologie SF palpitante entre aventure, nouveau d\u00e9part et acceptation de la diff\u00e9rence J&rsquo;ai quitt\u00e9 la Terre pour survivre, je n&rsquo;imaginais pas \u00e0 quel point ma vie &hellip; <\/p>\n","protected":false},"author":1,"featured_media":0,"parent":0,"menu_order":0,"comment_status":"closed","ping_status":"closed","template":"","meta":{"footnotes":""},"class_list":["post-629","page","type-page","status-publish","hentry"],"jetpack-related-posts":[],"jetpack_sharing_enabled":true,"_links":{"self":[{"href":"https:\/\/virginietauteure.com\/index.php?rest_route=\/wp\/v2\/pages\/629","targetHints":{"allow":["GET"]}}],"collection":[{"href":"https:\/\/virginietauteure.com\/index.php?rest_route=\/wp\/v2\/pages"}],"about":[{"href":"https:\/\/virginietauteure.com\/index.php?rest_route=\/wp\/v2\/types\/page"}],"author":[{"embeddable":true,"href":"https:\/\/virginietauteure.com\/index.php?rest_route=\/wp\/v2\/users\/1"}],"replies":[{"embeddable":true,"href":"https:\/\/virginietauteure.com\/index.php?rest_route=%2Fwp%2Fv2%2Fcomments&post=629"}],"version-history":[{"count":3,"href":"https:\/\/virginietauteure.com\/index.php?rest_route=\/wp\/v2\/pages\/629\/revisions"}],"predecessor-version":[{"id":749,"href":"https:\/\/virginietauteure.com\/index.php?rest_route=\/wp\/v2\/pages\/629\/revisions\/749"}],"wp:attachment":[{"href":"https:\/\/virginietauteure.com\/index.php?rest_route=%2Fwp%2Fv2%2Fmedia&parent=629"}],"curies":[{"name":"wp","href":"https:\/\/api.w.org\/{rel}","templated":true}]}}