{"id":750,"date":"2025-04-26T09:41:44","date_gmt":"2025-04-26T08:41:44","guid":{"rendered":"https:\/\/virginietauteure.com\/?page_id=750"},"modified":"2025-04-26T09:46:35","modified_gmt":"2025-04-26T08:46:35","slug":"compagne-de-lalpha","status":"publish","type":"page","link":"https:\/\/virginietauteure.com\/?page_id=750","title":{"rendered":"Compagne de l&rsquo;alpha"},"content":{"rendered":"\n<p>Des one shot de romantasy dr\u00f4le et tendre entre une humaine au fort caract\u00e8re et un alpha t\u00eatu qui va devoir apprendre \u00e0 composer avec sa moiti\u00e9 s&rsquo;il souhaite concr\u00e9tiser le lien qui les unit<\/p>\n\n\n\n<figure class=\"wp-block-image size-large\"><img loading=\"lazy\" decoding=\"async\" width=\"1024\" height=\"443\" src=\"https:\/\/virginietauteure.com\/wp-content\/uploads\/2025\/04\/elevee-tigres-1024x443.jpg\" alt=\"\" class=\"wp-image-755\" srcset=\"https:\/\/virginietauteure.com\/wp-content\/uploads\/2025\/04\/elevee-tigres-1024x443.jpg 1024w, https:\/\/virginietauteure.com\/wp-content\/uploads\/2025\/04\/elevee-tigres-300x130.jpg 300w, https:\/\/virginietauteure.com\/wp-content\/uploads\/2025\/04\/elevee-tigres-768x332.jpg 768w, https:\/\/virginietauteure.com\/wp-content\/uploads\/2025\/04\/elevee-tigres-600x259.jpg 600w, https:\/\/virginietauteure.com\/wp-content\/uploads\/2025\/04\/elevee-tigres.jpg 1263w\" sizes=\"auto, (max-width: 1024px) 100vw, 1024px\" \/><\/figure>\n\n\n\n<figure class=\"wp-block-image size-large\"><img loading=\"lazy\" decoding=\"async\" width=\"1024\" height=\"682\" src=\"https:\/\/virginietauteure.com\/wp-content\/uploads\/2025\/04\/tiger-2495209_1280-1024x682.jpg\" alt=\"\" class=\"wp-image-758\" srcset=\"https:\/\/virginietauteure.com\/wp-content\/uploads\/2025\/04\/tiger-2495209_1280-1024x682.jpg 1024w, https:\/\/virginietauteure.com\/wp-content\/uploads\/2025\/04\/tiger-2495209_1280-300x200.jpg 300w, https:\/\/virginietauteure.com\/wp-content\/uploads\/2025\/04\/tiger-2495209_1280-768x512.jpg 768w, https:\/\/virginietauteure.com\/wp-content\/uploads\/2025\/04\/tiger-2495209_1280-370x247.jpg 370w, https:\/\/virginietauteure.com\/wp-content\/uploads\/2025\/04\/tiger-2495209_1280-776x517.jpg 776w, https:\/\/virginietauteure.com\/wp-content\/uploads\/2025\/04\/tiger-2495209_1280-600x400.jpg 600w, https:\/\/virginietauteure.com\/wp-content\/uploads\/2025\/04\/tiger-2495209_1280.jpg 1280w\" sizes=\"auto, (max-width: 1024px) 100vw, 1024px\" \/><\/figure>\n\n\n\n<figure class=\"wp-block-image size-large\"><img loading=\"lazy\" decoding=\"async\" width=\"1024\" height=\"682\" src=\"https:\/\/virginietauteure.com\/wp-content\/uploads\/2025\/04\/Poursuivie-1024x682.jpg\" alt=\"\" class=\"wp-image-756\" srcset=\"https:\/\/virginietauteure.com\/wp-content\/uploads\/2025\/04\/Poursuivie-1024x682.jpg 1024w, https:\/\/virginietauteure.com\/wp-content\/uploads\/2025\/04\/Poursuivie-300x200.jpg 300w, https:\/\/virginietauteure.com\/wp-content\/uploads\/2025\/04\/Poursuivie-768x512.jpg 768w, https:\/\/virginietauteure.com\/wp-content\/uploads\/2025\/04\/Poursuivie-370x247.jpg 370w, https:\/\/virginietauteure.com\/wp-content\/uploads\/2025\/04\/Poursuivie-776x517.jpg 776w, https:\/\/virginietauteure.com\/wp-content\/uploads\/2025\/04\/Poursuivie-600x400.jpg 600w, https:\/\/virginietauteure.com\/wp-content\/uploads\/2025\/04\/Poursuivie.jpg 1280w\" sizes=\"auto, (max-width: 1024px) 100vw, 1024px\" \/><\/figure>\n\n\n\n<figure class=\"wp-block-image size-large\"><img loading=\"lazy\" decoding=\"async\" width=\"1020\" height=\"1024\" src=\"https:\/\/virginietauteure.com\/wp-content\/uploads\/2025\/04\/poursuivie-2-1020x1024.jpg\" alt=\"\" class=\"wp-image-759\" srcset=\"https:\/\/virginietauteure.com\/wp-content\/uploads\/2025\/04\/poursuivie-2-1020x1024.jpg 1020w, https:\/\/virginietauteure.com\/wp-content\/uploads\/2025\/04\/poursuivie-2-300x300.jpg 300w, https:\/\/virginietauteure.com\/wp-content\/uploads\/2025\/04\/poursuivie-2-150x150.jpg 150w, https:\/\/virginietauteure.com\/wp-content\/uploads\/2025\/04\/poursuivie-2-768x771.jpg 768w, https:\/\/virginietauteure.com\/wp-content\/uploads\/2025\/04\/poursuivie-2-1530x1536.jpg 1530w, https:\/\/virginietauteure.com\/wp-content\/uploads\/2025\/04\/poursuivie-2-1320x1326.jpg 1320w, https:\/\/virginietauteure.com\/wp-content\/uploads\/2025\/04\/poursuivie-2-600x603.jpg 600w, https:\/\/virginietauteure.com\/wp-content\/uploads\/2025\/04\/poursuivie-2.jpg 1912w\" sizes=\"auto, (max-width: 1020px) 100vw, 1020px\" \/><\/figure>\n\n\n\n<figure class=\"wp-block-image size-large\"><img loading=\"lazy\" decoding=\"async\" width=\"1024\" height=\"677\" src=\"https:\/\/virginietauteure.com\/wp-content\/uploads\/2025\/04\/1742127307-1024x677.jpg\" alt=\"\" class=\"wp-image-757\" srcset=\"https:\/\/virginietauteure.com\/wp-content\/uploads\/2025\/04\/1742127307-1024x677.jpg 1024w, https:\/\/virginietauteure.com\/wp-content\/uploads\/2025\/04\/1742127307-300x198.jpg 300w, https:\/\/virginietauteure.com\/wp-content\/uploads\/2025\/04\/1742127307-768x508.jpg 768w, https:\/\/virginietauteure.com\/wp-content\/uploads\/2025\/04\/1742127307-1536x1016.jpg 1536w, https:\/\/virginietauteure.com\/wp-content\/uploads\/2025\/04\/1742127307-1320x873.jpg 1320w, https:\/\/virginietauteure.com\/wp-content\/uploads\/2025\/04\/1742127307-600x397.jpg 600w, https:\/\/virginietauteure.com\/wp-content\/uploads\/2025\/04\/1742127307.jpg 1728w\" sizes=\"auto, (max-width: 1024px) 100vw, 1024px\" \/><\/figure>\n\n\n\n<figure class=\"wp-block-image size-large\"><img loading=\"lazy\" decoding=\"async\" width=\"1020\" height=\"1024\" src=\"https:\/\/virginietauteure.com\/wp-content\/uploads\/2025\/04\/lynx-1020x1024.jpg\" alt=\"\" class=\"wp-image-761\" srcset=\"https:\/\/virginietauteure.com\/wp-content\/uploads\/2025\/04\/lynx-1020x1024.jpg 1020w, https:\/\/virginietauteure.com\/wp-content\/uploads\/2025\/04\/lynx-300x300.jpg 300w, https:\/\/virginietauteure.com\/wp-content\/uploads\/2025\/04\/lynx-150x150.jpg 150w, https:\/\/virginietauteure.com\/wp-content\/uploads\/2025\/04\/lynx-768x771.jpg 768w, https:\/\/virginietauteure.com\/wp-content\/uploads\/2025\/04\/lynx-600x602.jpg 600w, https:\/\/virginietauteure.com\/wp-content\/uploads\/2025\/04\/lynx.jpg 1273w\" sizes=\"auto, (max-width: 1020px) 100vw, 1020px\" \/><\/figure>\n","protected":false},"excerpt":{"rendered":"<p>Des one shot de romantasy dr\u00f4le et tendre entre une humaine au fort caract\u00e8re et un alpha t\u00eatu qui va devoir apprendre \u00e0 composer avec sa moiti\u00e9 s&rsquo;il souhaite concr\u00e9tiser &hellip; <\/p>\n","protected":false},"author":1,"featured_media":0,"parent":0,"menu_order":0,"comment_status":"closed","ping_status":"closed","template":"","meta":{"footnotes":""},"class_list":["post-750","page","type-page","status-publish","hentry"],"jetpack-related-posts":[],"jetpack_sharing_enabled":true,"_links":{"self":[{"href":"https:\/\/virginietauteure.com\/index.php?rest_route=\/wp\/v2\/pages\/750","targetHints":{"allow":["GET"]}}],"collection":[{"href":"https:\/\/virginietauteure.com\/index.php?rest_route=\/wp\/v2\/pages"}],"about":[{"href":"https:\/\/virginietauteure.com\/index.php?rest_route=\/wp\/v2\/types\/page"}],"author":[{"embeddable":true,"href":"https:\/\/virginietauteure.com\/index.php?rest_route=\/wp\/v2\/users\/1"}],"replies":[{"embeddable":true,"href":"https:\/\/virginietauteure.com\/index.php?rest_route=%2Fwp%2Fv2%2Fcomments&post=750"}],"version-history":[{"count":2,"href":"https:\/\/virginietauteure.com\/index.php?rest_route=\/wp\/v2\/pages\/750\/revisions"}],"predecessor-version":[{"id":762,"href":"https:\/\/virginietauteure.com\/index.php?rest_route=\/wp\/v2\/pages\/750\/revisions\/762"}],"wp:attachment":[{"href":"https:\/\/virginietauteure.com\/index.php?rest_route=%2Fwp%2Fv2%2Fmedia&parent=750"}],"curies":[{"name":"wp","href":"https:\/\/api.w.org\/{rel}","templated":true}]}}