{"id":1002,"date":"2026-04-16T10:29:37","date_gmt":"2026-04-16T09:29:37","guid":{"rendered":"https:\/\/virginietauteure.com\/?post_type=product&#038;p=1002"},"modified":"2026-04-16T10:35:36","modified_gmt":"2026-04-16T09:35:36","slug":"liam-les-guardian-angels-tome-5","status":"publish","type":"product","link":"https:\/\/virginietauteure.com\/?product=liam-les-guardian-angels-tome-5","title":{"rendered":"Liam &#8211; Les Guardian Angels tome 5"},"content":{"rendered":"<h4><span class=\"a-text-bold\">Dernier opus de la saga<\/span><\/h4>\n<p>Slave n&rsquo;\u00e9tait pas ma compagne malgr\u00e9 le lien entre nous. Je le savais, mais je ne comprenais pas pourquoi. Puis Blood est arriv\u00e9e. Je l&rsquo;ai marqu\u00e9e comme mienne. Je suis pr\u00eat \u00e0 traverser l&rsquo;Enfer pour \u00eatre avec elle. Seulement l&rsquo;Enfer risque d&rsquo;\u00eatre le cadet de nos soucis. Le d\u00e9nouement est proche. Les Guardian Angels le savent. La guerre gronde. Ce sera les dissidents ou nous et si nous perdons, cela sonnera la fin des fatels.<\/p>\n","protected":false},"excerpt":{"rendered":"<p>Dernier opus de la saga Slave n&rsquo;\u00e9tait pas ma compagne malgr\u00e9 le lien entre nous. Je le savais, mais je ne comprenais pas pourquoi. Puis Blood est arriv\u00e9e. Je l&rsquo;ai &hellip; <\/p>\n","protected":false},"featured_media":1010,"comment_status":"open","ping_status":"closed","template":"","meta":[],"product_brand":[],"product_cat":[25,35],"product_tag":[],"class_list":{"0":"post-1002","1":"product","2":"type-product","3":"status-publish","4":"has-post-thumbnail","6":"product_cat-ebook","7":"product_cat-les-guardian-angels","9":"first","10":"instock","11":"downloadable","12":"shipping-taxable","13":"purchasable","14":"product-type-simple"},"jetpack-related-posts":[],"jetpack_sharing_enabled":true,"_links":{"self":[{"href":"https:\/\/virginietauteure.com\/index.php?rest_route=\/wp\/v2\/product\/1002","targetHints":{"allow":["GET"]}}],"collection":[{"href":"https:\/\/virginietauteure.com\/index.php?rest_route=\/wp\/v2\/product"}],"about":[{"href":"https:\/\/virginietauteure.com\/index.php?rest_route=\/wp\/v2\/types\/product"}],"replies":[{"embeddable":true,"href":"https:\/\/virginietauteure.com\/index.php?rest_route=%2Fwp%2Fv2%2Fcomments&post=1002"}],"wp:featuredmedia":[{"embeddable":true,"href":"https:\/\/virginietauteure.com\/index.php?rest_route=\/wp\/v2\/media\/1010"}],"wp:attachment":[{"href":"https:\/\/virginietauteure.com\/index.php?rest_route=%2Fwp%2Fv2%2Fmedia&parent=1002"}],"wp:term":[{"taxonomy":"product_brand","embeddable":true,"href":"https:\/\/virginietauteure.com\/index.php?rest_route=%2Fwp%2Fv2%2Fproduct_brand&post=1002"},{"taxonomy":"product_cat","embeddable":true,"href":"https:\/\/virginietauteure.com\/index.php?rest_route=%2Fwp%2Fv2%2Fproduct_cat&post=1002"},{"taxonomy":"product_tag","embeddable":true,"href":"https:\/\/virginietauteure.com\/index.php?rest_route=%2Fwp%2Fv2%2Fproduct_tag&post=1002"}],"curies":[{"name":"wp","href":"https:\/\/api.w.org\/{rel}","templated":true}]}}