{"id":1007,"date":"2026-04-16T10:32:07","date_gmt":"2026-04-16T09:32:07","guid":{"rendered":"https:\/\/virginietauteure.com\/?post_type=product&#038;p=1007"},"modified":"2026-04-16T10:34:03","modified_gmt":"2026-04-16T09:34:03","slug":"nate-les-guardian-angels-tome-3","status":"publish","type":"product","link":"https:\/\/virginietauteure.com\/?product=nate-les-guardian-angels-tome-3","title":{"rendered":"Nate &#8211; Les Guardian Angel&rsquo;s tome 3"},"content":{"rendered":"<h4><span class=\"a-text-bold\">Quand votre \u00e2me soeur ne peut pas vous aimer parce que vous \u00eates m\u00e9tamorphe, quel espoir vous reste-t-il?<\/span><\/h4>\n<p>Ashley rejoint la meute des Guardian Angels avec sa s\u0153ur Sam comme elle le souhaitait, mais tous sont bien conscients que l\u2019int\u00e9gration de cette derni\u00e8re ne se fera pas sans difficult\u00e9s. Le pass\u00e9 de Sam est plus pr\u00e9sent que jamais et le danger rode au sein m\u00eame de la meute. La jeune fatel arrivera-t-elle \u00e0 vivre en paix au milieu des m\u00e9tamorphes au point d&rsquo;accepter de se lier avec l&rsquo;un d&rsquo;entre eux ou Nate devra-t-il renoncer \u00e0 son \u00e2me soeur pour le salut de tous?<\/p>\n","protected":false},"excerpt":{"rendered":"<p>Quand votre \u00e2me soeur ne peut pas vous aimer parce que vous \u00eates m\u00e9tamorphe, quel espoir vous reste-t-il? Ashley rejoint la meute des Guardian Angels avec sa s\u0153ur Sam comme &hellip; <\/p>\n","protected":false},"featured_media":1009,"comment_status":"open","ping_status":"closed","template":"","meta":[],"product_brand":[],"product_cat":[25,35],"product_tag":[],"class_list":{"0":"post-1007","1":"product","2":"type-product","3":"status-publish","4":"has-post-thumbnail","6":"product_cat-ebook","7":"product_cat-les-guardian-angels","9":"first","10":"instock","11":"downloadable","12":"shipping-taxable","13":"purchasable","14":"product-type-simple"},"jetpack-related-posts":[],"jetpack_sharing_enabled":true,"_links":{"self":[{"href":"https:\/\/virginietauteure.com\/index.php?rest_route=\/wp\/v2\/product\/1007","targetHints":{"allow":["GET"]}}],"collection":[{"href":"https:\/\/virginietauteure.com\/index.php?rest_route=\/wp\/v2\/product"}],"about":[{"href":"https:\/\/virginietauteure.com\/index.php?rest_route=\/wp\/v2\/types\/product"}],"replies":[{"embeddable":true,"href":"https:\/\/virginietauteure.com\/index.php?rest_route=%2Fwp%2Fv2%2Fcomments&post=1007"}],"wp:featuredmedia":[{"embeddable":true,"href":"https:\/\/virginietauteure.com\/index.php?rest_route=\/wp\/v2\/media\/1009"}],"wp:attachment":[{"href":"https:\/\/virginietauteure.com\/index.php?rest_route=%2Fwp%2Fv2%2Fmedia&parent=1007"}],"wp:term":[{"taxonomy":"product_brand","embeddable":true,"href":"https:\/\/virginietauteure.com\/index.php?rest_route=%2Fwp%2Fv2%2Fproduct_brand&post=1007"},{"taxonomy":"product_cat","embeddable":true,"href":"https:\/\/virginietauteure.com\/index.php?rest_route=%2Fwp%2Fv2%2Fproduct_cat&post=1007"},{"taxonomy":"product_tag","embeddable":true,"href":"https:\/\/virginietauteure.com\/index.php?rest_route=%2Fwp%2Fv2%2Fproduct_tag&post=1007"}],"curies":[{"name":"wp","href":"https:\/\/api.w.org\/{rel}","templated":true}]}}