{"id":188,"date":"2023-02-21T09:49:54","date_gmt":"2023-02-21T08:49:54","guid":{"rendered":"https:\/\/virginietauteure.com\/?post_type=product&#038;p=188"},"modified":"2025-11-17T09:53:53","modified_gmt":"2025-11-17T08:53:53","slug":"chocolat-chaud-chamallows-et-quiproquos","status":"publish","type":"product","link":"https:\/\/virginietauteure.com\/?product=chocolat-chaud-chamallows-et-quiproquos","title":{"rendered":"Chocolat chaud, chamallows et quiproquos"},"content":{"rendered":"<p>Il parait qu&rsquo;\u00e0 No\u00ebl, tous les v\u0153ux se r\u00e9alisent. Tous? Pas s\u00fbr. Surtout quand deux personnes que tout oppose souhaitent le m\u00eame local commercial pour deux projets bien diff\u00e9rents.<br \/>\nNora adore son caf\u00e9\/librairie. Elle a jusqu&rsquo;\u00e0 No\u00ebl pour sauver son r\u00eave des griffes de Noah, d\u00e9tach\u00e9 par un groupe h\u00f4telier pour rafler tous les magasins bordant le Lac L\u00e9man et les transformer en \u00e9norme h\u00f4tel de luxe.<br \/>\nD\u00e8s leur premi\u00e8re rencontre, l&rsquo;atmosph\u00e8re sera \u00e9lectrique. Mais qui sait, peut-\u00eatre qu&rsquo;un chocolat chaud surmont\u00e9 de chamallows sera la solutions \u00e0 tous leurs maux?<\/p>\n","protected":false},"excerpt":{"rendered":"<p>Il parait qu&rsquo;\u00e0 No\u00ebl, tous les v\u0153ux se r\u00e9alisent. Tous? Pas s\u00fbr. Surtout quand deux personnes que tout oppose souhaitent le m\u00eame local commercial pour deux projets bien diff\u00e9rents. Nora &hellip; <\/p>\n","protected":false},"featured_media":189,"comment_status":"open","ping_status":"closed","template":"","meta":[],"product_brand":[],"product_cat":[19],"product_tag":[],"class_list":{"0":"post-188","1":"product","2":"type-product","3":"status-publish","4":"has-post-thumbnail","6":"product_cat-romance-de-noel-livres-broches-dedicaces","8":"first","9":"instock","10":"shipping-taxable","11":"purchasable","12":"product-type-simple"},"jetpack-related-posts":[],"jetpack_sharing_enabled":true,"_links":{"self":[{"href":"https:\/\/virginietauteure.com\/index.php?rest_route=\/wp\/v2\/product\/188","targetHints":{"allow":["GET"]}}],"collection":[{"href":"https:\/\/virginietauteure.com\/index.php?rest_route=\/wp\/v2\/product"}],"about":[{"href":"https:\/\/virginietauteure.com\/index.php?rest_route=\/wp\/v2\/types\/product"}],"replies":[{"embeddable":true,"href":"https:\/\/virginietauteure.com\/index.php?rest_route=%2Fwp%2Fv2%2Fcomments&post=188"}],"wp:featuredmedia":[{"embeddable":true,"href":"https:\/\/virginietauteure.com\/index.php?rest_route=\/wp\/v2\/media\/189"}],"wp:attachment":[{"href":"https:\/\/virginietauteure.com\/index.php?rest_route=%2Fwp%2Fv2%2Fmedia&parent=188"}],"wp:term":[{"taxonomy":"product_brand","embeddable":true,"href":"https:\/\/virginietauteure.com\/index.php?rest_route=%2Fwp%2Fv2%2Fproduct_brand&post=188"},{"taxonomy":"product_cat","embeddable":true,"href":"https:\/\/virginietauteure.com\/index.php?rest_route=%2Fwp%2Fv2%2Fproduct_cat&post=188"},{"taxonomy":"product_tag","embeddable":true,"href":"https:\/\/virginietauteure.com\/index.php?rest_route=%2Fwp%2Fv2%2Fproduct_tag&post=188"}],"curies":[{"name":"wp","href":"https:\/\/api.w.org\/{rel}","templated":true}]}}