{"id":194,"date":"2023-02-21T13:49:40","date_gmt":"2023-02-21T12:49:40","guid":{"rendered":"https:\/\/virginietauteure.com\/?post_type=product&#038;p=194"},"modified":"2025-11-17T09:52:36","modified_gmt":"2025-11-17T08:52:36","slug":"la-meute-silvermoon-volume-1","status":"publish","type":"product","link":"https:\/\/virginietauteure.com\/?product=la-meute-silvermoon-volume-1","title":{"rendered":"La meute Silvermoon"},"content":{"rendered":"<h4><span class=\"a-text-bold\">La folie lunaire est le fl\u00e9au contre lequel la meute de loups de Silvermoon ne peut rien. Soit les m\u00e9tamorphes se soumettent, soit ils meurent<\/span><\/h4>\n<p>Le destin de chacun est myst\u00e9rieux et il peut m\u00eame se montrer sournois avec les membres des Silvermoon. D\u00e9couvrez cette meute \u00e0 l&rsquo;avenir incertain, entre circonstances impr\u00e9vues, provocation du destin et esprits t\u00eatus, chacun d&rsquo;eux devra trouver sa moiti\u00e9 pour survivre et cela ne sera pas sans difficult\u00e9. Parfois, il suffit d&rsquo;une femme pour changer votre vision du monde et tout votre avenir.<\/p>\n<p>Le volume 1 regroupe les tomes 1 \u00e0 3: Sauvage, Obstin\u00e9 et D\u00e9truite<\/p>\n<p>Le volume 2 regroupe les tomes 4 \u00e0 6: Rejet\u00e9, Oubli\u00e9, D\u00e9chir\u00e9<\/p>\n<p>Les reli\u00e9s ont des couvertures cartonn\u00e9s et contiennent des illustrations int\u00e9rieures<\/p>\n","protected":false},"excerpt":{"rendered":"<p>La folie lunaire est le fl\u00e9au contre lequel la meute de loups de Silvermoon ne peut rien. Soit les m\u00e9tamorphes se soumettent, soit ils meurent Le destin de chacun est &hellip; <\/p>\n","protected":false},"featured_media":582,"comment_status":"open","ping_status":"closed","template":"","meta":[],"product_brand":[],"product_cat":[18],"product_tag":[],"class_list":{"0":"post-194","1":"product","2":"type-product","3":"status-publish","4":"has-post-thumbnail","6":"product_cat-livres-relies-dedicaces","8":"first","9":"onbackorder","10":"shipping-taxable","11":"purchasable","12":"product-type-simple"},"jetpack-related-posts":[],"jetpack_sharing_enabled":true,"_links":{"self":[{"href":"https:\/\/virginietauteure.com\/index.php?rest_route=\/wp\/v2\/product\/194","targetHints":{"allow":["GET"]}}],"collection":[{"href":"https:\/\/virginietauteure.com\/index.php?rest_route=\/wp\/v2\/product"}],"about":[{"href":"https:\/\/virginietauteure.com\/index.php?rest_route=\/wp\/v2\/types\/product"}],"replies":[{"embeddable":true,"href":"https:\/\/virginietauteure.com\/index.php?rest_route=%2Fwp%2Fv2%2Fcomments&post=194"}],"wp:featuredmedia":[{"embeddable":true,"href":"https:\/\/virginietauteure.com\/index.php?rest_route=\/wp\/v2\/media\/582"}],"wp:attachment":[{"href":"https:\/\/virginietauteure.com\/index.php?rest_route=%2Fwp%2Fv2%2Fmedia&parent=194"}],"wp:term":[{"taxonomy":"product_brand","embeddable":true,"href":"https:\/\/virginietauteure.com\/index.php?rest_route=%2Fwp%2Fv2%2Fproduct_brand&post=194"},{"taxonomy":"product_cat","embeddable":true,"href":"https:\/\/virginietauteure.com\/index.php?rest_route=%2Fwp%2Fv2%2Fproduct_cat&post=194"},{"taxonomy":"product_tag","embeddable":true,"href":"https:\/\/virginietauteure.com\/index.php?rest_route=%2Fwp%2Fv2%2Fproduct_tag&post=194"}],"curies":[{"name":"wp","href":"https:\/\/api.w.org\/{rel}","templated":true}]}}