{"id":198,"date":"2023-02-21T13:51:45","date_gmt":"2023-02-21T12:51:45","guid":{"rendered":"https:\/\/virginietauteure.com\/?post_type=product&#038;p=198"},"modified":"2025-06-03T13:24:07","modified_gmt":"2025-06-03T12:24:07","slug":"dakota-jones-integrale","status":"publish","type":"product","link":"https:\/\/virginietauteure.com\/?product=dakota-jones-integrale","title":{"rendered":"Dakota Jones &#8211; Int\u00e9grale"},"content":{"rendered":"<div class=\"a-expander-content a-expander-partial-collapse-content a-expander-content-expanded\" aria-expanded=\"true\">\n<h4><span class=\"a-text-bold\">Je m&rsquo;appelle Dakota Jones et je suis un Traqueur de D\u00e9mons<\/span><\/h4>\n<p>Vous ne les voyez pas. Pourtant, ils sont l\u00e0, parmi nous, \u00e0 tuer sans vergogne pour certains, \u00e0 vouloir vivre en paix pour d&rsquo;autres. Gr\u00e2ce \u00e0 mon don particulier, j&rsquo;aide \u00e0 maintenir la paix entre les mondes. Je suis unique. Enfin, c&rsquo;est ce que j&rsquo;ai toujours cru, jusqu&rsquo;\u00e0 ce que je le rencontre lui&#8230;<\/p>\n<h4>Enfin les 3 tomes de la saga en un seul volume comprenant:<br \/>\n&#8211; Les couleurs du dragon<br \/>\n&#8211; La col\u00e8re du dragon<br \/>\n&#8211; La d\u00e9termination du dragon<\/h4>\n<\/div>\n","protected":false},"excerpt":{"rendered":"<p>Je m&rsquo;appelle Dakota Jones et je suis un Traqueur de D\u00e9mons Vous ne les voyez pas. Pourtant, ils sont l\u00e0, parmi nous, \u00e0 tuer sans vergogne pour certains, \u00e0 vouloir &hellip; <\/p>\n","protected":false},"featured_media":209,"comment_status":"open","ping_status":"closed","template":"","meta":[],"product_brand":[],"product_cat":[18],"product_tag":[],"class_list":{"0":"post-198","1":"product","2":"type-product","3":"status-publish","4":"has-post-thumbnail","6":"product_cat-livres-relies-dedicaces","8":"first","9":"onbackorder","10":"shipping-taxable","11":"purchasable","12":"product-type-simple"},"jetpack-related-posts":[],"jetpack_sharing_enabled":true,"_links":{"self":[{"href":"https:\/\/virginietauteure.com\/index.php?rest_route=\/wp\/v2\/product\/198","targetHints":{"allow":["GET"]}}],"collection":[{"href":"https:\/\/virginietauteure.com\/index.php?rest_route=\/wp\/v2\/product"}],"about":[{"href":"https:\/\/virginietauteure.com\/index.php?rest_route=\/wp\/v2\/types\/product"}],"replies":[{"embeddable":true,"href":"https:\/\/virginietauteure.com\/index.php?rest_route=%2Fwp%2Fv2%2Fcomments&post=198"}],"wp:featuredmedia":[{"embeddable":true,"href":"https:\/\/virginietauteure.com\/index.php?rest_route=\/wp\/v2\/media\/209"}],"wp:attachment":[{"href":"https:\/\/virginietauteure.com\/index.php?rest_route=%2Fwp%2Fv2%2Fmedia&parent=198"}],"wp:term":[{"taxonomy":"product_brand","embeddable":true,"href":"https:\/\/virginietauteure.com\/index.php?rest_route=%2Fwp%2Fv2%2Fproduct_brand&post=198"},{"taxonomy":"product_cat","embeddable":true,"href":"https:\/\/virginietauteure.com\/index.php?rest_route=%2Fwp%2Fv2%2Fproduct_cat&post=198"},{"taxonomy":"product_tag","embeddable":true,"href":"https:\/\/virginietauteure.com\/index.php?rest_route=%2Fwp%2Fv2%2Fproduct_tag&post=198"}],"curies":[{"name":"wp","href":"https:\/\/api.w.org\/{rel}","templated":true}]}}