{"id":199,"date":"2023-02-21T13:54:10","date_gmt":"2023-02-21T12:54:10","guid":{"rendered":"https:\/\/virginietauteure.com\/?post_type=product&#038;p=199"},"modified":"2025-07-02T07:45:48","modified_gmt":"2025-07-02T06:45:48","slug":"les-guardian-angels-integrale","status":"publish","type":"product","link":"https:\/\/virginietauteure.com\/?product=les-guardian-angels-integrale","title":{"rendered":"Les Guardian Angels &#8211; Int\u00e9grale"},"content":{"rendered":"<div class=\"a-expander-content a-expander-partial-collapse-content a-expander-content-expanded\" aria-expanded=\"true\">\n<h4><span class=\"a-text-bold\">D\u00e9sormais, deux clans s\u2019affrontent: les m\u00e9tamorphes qui s\u2019estiment tout puissant et ceux qui soutiennent les humains dans leur qu\u00eate d\u2019\u00e9galit\u00e9 <\/span><\/h4>\n<p>Les membres de la meute Guardian Angels font partie de ces derniers, \u0153uvrant avec le gouverneur pour contrer les d\u00e9rives des alphas m\u00e9tamorphes qui se croient tout permis. Depuis la disparition des fatels, un peuple dot\u00e9 de pouvoirs magiques extermin\u00e9s par cupidit\u00e9, ils sont le dernier rempart pour la libert\u00e9 des humains. Leur rencontre avec la derni\u00e8re victime des dissidents va radicalement changer leur vision du monde. Dor\u00e9navant, ils vont devoir se battre pour \u00e9liminer d\u00e9finitivement la menace qui p\u00e8sent sur les femmes qu\u2019ils ne pensaient jamais d\u00e9couvrir et aimer. Elles sont le dernier espoir d&rsquo;un monde plus juste<\/p>\n<h4>L&rsquo;int\u00e9grale comprends tous les tomes de la saga soit: Connor, Sean, Nate, Greg et Liam<\/h4>\n<\/div>\n","protected":false},"excerpt":{"rendered":"<p>D\u00e9sormais, deux clans s\u2019affrontent: les m\u00e9tamorphes qui s\u2019estiment tout puissant et ceux qui soutiennent les humains dans leur qu\u00eate d\u2019\u00e9galit\u00e9 Les membres de la meute Guardian Angels font partie de &hellip; <\/p>\n","protected":false},"featured_media":196,"comment_status":"open","ping_status":"closed","template":"","meta":[],"product_brand":[],"product_cat":[18],"product_tag":[],"class_list":{"0":"post-199","1":"product","2":"type-product","3":"status-publish","4":"has-post-thumbnail","6":"product_cat-livres-relies-dedicaces","8":"first","9":"onbackorder","10":"shipping-taxable","11":"purchasable","12":"product-type-simple"},"jetpack-related-posts":[],"jetpack_sharing_enabled":true,"_links":{"self":[{"href":"https:\/\/virginietauteure.com\/index.php?rest_route=\/wp\/v2\/product\/199","targetHints":{"allow":["GET"]}}],"collection":[{"href":"https:\/\/virginietauteure.com\/index.php?rest_route=\/wp\/v2\/product"}],"about":[{"href":"https:\/\/virginietauteure.com\/index.php?rest_route=\/wp\/v2\/types\/product"}],"replies":[{"embeddable":true,"href":"https:\/\/virginietauteure.com\/index.php?rest_route=%2Fwp%2Fv2%2Fcomments&post=199"}],"wp:featuredmedia":[{"embeddable":true,"href":"https:\/\/virginietauteure.com\/index.php?rest_route=\/wp\/v2\/media\/196"}],"wp:attachment":[{"href":"https:\/\/virginietauteure.com\/index.php?rest_route=%2Fwp%2Fv2%2Fmedia&parent=199"}],"wp:term":[{"taxonomy":"product_brand","embeddable":true,"href":"https:\/\/virginietauteure.com\/index.php?rest_route=%2Fwp%2Fv2%2Fproduct_brand&post=199"},{"taxonomy":"product_cat","embeddable":true,"href":"https:\/\/virginietauteure.com\/index.php?rest_route=%2Fwp%2Fv2%2Fproduct_cat&post=199"},{"taxonomy":"product_tag","embeddable":true,"href":"https:\/\/virginietauteure.com\/index.php?rest_route=%2Fwp%2Fv2%2Fproduct_tag&post=199"}],"curies":[{"name":"wp","href":"https:\/\/api.w.org\/{rel}","templated":true}]}}