{"id":203,"date":"2023-02-21T14:06:00","date_gmt":"2023-02-21T13:06:00","guid":{"rendered":"https:\/\/virginietauteure.com\/?post_type=product&#038;p=203"},"modified":"2024-06-30T10:43:26","modified_gmt":"2024-06-30T09:43:26","slug":"nephilims-integrale","status":"publish","type":"product","link":"https:\/\/virginietauteure.com\/?product=nephilims-integrale","title":{"rendered":"Nephilims &#8211; Int\u00e9grale"},"content":{"rendered":"<div class=\"a-expander-content a-expander-partial-collapse-content a-expander-content-expanded\" aria-expanded=\"true\">\n<h4><span class=\"a-text-bold\">Entre amour et amiti\u00e9 profonde, la fronti\u00e8re est mince, surtout lorsque la famille s&rsquo;en m\u00eale et que les enjeux sont grands.<\/span><\/h4>\n<p>Les anges gardiens sont sur le point de disparaitre tandis que les nephilims coulent des jours heureux sur terre aupr\u00e8s de leur parents. Pourtant, l&rsquo;heure des choix s&rsquo;annonce difficile. Angela sait qui son c\u0153ur a choisi, mais prendre cette d\u00e9cision fera exploser le monde qu&rsquo;elle affectionne.Toutefois, lorsque le voile qui s\u00e9pare le monde des anges de celui des humains prend feu, il n&rsquo;est plus temps de tergiverser. D\u00e9sormais, l&rsquo;avenir du monde repose sur les \u00e9paules des nephilims. Ils se doivent d&rsquo;arr\u00eater celui qui a pourfendu le voile en d\u00e9truisant l&rsquo;Ange Ultime. Les enfants des d\u00e9chus vont devoir se serrer les coudes pour survivre et sauver les deux mondes. Encore faut-il qu&rsquo;ils en soient capables.<\/p>\n<h4>Chacun devra trouv\u00e9 sa place dans ce monde qui les a vu na\u00eetre, mais auquel ils n&rsquo;appartiennent pas compl\u00e8tement. Entre leur part d&rsquo;ange et leur part humaine, les nephilims devront trouver un \u00e9quilibre pour sauver le monde.<\/h4>\n<p><span class=\"a-text-bold\">L&rsquo;int\u00e9grale comprend les tomes N\u00e9philims et R\u00e9demption<\/span><\/div>\n","protected":false},"excerpt":{"rendered":"<p>Entre amour et amiti\u00e9 profonde, la fronti\u00e8re est mince, surtout lorsque la famille s&rsquo;en m\u00eale et que les enjeux sont grands. Les anges gardiens sont sur le point de disparaitre &hellip; <\/p>\n","protected":false},"featured_media":150,"comment_status":"open","ping_status":"closed","template":"","meta":[],"product_brand":[],"product_cat":[22],"product_tag":[],"class_list":{"0":"post-203","1":"product","2":"type-product","3":"status-publish","4":"has-post-thumbnail","6":"product_cat-integrale-broches","8":"first","9":"instock","10":"shipping-taxable","11":"purchasable","12":"product-type-simple"},"jetpack-related-posts":[],"jetpack_sharing_enabled":true,"_links":{"self":[{"href":"https:\/\/virginietauteure.com\/index.php?rest_route=\/wp\/v2\/product\/203","targetHints":{"allow":["GET"]}}],"collection":[{"href":"https:\/\/virginietauteure.com\/index.php?rest_route=\/wp\/v2\/product"}],"about":[{"href":"https:\/\/virginietauteure.com\/index.php?rest_route=\/wp\/v2\/types\/product"}],"replies":[{"embeddable":true,"href":"https:\/\/virginietauteure.com\/index.php?rest_route=%2Fwp%2Fv2%2Fcomments&post=203"}],"wp:featuredmedia":[{"embeddable":true,"href":"https:\/\/virginietauteure.com\/index.php?rest_route=\/wp\/v2\/media\/150"}],"wp:attachment":[{"href":"https:\/\/virginietauteure.com\/index.php?rest_route=%2Fwp%2Fv2%2Fmedia&parent=203"}],"wp:term":[{"taxonomy":"product_brand","embeddable":true,"href":"https:\/\/virginietauteure.com\/index.php?rest_route=%2Fwp%2Fv2%2Fproduct_brand&post=203"},{"taxonomy":"product_cat","embeddable":true,"href":"https:\/\/virginietauteure.com\/index.php?rest_route=%2Fwp%2Fv2%2Fproduct_cat&post=203"},{"taxonomy":"product_tag","embeddable":true,"href":"https:\/\/virginietauteure.com\/index.php?rest_route=%2Fwp%2Fv2%2Fproduct_tag&post=203"}],"curies":[{"name":"wp","href":"https:\/\/api.w.org\/{rel}","templated":true}]}}