{"id":208,"date":"2023-02-21T15:43:58","date_gmt":"2023-02-21T14:43:58","guid":{"rendered":"https:\/\/virginietauteure.com\/?post_type=product&#038;p=208"},"modified":"2024-12-14T17:33:31","modified_gmt":"2024-12-14T16:33:31","slug":"les-guardian-angels-integrale-2","status":"publish","type":"product","link":"https:\/\/virginietauteure.com\/?product=les-guardian-angels-integrale-2","title":{"rendered":"Les Guardian Angels &#8211; Int\u00e9grale"},"content":{"rendered":"<p>Les membres de la meute Guardian Angels \u0153uvrent avec le gouverneur pour contrer les d\u00e9rives des alphas m\u00e9tamorphes qui se croient tout permis. Apr\u00e8s la disparation des fatels, c&rsquo;est le moins qu&rsquo;ils puissent faire pour pr\u00e9server ce monde. Enfin, jusqu&rsquo;\u00e0 ce qu&rsquo;ils d\u00e9couvrent que ce peuple aux pouvoirs mystiques survit dans l&rsquo;ombre. D\u00e8s lors, ils vont tout tenter pour sauver ces derniers rescap\u00e9s d&rsquo;un avenir sans espoir.L&rsquo;int\u00e9grale comprends tous les tomes de 1 \u00e0 5 soit: Connor, Sean, Nate, Greg et Liam<\/p>\n","protected":false},"excerpt":{"rendered":"<p>Les membres de la meute Guardian Angels \u0153uvrent avec le gouverneur pour contrer les d\u00e9rives des alphas m\u00e9tamorphes qui se croient tout permis. Apr\u00e8s la disparation des fatels, c&rsquo;est le &hellip; <\/p>\n","protected":false},"featured_media":210,"comment_status":"open","ping_status":"closed","template":"","meta":[],"product_brand":[],"product_cat":[22],"product_tag":[],"class_list":{"0":"post-208","1":"product","2":"type-product","3":"status-publish","4":"has-post-thumbnail","6":"product_cat-integrale-broches","8":"first","9":"onbackorder","10":"shipping-taxable","11":"purchasable","12":"product-type-simple"},"jetpack-related-posts":[],"jetpack_sharing_enabled":true,"_links":{"self":[{"href":"https:\/\/virginietauteure.com\/index.php?rest_route=\/wp\/v2\/product\/208","targetHints":{"allow":["GET"]}}],"collection":[{"href":"https:\/\/virginietauteure.com\/index.php?rest_route=\/wp\/v2\/product"}],"about":[{"href":"https:\/\/virginietauteure.com\/index.php?rest_route=\/wp\/v2\/types\/product"}],"replies":[{"embeddable":true,"href":"https:\/\/virginietauteure.com\/index.php?rest_route=%2Fwp%2Fv2%2Fcomments&post=208"}],"wp:featuredmedia":[{"embeddable":true,"href":"https:\/\/virginietauteure.com\/index.php?rest_route=\/wp\/v2\/media\/210"}],"wp:attachment":[{"href":"https:\/\/virginietauteure.com\/index.php?rest_route=%2Fwp%2Fv2%2Fmedia&parent=208"}],"wp:term":[{"taxonomy":"product_brand","embeddable":true,"href":"https:\/\/virginietauteure.com\/index.php?rest_route=%2Fwp%2Fv2%2Fproduct_brand&post=208"},{"taxonomy":"product_cat","embeddable":true,"href":"https:\/\/virginietauteure.com\/index.php?rest_route=%2Fwp%2Fv2%2Fproduct_cat&post=208"},{"taxonomy":"product_tag","embeddable":true,"href":"https:\/\/virginietauteure.com\/index.php?rest_route=%2Fwp%2Fv2%2Fproduct_tag&post=208"}],"curies":[{"name":"wp","href":"https:\/\/api.w.org\/{rel}","templated":true}]}}