{"id":312,"date":"2023-02-23T17:28:54","date_gmt":"2023-02-23T16:28:54","guid":{"rendered":"https:\/\/virginietauteure.com\/?post_type=product&#038;p=312"},"modified":"2025-07-02T07:45:48","modified_gmt":"2025-07-02T06:45:48","slug":"nephilims","status":"publish","type":"product","link":"https:\/\/virginietauteure.com\/?product=nephilims","title":{"rendered":"Nephilims"},"content":{"rendered":"<p>Une duologie entre le monde des hommes et celui des anges<\/p>\n<p>1. Nephilims<\/p>\n<h4><span class=\"a-text-bold\">Entre amour et amiti\u00e9 profonde, la fronti\u00e8re est mince, surtout lorsque la famille s&rsquo;en m\u00eale et que les enjeux sont grands<\/span><\/h4>\n<p>Les anges gardiens sont sur le point de disparaitre tandis que les nephilims coulent des jours heureux sur terre aupr\u00e8s de leur parents. Pourtant, l&rsquo;heure des choix s&rsquo;annonce difficile. Angela sait qui son coeur a choisi, mais prendre cette d\u00e9cision fera exploser le monde qu&rsquo;elle affectionne.<\/p>\n<p>Toutefois, lorsque le voile qui s\u00e9pare le monde des anges de celui des humains prend feu, il n&rsquo;est plus temps de tergiverser. D\u00e9sormais, l&rsquo;avenir du monde repose sur les \u00e9paules des nephilims. Ils se doivent d&rsquo;arr\u00eater celui qui a pourfendu le voile en d\u00e9truisant l&rsquo;Ange Ultime. Les enfants des d\u00e9chus vont devoir se serrer les coudes pour survivre et sauver les deux mondes. Encore faut-il qu&rsquo;ils en soient capables.<\/p>\n<p>2. R\u00e9demption<\/p>\n<p>Rapha\u00ebl est en col\u00e8re. Angela lui a fait l&rsquo;affront ultime en choisissant Donovan en tant que compagnon. Elle devait lui appartenir! Elle \u00e9tait \u00e0 lui! Plus le temps passe, plus sa rage enfle et il n&rsquo;y a rien de plus dangereux sur Terre qu&rsquo;un n\u00e9philim en col\u00e8re. Pourtant, chacun doit trouver sa place dans ce monde et il est temps que le plus sombre des nephilims embrasse sa destin\u00e9e.<\/p>\n","protected":false},"excerpt":{"rendered":"<p>Une duologie entre le monde des hommes et celui des anges 1. Nephilims Entre amour et amiti\u00e9 profonde, la fronti\u00e8re est mince, surtout lorsque la famille s&rsquo;en m\u00eale et que &hellip; <\/p>\n","protected":false},"featured_media":313,"comment_status":"open","ping_status":"closed","template":"","meta":[],"product_brand":[],"product_cat":[20],"product_tag":[],"class_list":{"0":"post-312","1":"product","2":"type-product","3":"status-publish","4":"has-post-thumbnail","6":"product_cat-livres-broches-fantasy","8":"first","9":"onbackorder","10":"shipping-taxable","11":"purchasable","12":"product-type-simple"},"jetpack-related-posts":[],"jetpack_sharing_enabled":true,"_links":{"self":[{"href":"https:\/\/virginietauteure.com\/index.php?rest_route=\/wp\/v2\/product\/312","targetHints":{"allow":["GET"]}}],"collection":[{"href":"https:\/\/virginietauteure.com\/index.php?rest_route=\/wp\/v2\/product"}],"about":[{"href":"https:\/\/virginietauteure.com\/index.php?rest_route=\/wp\/v2\/types\/product"}],"replies":[{"embeddable":true,"href":"https:\/\/virginietauteure.com\/index.php?rest_route=%2Fwp%2Fv2%2Fcomments&post=312"}],"wp:featuredmedia":[{"embeddable":true,"href":"https:\/\/virginietauteure.com\/index.php?rest_route=\/wp\/v2\/media\/313"}],"wp:attachment":[{"href":"https:\/\/virginietauteure.com\/index.php?rest_route=%2Fwp%2Fv2%2Fmedia&parent=312"}],"wp:term":[{"taxonomy":"product_brand","embeddable":true,"href":"https:\/\/virginietauteure.com\/index.php?rest_route=%2Fwp%2Fv2%2Fproduct_brand&post=312"},{"taxonomy":"product_cat","embeddable":true,"href":"https:\/\/virginietauteure.com\/index.php?rest_route=%2Fwp%2Fv2%2Fproduct_cat&post=312"},{"taxonomy":"product_tag","embeddable":true,"href":"https:\/\/virginietauteure.com\/index.php?rest_route=%2Fwp%2Fv2%2Fproduct_tag&post=312"}],"curies":[{"name":"wp","href":"https:\/\/api.w.org\/{rel}","templated":true}]}}