{"id":390,"date":"2023-03-17T12:03:58","date_gmt":"2023-03-17T11:03:58","guid":{"rendered":"https:\/\/virginietauteure.com\/?post_type=product&#038;p=390"},"modified":"2024-01-12T15:35:23","modified_gmt":"2024-01-12T14:35:23","slug":"reine-en-devenir","status":"publish","type":"product","link":"https:\/\/virginietauteure.com\/?product=reine-en-devenir","title":{"rendered":"Le royaume d&rsquo;Aseron"},"content":{"rendered":"<div class=\"a-expander-content a-expander-partial-collapse-content a-expander-content-expanded\" aria-expanded=\"true\">\n<h4>1. Reine en devenir<\/h4>\n<h4><span class=\"a-text-bold\">Je suis humaine, il est dr\u00e9rot<br \/>\nDeux mondes, deux peuples, un m\u00eame destin<\/span><\/h4>\n<p>J&rsquo;ai embarqu\u00e9 sur un vaisseau avec Simon en qu\u00eate de voyage, mais surtout, pour \u00eatre aupr\u00e8s de l&rsquo;homme que j&rsquo;aime. Aujourd&rsquo;hui, je l&rsquo;ai perdu. Je cherche ma place au sein d &lsquo;un \u00e9quipage qui devient fou. En guise d&rsquo;aventure, j&rsquo;ai soudain la sensation de vivre un cauchemar, et je ne suis qu&rsquo;au d\u00e9but de l&rsquo;aventure.<br \/>\nLes Dr\u00e9rot m&rsquo;observent avec insistance. Certes, je suis l&rsquo;unique humaine sur Aseron, mais j&rsquo;ai la sensation qu&rsquo;il y a plus. Ils attendent visiblement quelque chose de moi et je ne suis pas certaine de vouloir savoir de quoi il est question.<\/p>\n<h4><span class=\"a-text-bold\">Cette plan\u00e8te n&rsquo;est pas la mienne. Pourtant, je vais devoir y trouver ma place, malgr\u00e9 la nature hostile, malgr\u00e9 les complots politique, malgr\u00e9 mes valeurs.<\/span><\/h4>\n<p><strong>2. L&rsquo;ascension d&rsquo;une reine<\/strong><\/p>\n<div class=\"a-expander-content a-expander-partial-collapse-content a-expander-content-expanded\" aria-expanded=\"true\">\n<h4><span class=\"a-text-bold\">Je pensais trouver la paix sur cette nouvelle plan\u00e8te, je ne pouvais pas \u00eatre plus dans l&rsquo;erreur<\/span><\/h4>\n<p>J&rsquo;ai subi les \u00e9preuves pour acc\u00e9der au tr\u00f4ne et je les ai r\u00e9ussies. J&rsquo;estimais avoir le droit de refaire ma vie aux c\u00f4t\u00e9s de Tigzal, sous le regard fraternel d&rsquo;Akaill. Malheureusement, ce n&rsquo;\u00e9tait que le d\u00e9but de mon aventure. Aseron ne m&rsquo;avait pas encore livr\u00e9 tous ses secrets.Les dangers n&rsquo;ont jamais \u00e9t\u00e9 aussi pr\u00e8s de moi. Quelque chose r\u00f4de sur Aseron, une chose que personne n&rsquo;a jamais rencontr\u00e9 et qui pourrait bien signer notre fin \u00e0 tous. Je ne baisserais pas les bras. Je suis la reine, je suis Drerot d&rsquo;adoption. Je saurais me montrer \u00e0 la hauteur.<\/p>\n<p>D\u00e9couvrez la fin de cette duologie forte en rebondissement<\/p>\n<\/div>\n<\/div>\n","protected":false},"excerpt":{"rendered":"<p>1. Reine en devenir Je suis humaine, il est dr\u00e9rot Deux mondes, deux peuples, un m\u00eame destin J&rsquo;ai embarqu\u00e9 sur un vaisseau avec Simon en qu\u00eate de voyage, mais surtout, &hellip; <\/p>\n","protected":false},"featured_media":457,"comment_status":"open","ping_status":"closed","template":"","meta":[],"product_brand":[],"product_cat":[20],"product_tag":[],"class_list":{"0":"post-390","1":"product","2":"type-product","3":"status-publish","4":"has-post-thumbnail","6":"product_cat-livres-broches-fantasy","8":"first","9":"instock","10":"shipping-taxable","11":"purchasable","12":"product-type-simple"},"jetpack-related-posts":[],"jetpack_sharing_enabled":true,"_links":{"self":[{"href":"https:\/\/virginietauteure.com\/index.php?rest_route=\/wp\/v2\/product\/390","targetHints":{"allow":["GET"]}}],"collection":[{"href":"https:\/\/virginietauteure.com\/index.php?rest_route=\/wp\/v2\/product"}],"about":[{"href":"https:\/\/virginietauteure.com\/index.php?rest_route=\/wp\/v2\/types\/product"}],"replies":[{"embeddable":true,"href":"https:\/\/virginietauteure.com\/index.php?rest_route=%2Fwp%2Fv2%2Fcomments&post=390"}],"wp:featuredmedia":[{"embeddable":true,"href":"https:\/\/virginietauteure.com\/index.php?rest_route=\/wp\/v2\/media\/457"}],"wp:attachment":[{"href":"https:\/\/virginietauteure.com\/index.php?rest_route=%2Fwp%2Fv2%2Fmedia&parent=390"}],"wp:term":[{"taxonomy":"product_brand","embeddable":true,"href":"https:\/\/virginietauteure.com\/index.php?rest_route=%2Fwp%2Fv2%2Fproduct_brand&post=390"},{"taxonomy":"product_cat","embeddable":true,"href":"https:\/\/virginietauteure.com\/index.php?rest_route=%2Fwp%2Fv2%2Fproduct_cat&post=390"},{"taxonomy":"product_tag","embeddable":true,"href":"https:\/\/virginietauteure.com\/index.php?rest_route=%2Fwp%2Fv2%2Fproduct_tag&post=390"}],"curies":[{"name":"wp","href":"https:\/\/api.w.org\/{rel}","templated":true}]}}