{"id":441,"date":"2023-06-23T10:24:52","date_gmt":"2023-06-23T09:24:52","guid":{"rendered":"https:\/\/virginietauteure.com\/?post_type=product&#038;p=441"},"modified":"2025-12-15T15:23:40","modified_gmt":"2025-12-15T14:23:40","slug":"litha-princesse-de-la-brume-2","status":"publish","type":"product","link":"https:\/\/virginietauteure.com\/?product=litha-princesse-de-la-brume-2","title":{"rendered":"Litha, princesse de la brume"},"content":{"rendered":"<div class=\"a-expander-content a-expander-partial-collapse-content a-expander-content-expanded\" aria-expanded=\"true\">\n<p>Une magnifique \u00e9dition avec des pages illustr\u00e9es et une couverture cartonn\u00e9e<\/p>\n<p>Mon avenir \u00e9tait tout trac\u00e9 dans mon esprit depuis l\u2019enfance. Fille unique d&rsquo;une riche famille, je devais rencontrer un homme qui m&rsquo;aurait trait\u00e9e comme une reine. Nous nous serions mari\u00e9s, nous aurions eu des enfants. Cependant, mon destin a pris une tout autre direction. Tout s&rsquo;est arr\u00eat\u00e9 en un instant. Pas simplement le temps, mais toute ma vie. En une seconde, mon avenir a pris fin et ma lente agonie a commenc\u00e9, comme si je n&rsquo;\u00e9tais tout simplement pas faite pour vivre sur cette terre.<\/p>\n<p>Puis j\u2019ai travers\u00e9 la brume. Ce brouillard a tu\u00e9 tous ceux qui s\u2019y sont risqu\u00e9s. C\u2019est du moins, la l\u00e9gende que tout le village raconte. Mais moi, je suis pass\u00e9e au travers et j\u2019ai d\u00e9couvert un nouveau monde que je n\u2019aurais jamais pu imaginer. J\u2019ai rencontr\u00e9 des personnes hors du commun et mon destin a emprunt\u00e9 une voie bien diff\u00e9rente de celle qui m\u2019\u00e9tait finalement r\u00e9serv\u00e9e.<\/p>\n<\/div>\n","protected":false},"excerpt":{"rendered":"<p>Une magnifique \u00e9dition avec des pages illustr\u00e9es et une couverture cartonn\u00e9e Mon avenir \u00e9tait tout trac\u00e9 dans mon esprit depuis l\u2019enfance. Fille unique d&rsquo;une riche famille, je devais rencontrer un &hellip; <\/p>\n","protected":false},"featured_media":511,"comment_status":"open","ping_status":"closed","template":"","meta":[],"product_brand":[],"product_cat":[18],"product_tag":[],"class_list":{"0":"post-441","1":"product","2":"type-product","3":"status-publish","4":"has-post-thumbnail","6":"product_cat-livres-relies-dedicaces","8":"first","9":"onbackorder","10":"shipping-taxable","11":"purchasable","12":"product-type-simple"},"jetpack-related-posts":[],"jetpack_sharing_enabled":true,"_links":{"self":[{"href":"https:\/\/virginietauteure.com\/index.php?rest_route=\/wp\/v2\/product\/441","targetHints":{"allow":["GET"]}}],"collection":[{"href":"https:\/\/virginietauteure.com\/index.php?rest_route=\/wp\/v2\/product"}],"about":[{"href":"https:\/\/virginietauteure.com\/index.php?rest_route=\/wp\/v2\/types\/product"}],"replies":[{"embeddable":true,"href":"https:\/\/virginietauteure.com\/index.php?rest_route=%2Fwp%2Fv2%2Fcomments&post=441"}],"wp:featuredmedia":[{"embeddable":true,"href":"https:\/\/virginietauteure.com\/index.php?rest_route=\/wp\/v2\/media\/511"}],"wp:attachment":[{"href":"https:\/\/virginietauteure.com\/index.php?rest_route=%2Fwp%2Fv2%2Fmedia&parent=441"}],"wp:term":[{"taxonomy":"product_brand","embeddable":true,"href":"https:\/\/virginietauteure.com\/index.php?rest_route=%2Fwp%2Fv2%2Fproduct_brand&post=441"},{"taxonomy":"product_cat","embeddable":true,"href":"https:\/\/virginietauteure.com\/index.php?rest_route=%2Fwp%2Fv2%2Fproduct_cat&post=441"},{"taxonomy":"product_tag","embeddable":true,"href":"https:\/\/virginietauteure.com\/index.php?rest_route=%2Fwp%2Fv2%2Fproduct_tag&post=441"}],"curies":[{"name":"wp","href":"https:\/\/api.w.org\/{rel}","templated":true}]}}