{"id":458,"date":"2023-08-15T13:37:22","date_gmt":"2023-08-15T12:37:22","guid":{"rendered":"https:\/\/virginietauteure.com\/?post_type=product&#038;p=458"},"modified":"2025-09-29T09:27:53","modified_gmt":"2025-09-29T08:27:53","slug":"box-une-fin-dannee","status":"publish","type":"product","link":"https:\/\/virginietauteure.com\/?product=box-une-fin-dannee","title":{"rendered":"Box une fin d&rsquo;ann\u00e9e"},"content":{"rendered":"<h1><strong>Disponible d\u00e8s le 1 d\u00e9cembre<\/strong><\/h1>\n<p>Box comprenant les deux tomes broch\u00e9s d&rsquo;une fin d&rsquo;ann\u00e9e:<\/p>\n<ul>\n<li>Une fin d&rsquo;ann\u00e9e givr\u00e9e<\/li>\n<li>Une fin d&rsquo;ann\u00e9e mouvement\u00e9e<\/li>\n<\/ul>\n<p>Des goodies exclusifs:<\/p>\n<p>&#8211; Marque-pages bijoux<\/p>\n<p>&#8211; Marque-pages papier<\/p>\n<p>&#8211; Carte illustration<\/p>\n<p>&#8211; D\u00e9coration pour sapin<\/p>\n<p>&#8211; Gourmandises<\/p>\n","protected":false},"excerpt":{"rendered":"<p>Disponible d\u00e8s le 1 d\u00e9cembre Box comprenant les deux tomes broch\u00e9s d&rsquo;une fin d&rsquo;ann\u00e9e: Une fin d&rsquo;ann\u00e9e givr\u00e9e Une fin d&rsquo;ann\u00e9e mouvement\u00e9e Des goodies exclusifs: &#8211; Marque-pages bijoux &#8211; Marque-pages &hellip; <\/p>\n","protected":false},"featured_media":459,"comment_status":"open","ping_status":"closed","template":"","meta":[],"product_brand":[],"product_cat":[24],"product_tag":[],"class_list":{"0":"post-458","1":"product","2":"type-product","3":"status-publish","4":"has-post-thumbnail","6":"product_cat-box-livresque","8":"first","9":"onbackorder","10":"shipping-taxable","11":"purchasable","12":"product-type-simple"},"jetpack-related-posts":[],"jetpack_sharing_enabled":true,"_links":{"self":[{"href":"https:\/\/virginietauteure.com\/index.php?rest_route=\/wp\/v2\/product\/458","targetHints":{"allow":["GET"]}}],"collection":[{"href":"https:\/\/virginietauteure.com\/index.php?rest_route=\/wp\/v2\/product"}],"about":[{"href":"https:\/\/virginietauteure.com\/index.php?rest_route=\/wp\/v2\/types\/product"}],"replies":[{"embeddable":true,"href":"https:\/\/virginietauteure.com\/index.php?rest_route=%2Fwp%2Fv2%2Fcomments&post=458"}],"wp:featuredmedia":[{"embeddable":true,"href":"https:\/\/virginietauteure.com\/index.php?rest_route=\/wp\/v2\/media\/459"}],"wp:attachment":[{"href":"https:\/\/virginietauteure.com\/index.php?rest_route=%2Fwp%2Fv2%2Fmedia&parent=458"}],"wp:term":[{"taxonomy":"product_brand","embeddable":true,"href":"https:\/\/virginietauteure.com\/index.php?rest_route=%2Fwp%2Fv2%2Fproduct_brand&post=458"},{"taxonomy":"product_cat","embeddable":true,"href":"https:\/\/virginietauteure.com\/index.php?rest_route=%2Fwp%2Fv2%2Fproduct_cat&post=458"},{"taxonomy":"product_tag","embeddable":true,"href":"https:\/\/virginietauteure.com\/index.php?rest_route=%2Fwp%2Fv2%2Fproduct_tag&post=458"}],"curies":[{"name":"wp","href":"https:\/\/api.w.org\/{rel}","templated":true}]}}