{"id":487,"date":"2023-09-16T15:05:43","date_gmt":"2023-09-16T14:05:43","guid":{"rendered":"https:\/\/virginietauteure.com\/?post_type=product&#038;p=487"},"modified":"2026-03-02T18:51:22","modified_gmt":"2026-03-02T17:51:22","slug":"les-angels","status":"publish","type":"product","link":"https:\/\/virginietauteure.com\/?product=les-angels","title":{"rendered":"Les Angel&rsquo;s"},"content":{"rendered":"<h1><strong>Saga termin\u00e9e, tous les tomes disponibles<\/strong><\/h1>\n<p>1. Trop bien pour moi<\/p>\n<p><b>Quand deux mondes que tout oppose entrent en collision, y a-t-il une issue favorable ?<\/b><\/p>\n<p>J\u2019ai tout quitt\u00e9 pour refaire ma vie. Tout ce que je demandais ? Me fondre dans la masse, dispara\u00eetre et faire oublier jusqu\u2019\u00e0 mon existence pour que mon mari, cet homme que je connaissais finalement si peu, ne me retrouve jamais. Je voulais simplement recommencer de z\u00e9ro. J\u2019ai eu de la chance, j\u2019ai surv\u00e9cu et surtout, j\u2019ai chang\u00e9. Malheureusement, c\u2019\u00e9tait sans compter sur mes voisins. Eux, ils m\u2019ont rep\u00e9r\u00e9e, ils ont d\u00e9cid\u00e9 de s\u2019immiscer dans ma vie, et je ne suis pas certaine que leur objectif soit compatible avec le mien.<\/p>\n<p>&nbsp;<\/p>\n<p>2. Pas fait pour moi<\/p>\n<div class=\"a-expander-content a-expander-partial-collapse-content\" aria-expanded=\"false\">\n<p><strong><span class=\"a-text-bold\">Peut-on r\u00e9ellement fuir son pass\u00e9 comme s&rsquo;il n&rsquo;existait pas ?<\/span><\/strong><\/p>\n<p>Sweet travaille pour les Angel&rsquo;s et rien de plus. Elle ne souhaite pas se lier \u00e0 eux plus que ce qui est stipul\u00e9 sur son contrat. Sauf que l&rsquo;explosion du Sexy&rsquo;s a fait voler en \u00e9clat tout ce qu&rsquo;elle s&rsquo;est efforc\u00e9e de construire. Ink l&rsquo;a sauv\u00e9e et d\u00e9sormais, les Angel&rsquo;s se sentent responsables d&rsquo;elle. Pire : il s&rsquo;occupe de son fils Zack pendant qu&rsquo;elle en est incapable et s&rsquo;il y a bien une chose qu&rsquo;elle ne voulait pas, c&rsquo;\u00e9tait bien que des bikers s\u2019immiscent dans la vie de son petit gar\u00e7on.<\/p>\n<p>&nbsp;<\/p>\n<p>3. Surtout pas toi<\/p>\n<div class=\"a-expander-content a-expander-partial-collapse-content\" aria-expanded=\"false\">\n<p><strong><span class=\"a-text-bold\">Entre son devoir et ses d\u00e9sirs, peut-on vraiment choisir ?<\/span><\/strong><\/p>\n<p>War n&rsquo;aurait jamais imagin\u00e9 se retrouver l\u00e0 un jour. Il sait qu&rsquo;il a des probl\u00e8mes \u00e0 r\u00e9soudre, mais ce n&rsquo;est certainement pas Lucy Perez qui pourra l&rsquo;y aider. Elle ne demande qu&rsquo;\u00e0 l&rsquo;\u00e9couter, lui qui refuse de s&rsquo;exprimer. War ne discute pas, il agit, et elle va tr\u00e8s vite s&rsquo;apercevoir que, quand il a quelque chose en t\u00eate, il peut se montrer tout aussi t\u00eatu qu&rsquo;elle.<\/p>\n<p>&nbsp;<\/p>\n<p>4. Fou de toi<\/p>\n<div class=\"a-expander-content a-expander-partial-collapse-content\" data-expanded=\"false\">\n<p><span class=\"a-text-bold\">L&rsquo;amour peut-il triompher de tous les obstacles ? <\/span><\/p>\n<p>Crazy est le plus atypique des Angel&rsquo;s. Ses mots sont certes entortill\u00e9s, mais dans son c\u0153ur, tout est clair. Cette violoniste est sa r\u00e9guli\u00e8re, sauf qu&rsquo;elle ne le sait pas encore. Apr\u00e8s avoir esp\u00e9r\u00e9 son retour durant des semaines, il se fait la promesse de ne plus la perdre de vue. Toutefois, entre incompr\u00e9hension et secret de famille, l&rsquo;amour a-t-il r\u00e9ellement une place ?<\/p>\n<p>&nbsp;<\/p>\n<p>5. Semblable \u00e0 lui<\/p>\n<div class=\"a-expander-content a-expander-partial-collapse-content a-expander-content-expanded\" data-expanded=\"true\">\n<p><span class=\"a-text-bold\">Ne dit-on pas qui se ressemble s\u2019assemble ?<\/span><\/p>\n<p>J\u2019ai int\u00e9gr\u00e9 le MC des Angel\u2019s pour obtenir une nouvelle famille, essentiellement masculine. Malheureusement, depuis quelque temps, les r\u00e9guli\u00e8res d\u00e9barquent sur notre territoire plus rapidement que les brebis. Les gonzesses ne sont pas dignes de confiance, mes fr\u00e8res ne doivent pas \u00eatre aussi na\u00effs, sauf qu\u2019ils refusent de m\u2019entendre. De plus, ils me reprochent mon comportement hostile envers leurs nanas. En guise de punition, je suis charg\u00e9 de la s\u00e9curit\u00e9 de Sienna, la ni\u00e8ce de Rock. Cette fille est pire que toutes les autres. Elle se fout ouvertement de ma gueule, n\u2019\u00e9coute rien, me provoque. Entre elle et moi, c\u2019est la guerre et je ne suis pas certain de celui qui va remporter la victoire.<\/p>\n<p>&nbsp;<\/p>\n<p>6. Apr\u00e8s lui<\/p>\n<div class=\"a-expander-content a-expander-partial-collapse-content\" data-expanded=\"false\">\n<p><span class=\"a-text-bold\">Aimer une seconde fois ou se perdre\u2026<\/span><\/p>\n<p>Une famille, c\u2019est tout ce que je demande. J\u2019aime les Angel\u2019s comme mes fr\u00e8res, mais j\u2019ai besoin de savoir d\u2019o\u00f9 je viens pour comprendre qui je suis. D\u2019impasse en d\u00e9ception, j\u2019avais besoin de me concentrer sur autre chose pour oublier mes soucis, tout comme June. La jeune femme solaire n\u2019est plus que l\u2019ombre d\u2019elle-m\u00eame. Elle s\u2019imagine seule, isol\u00e9e, je me fais fort de lui prouver qu\u2019elle a des amis pour l\u2019\u00e9pauler, qu\u2019elle demande de l\u2019aide ou non.<\/p>\n<\/div>\n<p>&nbsp;<\/p>\n<p>7. Marqu\u00e9 par elle<\/p>\n<div class=\"a-expander-content a-expander-partial-collapse-content\" data-expanded=\"false\">\n<p><span class=\"a-text-bold\">Rien ne peut contrer l\u2019amour, ni les r\u00e8gles ni le danger<\/span><\/p>\n<p>Int\u00e9grer la WNBA, c\u2019est mon r\u00eave depuis toujours et Hack vient de tout compromettre. De tous les Angel\u2019s, c\u2019est celui qui pouvait me blesser le plus. \u00c0 pr\u00e9sent, il souhaite se racheter. Il me suit partout comme mon ombre. Je pensais ne pas en avoir besoin, mais l\u2019avenir va me prouver le contraire. Ma blessure est le dernier de mes soucis lorsque le danger se rapproche et que les sentiments s\u2019intensifient en d\u00e9pit des lois du MC.<\/p>\n<p>8.Uniquement elle<\/p>\n<p><span class=\"a-text-bold\">Parfois, il faut savoir se battre pour ce qui compte.<\/span><\/p>\n<p>Ils disaient m\u2019aimer.<br \/>\nIls m\u2019emp\u00eachaient de vivre.<\/p>\n<p>J\u2019ai quitt\u00e9 les Angel\u2019s pour respirer. Pour survivre \u00e0 des r\u00e8gles \u00e9crites par des hommes qui n\u2019avaient jamais voulu m\u2019entendre. Chez eux, une femme devait suivre, ob\u00e9ir, rester \u00e0 l\u2019arri\u00e8re. Moi, je voulais avancer. Alors je suis partie, sans me retourner.<\/p>\n<p>Je n\u2019avais jamais pr\u00e9vu de revenir.<\/p>\n<p>Puis cette nouvelle a frapp\u00e9 comme une balle dans la poitrine.<br \/>\nEt comme si le destin se moquait de moi, il a fallu que ce soit lui qui vienne me l\u2019annoncer.<\/p>\n<p>Je sais qu\u2019ils ont besoin de moi.<br \/>\nMais je ne suis plus la gamine qui suppliait pour une place.<br \/>\nJe suis une femme qui n\u2019en demande plus aucune.<\/p>\n<p>Si je reste parmi les Angel\u2019s, m\u00eame temporairement, ce sera selon mes r\u00e8gles.<br \/>\nJe ne monte pas derri\u00e8re.<br \/>\nJe conduis.<\/p>\n<p>Qu\u2019ils le veuillent ou non, je suis l\u00e0 pour leur rappeler une v\u00e9rit\u00e9 qu\u2019ils ont toujours refus\u00e9e d\u2019admettre :<br \/>\ncertaines femmes ne sont pas faites pour suivre.<br \/>\nElles sont n\u00e9es pour rouler en t\u00eate.<\/p>\n<\/div>\n<\/div>\n<\/div>\n<\/div>\n<\/div>\n","protected":false},"excerpt":{"rendered":"<p>Saga termin\u00e9e, tous les tomes disponibles 1. Trop bien pour moi Quand deux mondes que tout oppose entrent en collision, y a-t-il une issue favorable ? J\u2019ai tout quitt\u00e9 pour &hellip; <\/p>\n","protected":false},"featured_media":973,"comment_status":"open","ping_status":"closed","template":"","meta":[],"product_brand":[],"product_cat":[21],"product_tag":[],"class_list":{"0":"post-487","1":"product","2":"type-product","3":"status-publish","4":"has-post-thumbnail","6":"product_cat-livres-broches-romance-contemporaine","8":"first","9":"instock","10":"shipping-taxable","11":"purchasable","12":"product-type-simple"},"jetpack-related-posts":[],"jetpack_sharing_enabled":true,"_links":{"self":[{"href":"https:\/\/virginietauteure.com\/index.php?rest_route=\/wp\/v2\/product\/487","targetHints":{"allow":["GET"]}}],"collection":[{"href":"https:\/\/virginietauteure.com\/index.php?rest_route=\/wp\/v2\/product"}],"about":[{"href":"https:\/\/virginietauteure.com\/index.php?rest_route=\/wp\/v2\/types\/product"}],"replies":[{"embeddable":true,"href":"https:\/\/virginietauteure.com\/index.php?rest_route=%2Fwp%2Fv2%2Fcomments&post=487"}],"wp:featuredmedia":[{"embeddable":true,"href":"https:\/\/virginietauteure.com\/index.php?rest_route=\/wp\/v2\/media\/973"}],"wp:attachment":[{"href":"https:\/\/virginietauteure.com\/index.php?rest_route=%2Fwp%2Fv2%2Fmedia&parent=487"}],"wp:term":[{"taxonomy":"product_brand","embeddable":true,"href":"https:\/\/virginietauteure.com\/index.php?rest_route=%2Fwp%2Fv2%2Fproduct_brand&post=487"},{"taxonomy":"product_cat","embeddable":true,"href":"https:\/\/virginietauteure.com\/index.php?rest_route=%2Fwp%2Fv2%2Fproduct_cat&post=487"},{"taxonomy":"product_tag","embeddable":true,"href":"https:\/\/virginietauteure.com\/index.php?rest_route=%2Fwp%2Fv2%2Fproduct_tag&post=487"}],"curies":[{"name":"wp","href":"https:\/\/api.w.org\/{rel}","templated":true}]}}