{"id":519,"date":"2023-11-06T14:59:26","date_gmt":"2023-11-06T13:59:26","guid":{"rendered":"https:\/\/virginietauteure.com\/?post_type=product&#038;p=519"},"modified":"2025-11-17T09:53:36","modified_gmt":"2025-11-17T08:53:36","slug":"le-pire-noel-de-ma-vie-ou-pas","status":"publish","type":"product","link":"https:\/\/virginietauteure.com\/?product=le-pire-noel-de-ma-vie-ou-pas","title":{"rendered":"Le pire No\u00ebl de ma vie! Ou pas&#8230;"},"content":{"rendered":"<p>Que peut-il y avoir de pire quand on d\u00e9teste No\u00ebl que de se retrouver au p\u00f4le Nord pour jouer la m\u00e8re No\u00ebl afin d\u2019honorer les derni\u00e8res volont\u00e9s de sa grand-m\u00e8re ? Devoir le faire aux c\u00f4t\u00e9s de trois hommes \u00e0 tomber quand on ne croit plus en l\u2019amour peut-\u00eatre\u2026<\/p>\n","protected":false},"excerpt":{"rendered":"<p>Que peut-il y avoir de pire quand on d\u00e9teste No\u00ebl que de se retrouver au p\u00f4le Nord pour jouer la m\u00e8re No\u00ebl afin d\u2019honorer les derni\u00e8res volont\u00e9s de sa grand-m\u00e8re &hellip; <\/p>\n","protected":false},"featured_media":522,"comment_status":"open","ping_status":"closed","template":"","meta":[],"product_brand":[],"product_cat":[19],"product_tag":[],"class_list":{"0":"post-519","1":"product","2":"type-product","3":"status-publish","4":"has-post-thumbnail","6":"product_cat-romance-de-noel-livres-broches-dedicaces","8":"first","9":"instock","10":"shipping-taxable","11":"purchasable","12":"product-type-simple"},"jetpack-related-posts":[],"jetpack_sharing_enabled":true,"_links":{"self":[{"href":"https:\/\/virginietauteure.com\/index.php?rest_route=\/wp\/v2\/product\/519","targetHints":{"allow":["GET"]}}],"collection":[{"href":"https:\/\/virginietauteure.com\/index.php?rest_route=\/wp\/v2\/product"}],"about":[{"href":"https:\/\/virginietauteure.com\/index.php?rest_route=\/wp\/v2\/types\/product"}],"replies":[{"embeddable":true,"href":"https:\/\/virginietauteure.com\/index.php?rest_route=%2Fwp%2Fv2%2Fcomments&post=519"}],"wp:featuredmedia":[{"embeddable":true,"href":"https:\/\/virginietauteure.com\/index.php?rest_route=\/wp\/v2\/media\/522"}],"wp:attachment":[{"href":"https:\/\/virginietauteure.com\/index.php?rest_route=%2Fwp%2Fv2%2Fmedia&parent=519"}],"wp:term":[{"taxonomy":"product_brand","embeddable":true,"href":"https:\/\/virginietauteure.com\/index.php?rest_route=%2Fwp%2Fv2%2Fproduct_brand&post=519"},{"taxonomy":"product_cat","embeddable":true,"href":"https:\/\/virginietauteure.com\/index.php?rest_route=%2Fwp%2Fv2%2Fproduct_cat&post=519"},{"taxonomy":"product_tag","embeddable":true,"href":"https:\/\/virginietauteure.com\/index.php?rest_route=%2Fwp%2Fv2%2Fproduct_tag&post=519"}],"curies":[{"name":"wp","href":"https:\/\/api.w.org\/{rel}","templated":true}]}}