{"id":536,"date":"2023-12-04T13:50:06","date_gmt":"2023-12-04T12:50:06","guid":{"rendered":"https:\/\/virginietauteure.com\/?post_type=product&#038;p=536"},"modified":"2025-07-02T07:45:48","modified_gmt":"2025-07-02T06:45:48","slug":"une-fin-dannee-mouvementee","status":"publish","type":"product","link":"https:\/\/virginietauteure.com\/?product=une-fin-dannee-mouvementee","title":{"rendered":"Une fin d&rsquo;ann\u00e9e mouvement\u00e9e"},"content":{"rendered":"<p>H\u00e9 oui, c&rsquo;est moi, me revoil\u00e0! Je m&rsquo;appelle toujours Lilas, \u00e9videmment, mais je fr\u00f4le maintenant les quarante ans. Je vis au Qu\u00e9bec avec mon y\u00e9ti, Nathan, l&rsquo;homme de ma vie. Pour lui, j&rsquo;ai tout quitt\u00e9, famille, amis &#8211; comment \u00e7a je n&rsquo;en avais pas? &#8211; et m\u00eame ma fleuriste pr\u00e9f\u00e9r\u00e9e qui fermait all\u00e8grement les yeux sur le g\u00e9nocide perp\u00e9tuel de mes plantes vertes. Dor\u00e9navant, je suis rang\u00e9e, j&rsquo;ai une vie r\u00eav\u00e9e dans le pays le plus froid du monde &#8211; je vous jure, en cas de rhume, vous chopez imm\u00e9diatement une stalactite au bout du nez &#8211; avec un super boulot, une maison et un futur mari. Pas de quoi racontez une nouvelle histoire? Vous plaisantez! Il s&rsquo;agit de moi, Lilas, la fille poissarde au franc parler qui ferait p\u00e2lir le Dala\u00ef Lama. Bien s\u00fbr qu&rsquo;il y a des choses \u00e0 dire, des tas, et croyez-moi, vous n&rsquo;avez aucune id\u00e9e de tout ce qui m&rsquo;est arriv\u00e9e lors de cette fin d&rsquo;ann\u00e9e mouvement\u00e9e.<\/p>\n","protected":false},"excerpt":{"rendered":"<p>H\u00e9 oui, c&rsquo;est moi, me revoil\u00e0! Je m&rsquo;appelle toujours Lilas, \u00e9videmment, mais je fr\u00f4le maintenant les quarante ans. Je vis au Qu\u00e9bec avec mon y\u00e9ti, Nathan, l&rsquo;homme de ma vie. &hellip; <\/p>\n","protected":false},"featured_media":537,"comment_status":"open","ping_status":"closed","template":"","meta":[],"product_brand":[],"product_cat":[19],"product_tag":[],"class_list":{"0":"post-536","1":"product","2":"type-product","3":"status-publish","4":"has-post-thumbnail","6":"product_cat-romance-de-noel-livres-broches-dedicaces","8":"first","9":"onbackorder","10":"shipping-taxable","11":"purchasable","12":"product-type-simple"},"jetpack-related-posts":[],"jetpack_sharing_enabled":true,"_links":{"self":[{"href":"https:\/\/virginietauteure.com\/index.php?rest_route=\/wp\/v2\/product\/536","targetHints":{"allow":["GET"]}}],"collection":[{"href":"https:\/\/virginietauteure.com\/index.php?rest_route=\/wp\/v2\/product"}],"about":[{"href":"https:\/\/virginietauteure.com\/index.php?rest_route=\/wp\/v2\/types\/product"}],"replies":[{"embeddable":true,"href":"https:\/\/virginietauteure.com\/index.php?rest_route=%2Fwp%2Fv2%2Fcomments&post=536"}],"wp:featuredmedia":[{"embeddable":true,"href":"https:\/\/virginietauteure.com\/index.php?rest_route=\/wp\/v2\/media\/537"}],"wp:attachment":[{"href":"https:\/\/virginietauteure.com\/index.php?rest_route=%2Fwp%2Fv2%2Fmedia&parent=536"}],"wp:term":[{"taxonomy":"product_brand","embeddable":true,"href":"https:\/\/virginietauteure.com\/index.php?rest_route=%2Fwp%2Fv2%2Fproduct_brand&post=536"},{"taxonomy":"product_cat","embeddable":true,"href":"https:\/\/virginietauteure.com\/index.php?rest_route=%2Fwp%2Fv2%2Fproduct_cat&post=536"},{"taxonomy":"product_tag","embeddable":true,"href":"https:\/\/virginietauteure.com\/index.php?rest_route=%2Fwp%2Fv2%2Fproduct_tag&post=536"}],"curies":[{"name":"wp","href":"https:\/\/api.w.org\/{rel}","templated":true}]}}