{"id":567,"date":"2024-02-06T09:38:54","date_gmt":"2024-02-06T08:38:54","guid":{"rendered":"https:\/\/virginietauteure.com\/?post_type=product&#038;p=567"},"modified":"2024-10-05T16:32:16","modified_gmt":"2024-10-05T15:32:16","slug":"les-anges-dechus-integrale","status":"publish","type":"product","link":"https:\/\/virginietauteure.com\/?product=les-anges-dechus-integrale","title":{"rendered":"Les anges d\u00e9chus &#8211; Int\u00e9grale"},"content":{"rendered":"<h4><span class=\"a-text-bold\">Ils sont condamn\u00e9s \u00e0 vivre sur terre, loin des anges. Elles n&rsquo;ont jamais cru aux anges gardiens, mais elles seront leur r\u00e9demption. <\/span><\/h4>\n<p>Les d\u00e9chus sont des anges gardiens condamn\u00e9s \u00e0 l&rsquo;exil apr\u00e8s avoir \u00e9chou\u00e9 dans leur mission. Ils forment une famille soud\u00e9e, forg\u00e9e dans les \u00e9preuves. Rien ne les a pr\u00e9par\u00e9 \u00e0 reprendre leur r\u00f4le d&rsquo;ange gardien dont ils ne veulent plus. Le destin a plac\u00e9 ces femmes sur leur chemin et rien ne pourras les emp\u00eacher de leur venir en aide, pas m\u00eame leur conviction qu&rsquo;ils ne m\u00e9ritent pas de seconde chance.<\/p>\n<p>L&rsquo;int\u00e9grale regroupe les six tomes de la s\u00e9rie<\/p>\n","protected":false},"excerpt":{"rendered":"<p>Ils sont condamn\u00e9s \u00e0 vivre sur terre, loin des anges. Elles n&rsquo;ont jamais cru aux anges gardiens, mais elles seront leur r\u00e9demption. Les d\u00e9chus sont des anges gardiens condamn\u00e9s \u00e0 &hellip; <\/p>\n","protected":false},"featured_media":568,"comment_status":"open","ping_status":"closed","template":"","meta":[],"product_brand":[],"product_cat":[22],"product_tag":[],"class_list":{"0":"post-567","1":"product","2":"type-product","3":"status-publish","4":"has-post-thumbnail","6":"product_cat-integrale-broches","8":"first","9":"instock","10":"shipping-taxable","11":"purchasable","12":"product-type-simple"},"jetpack-related-posts":[],"jetpack_sharing_enabled":true,"_links":{"self":[{"href":"https:\/\/virginietauteure.com\/index.php?rest_route=\/wp\/v2\/product\/567","targetHints":{"allow":["GET"]}}],"collection":[{"href":"https:\/\/virginietauteure.com\/index.php?rest_route=\/wp\/v2\/product"}],"about":[{"href":"https:\/\/virginietauteure.com\/index.php?rest_route=\/wp\/v2\/types\/product"}],"replies":[{"embeddable":true,"href":"https:\/\/virginietauteure.com\/index.php?rest_route=%2Fwp%2Fv2%2Fcomments&post=567"}],"wp:featuredmedia":[{"embeddable":true,"href":"https:\/\/virginietauteure.com\/index.php?rest_route=\/wp\/v2\/media\/568"}],"wp:attachment":[{"href":"https:\/\/virginietauteure.com\/index.php?rest_route=%2Fwp%2Fv2%2Fmedia&parent=567"}],"wp:term":[{"taxonomy":"product_brand","embeddable":true,"href":"https:\/\/virginietauteure.com\/index.php?rest_route=%2Fwp%2Fv2%2Fproduct_brand&post=567"},{"taxonomy":"product_cat","embeddable":true,"href":"https:\/\/virginietauteure.com\/index.php?rest_route=%2Fwp%2Fv2%2Fproduct_cat&post=567"},{"taxonomy":"product_tag","embeddable":true,"href":"https:\/\/virginietauteure.com\/index.php?rest_route=%2Fwp%2Fv2%2Fproduct_tag&post=567"}],"curies":[{"name":"wp","href":"https:\/\/api.w.org\/{rel}","templated":true}]}}