{"id":659,"date":"2024-10-05T09:40:25","date_gmt":"2024-10-05T08:40:25","guid":{"rendered":"https:\/\/virginietauteure.com\/?post_type=product&#038;p=659"},"modified":"2025-11-17T09:52:26","modified_gmt":"2025-11-17T08:52:26","slug":"les-dragons-exiles-integrale-spin-off","status":"publish","type":"product","link":"https:\/\/virginietauteure.com\/?product=les-dragons-exiles-integrale-spin-off","title":{"rendered":"Les dragons exil\u00e9s &#8211; int\u00e9grale spin off"},"content":{"rendered":"<p>L&rsquo;aventure des dragons exil\u00e9s ne pouvait pas se terminer alors que Ceti n&rsquo;avait pas eu l&rsquo;occasion de d\u00e9couvrir sa vamikina. Retrouver dans cette int\u00e9grale les tomes Sauver le dragon et dompter le dragon, les deux spin off de la saga.<br \/>\nEntre la Terre et Loumia, les diff\u00e9rences sont grandes. Deux plan\u00e8tes, deux peuples aux nombreuses facettes et aux valeurs plus semblables qu&rsquo;il n&rsquo;y parait, mais hommes et femmes sont-ils faits pour s&rsquo;entendre? Les dragons n&rsquo;ont pas le choix s&rsquo;ils esp\u00e8rent sauver leur esp\u00e8ce de l&rsquo;extinction.<\/p>\n<p>Version reli\u00e9e avec couverture cartonn\u00e9e et illustrations int\u00e9rieures<\/p>\n","protected":false},"excerpt":{"rendered":"<p>L&rsquo;aventure des dragons exil\u00e9s ne pouvait pas se terminer alors que Ceti n&rsquo;avait pas eu l&rsquo;occasion de d\u00e9couvrir sa vamikina. Retrouver dans cette int\u00e9grale les tomes Sauver le dragon et &hellip; <\/p>\n","protected":false},"featured_media":660,"comment_status":"open","ping_status":"closed","template":"","meta":[],"product_brand":[],"product_cat":[18],"product_tag":[],"class_list":{"0":"post-659","1":"product","2":"type-product","3":"status-publish","4":"has-post-thumbnail","6":"product_cat-livres-relies-dedicaces","8":"first","9":"onbackorder","10":"shipping-taxable","11":"purchasable","12":"product-type-simple"},"jetpack-related-posts":[],"jetpack_sharing_enabled":true,"_links":{"self":[{"href":"https:\/\/virginietauteure.com\/index.php?rest_route=\/wp\/v2\/product\/659","targetHints":{"allow":["GET"]}}],"collection":[{"href":"https:\/\/virginietauteure.com\/index.php?rest_route=\/wp\/v2\/product"}],"about":[{"href":"https:\/\/virginietauteure.com\/index.php?rest_route=\/wp\/v2\/types\/product"}],"replies":[{"embeddable":true,"href":"https:\/\/virginietauteure.com\/index.php?rest_route=%2Fwp%2Fv2%2Fcomments&post=659"}],"wp:featuredmedia":[{"embeddable":true,"href":"https:\/\/virginietauteure.com\/index.php?rest_route=\/wp\/v2\/media\/660"}],"wp:attachment":[{"href":"https:\/\/virginietauteure.com\/index.php?rest_route=%2Fwp%2Fv2%2Fmedia&parent=659"}],"wp:term":[{"taxonomy":"product_brand","embeddable":true,"href":"https:\/\/virginietauteure.com\/index.php?rest_route=%2Fwp%2Fv2%2Fproduct_brand&post=659"},{"taxonomy":"product_cat","embeddable":true,"href":"https:\/\/virginietauteure.com\/index.php?rest_route=%2Fwp%2Fv2%2Fproduct_cat&post=659"},{"taxonomy":"product_tag","embeddable":true,"href":"https:\/\/virginietauteure.com\/index.php?rest_route=%2Fwp%2Fv2%2Fproduct_tag&post=659"}],"curies":[{"name":"wp","href":"https:\/\/api.w.org\/{rel}","templated":true}]}}