{"id":661,"date":"2024-10-05T09:41:50","date_gmt":"2024-10-05T08:41:50","guid":{"rendered":"https:\/\/virginietauteure.com\/?post_type=product&#038;p=661"},"modified":"2024-11-08T09:51:37","modified_gmt":"2024-11-08T08:51:37","slug":"les-dragons-exiles-integrale-spin-off-2","status":"publish","type":"product","link":"https:\/\/virginietauteure.com\/?product=les-dragons-exiles-integrale-spin-off-2","title":{"rendered":"Les dragons exil\u00e9s &#8211; int\u00e9grale spin off"},"content":{"rendered":"<p>L&rsquo;aventure des dragons exil\u00e9s ne pouvait pas se terminer alors que Ceti n&rsquo;avait pas eu l&rsquo;occasion de d\u00e9couvrir sa vamikina. Retrouver dans cette int\u00e9grale les tomes Sauver le dragon et dompter le dragon, les deux spin off de la saga.<br \/>\nEntre la Terre et Loumia, les diff\u00e9rences sont grandes. Deux plan\u00e8tes, deux peuples aux nombreuses facettes et aux valeurs plus semblables qu&rsquo;il n&rsquo;y parait, mais hommes et femmes sont-ils faits pour s&rsquo;entendre? Les dragons n&rsquo;ont pas le choix s&rsquo;ils esp\u00e8rent sauver leur esp\u00e8ce de l&rsquo;extinction.<\/p>\n<p>&nbsp;<\/p>\n","protected":false},"excerpt":{"rendered":"<p>L&rsquo;aventure des dragons exil\u00e9s ne pouvait pas se terminer alors que Ceti n&rsquo;avait pas eu l&rsquo;occasion de d\u00e9couvrir sa vamikina. Retrouver dans cette int\u00e9grale les tomes Sauver le dragon et &hellip; <\/p>\n","protected":false},"featured_media":660,"comment_status":"open","ping_status":"closed","template":"","meta":[],"product_brand":[],"product_cat":[22],"product_tag":[],"class_list":{"0":"post-661","1":"product","2":"type-product","3":"status-publish","4":"has-post-thumbnail","6":"product_cat-integrale-broches","8":"first","9":"instock","10":"shipping-taxable","11":"purchasable","12":"product-type-simple"},"jetpack-related-posts":[],"jetpack_sharing_enabled":true,"_links":{"self":[{"href":"https:\/\/virginietauteure.com\/index.php?rest_route=\/wp\/v2\/product\/661","targetHints":{"allow":["GET"]}}],"collection":[{"href":"https:\/\/virginietauteure.com\/index.php?rest_route=\/wp\/v2\/product"}],"about":[{"href":"https:\/\/virginietauteure.com\/index.php?rest_route=\/wp\/v2\/types\/product"}],"replies":[{"embeddable":true,"href":"https:\/\/virginietauteure.com\/index.php?rest_route=%2Fwp%2Fv2%2Fcomments&post=661"}],"wp:featuredmedia":[{"embeddable":true,"href":"https:\/\/virginietauteure.com\/index.php?rest_route=\/wp\/v2\/media\/660"}],"wp:attachment":[{"href":"https:\/\/virginietauteure.com\/index.php?rest_route=%2Fwp%2Fv2%2Fmedia&parent=661"}],"wp:term":[{"taxonomy":"product_brand","embeddable":true,"href":"https:\/\/virginietauteure.com\/index.php?rest_route=%2Fwp%2Fv2%2Fproduct_brand&post=661"},{"taxonomy":"product_cat","embeddable":true,"href":"https:\/\/virginietauteure.com\/index.php?rest_route=%2Fwp%2Fv2%2Fproduct_cat&post=661"},{"taxonomy":"product_tag","embeddable":true,"href":"https:\/\/virginietauteure.com\/index.php?rest_route=%2Fwp%2Fv2%2Fproduct_tag&post=661"}],"curies":[{"name":"wp","href":"https:\/\/api.w.org\/{rel}","templated":true}]}}