{"id":697,"date":"2024-12-09T13:51:48","date_gmt":"2024-12-09T12:51:48","guid":{"rendered":"https:\/\/virginietauteure.com\/?post_type=product&#038;p=697"},"modified":"2026-04-16T10:23:53","modified_gmt":"2026-04-16T09:23:53","slug":"litha-princesse-de-la-brume-3","status":"publish","type":"product","link":"https:\/\/virginietauteure.com\/?product=litha-princesse-de-la-brume-3","title":{"rendered":"Litha, princesse de la brume"},"content":{"rendered":"<div class=\"a-expander-content a-expander-partial-collapse-content\" data-expanded=\"false\">\n<h4><span class=\"a-text-bold\">J&rsquo;\u00e9tais destin\u00e9e \u00e0 mourir, retourner poussi\u00e8re, dispara\u00eetre dans le n\u00e9ant, <\/span><\/h4>\n<p>jusqu&rsquo;\u00e0 ce que j&rsquo;entende cet appel. La voix envo\u00fbtante m&rsquo;incite \u00e0 traverser la brume. Beaucoup ont essay\u00e9, personne n&rsquo;en est jamais revenu. Suis-je pr\u00eate \u00e0 prendre ce risque?<\/p>\n<h4><span class=\"a-text-bold\">Mais au fond, ai-je r\u00e9ellement quelque chose \u00e0 perdre?<\/span><\/h4>\n<\/div>\n","protected":false},"excerpt":{"rendered":"<p>J&rsquo;\u00e9tais destin\u00e9e \u00e0 mourir, retourner poussi\u00e8re, dispara\u00eetre dans le n\u00e9ant, jusqu&rsquo;\u00e0 ce que j&rsquo;entende cet appel. La voix envo\u00fbtante m&rsquo;incite \u00e0 traverser la brume. Beaucoup ont essay\u00e9, personne n&rsquo;en est &hellip; <\/p>\n","protected":false},"featured_media":510,"comment_status":"open","ping_status":"closed","template":"","meta":[],"product_brand":[],"product_cat":[25,36],"product_tag":[],"class_list":{"0":"post-697","1":"product","2":"type-product","3":"status-publish","4":"has-post-thumbnail","6":"product_cat-ebook","7":"product_cat-one-shot-fantasy","9":"first","10":"instock","11":"downloadable","12":"shipping-taxable","13":"purchasable","14":"product-type-simple"},"jetpack-related-posts":[],"jetpack_sharing_enabled":true,"_links":{"self":[{"href":"https:\/\/virginietauteure.com\/index.php?rest_route=\/wp\/v2\/product\/697","targetHints":{"allow":["GET"]}}],"collection":[{"href":"https:\/\/virginietauteure.com\/index.php?rest_route=\/wp\/v2\/product"}],"about":[{"href":"https:\/\/virginietauteure.com\/index.php?rest_route=\/wp\/v2\/types\/product"}],"replies":[{"embeddable":true,"href":"https:\/\/virginietauteure.com\/index.php?rest_route=%2Fwp%2Fv2%2Fcomments&post=697"}],"wp:featuredmedia":[{"embeddable":true,"href":"https:\/\/virginietauteure.com\/index.php?rest_route=\/wp\/v2\/media\/510"}],"wp:attachment":[{"href":"https:\/\/virginietauteure.com\/index.php?rest_route=%2Fwp%2Fv2%2Fmedia&parent=697"}],"wp:term":[{"taxonomy":"product_brand","embeddable":true,"href":"https:\/\/virginietauteure.com\/index.php?rest_route=%2Fwp%2Fv2%2Fproduct_brand&post=697"},{"taxonomy":"product_cat","embeddable":true,"href":"https:\/\/virginietauteure.com\/index.php?rest_route=%2Fwp%2Fv2%2Fproduct_cat&post=697"},{"taxonomy":"product_tag","embeddable":true,"href":"https:\/\/virginietauteure.com\/index.php?rest_route=%2Fwp%2Fv2%2Fproduct_tag&post=697"}],"curies":[{"name":"wp","href":"https:\/\/api.w.org\/{rel}","templated":true}]}}