{"id":733,"date":"2025-02-12T14:30:32","date_gmt":"2025-02-12T13:30:32","guid":{"rendered":"https:\/\/virginietauteure.com\/?post_type=product&#038;p=733"},"modified":"2025-02-12T14:33:18","modified_gmt":"2025-02-12T13:33:18","slug":"les-archanges-du-zodiaque-integrale-2","status":"publish","type":"product","link":"https:\/\/virginietauteure.com\/?product=les-archanges-du-zodiaque-integrale-2","title":{"rendered":"les archanges du zodiaque &#8211; Int\u00e9grale"},"content":{"rendered":"<div class=\"a-expander-content a-expander-partial-collapse-content\" data-expanded=\"false\">\n<h4><span class=\"a-text-bold\">Douze archanges peuvent-ils r\u00e9ellement sauver le monde de la d\u00e9perdition?<\/span><\/h4>\n<p>Les archanges du zodiaque ont \u00e9t\u00e9 envoy\u00e9s sur terre pour sauver les humains du Mal et ils ont \u00e9chou\u00e9s. Tous les anges sont morts. Eux-m\u00eames ne sont plus que l\u2019ombre de ce qu\u2019ils \u00e9taient. Il n\u2019y a plus grande diff\u00e9rence entre eux et les humains lambda en dehors de leur immortalit\u00e9 et m\u00eame cela n\u2019est d\u00e9sormais plus une certitude. Cependant, une rencontre va radicalement transformer leur avenir. Tout espoir n\u2019est pas perdu tant qu\u2019il reste une once de bont\u00e9 dans le monde. N\u00e9anmoins, ils vont devoir se battre pour embrasser leur destin\u00e9e.<\/p>\n<h4>L&rsquo;int\u00e9grale Partie 1 comprend les quatre premiers tomes de la saga: le b\u00e9lier, le scorpion, le capricorne et la balance<\/h4>\n<h4>L&rsquo;int\u00e9grale Partie 2 comprend quatre tomes de la saga: le sagittaire, le g\u00e9meau, le poisson et la vierge<\/h4>\n<\/div>\n","protected":false},"excerpt":{"rendered":"<p>Douze archanges peuvent-ils r\u00e9ellement sauver le monde de la d\u00e9perdition? Les archanges du zodiaque ont \u00e9t\u00e9 envoy\u00e9s sur terre pour sauver les humains du Mal et ils ont \u00e9chou\u00e9s. Tous &hellip; <\/p>\n","protected":false},"featured_media":734,"comment_status":"open","ping_status":"closed","template":"","meta":[],"product_brand":[],"product_cat":[22],"product_tag":[],"class_list":{"0":"post-733","1":"product","2":"type-product","3":"status-publish","4":"has-post-thumbnail","6":"product_cat-integrale-broches","8":"first","9":"onbackorder","10":"shipping-taxable","11":"purchasable","12":"product-type-simple"},"jetpack-related-posts":[],"jetpack_sharing_enabled":true,"_links":{"self":[{"href":"https:\/\/virginietauteure.com\/index.php?rest_route=\/wp\/v2\/product\/733","targetHints":{"allow":["GET"]}}],"collection":[{"href":"https:\/\/virginietauteure.com\/index.php?rest_route=\/wp\/v2\/product"}],"about":[{"href":"https:\/\/virginietauteure.com\/index.php?rest_route=\/wp\/v2\/types\/product"}],"replies":[{"embeddable":true,"href":"https:\/\/virginietauteure.com\/index.php?rest_route=%2Fwp%2Fv2%2Fcomments&post=733"}],"wp:featuredmedia":[{"embeddable":true,"href":"https:\/\/virginietauteure.com\/index.php?rest_route=\/wp\/v2\/media\/734"}],"wp:attachment":[{"href":"https:\/\/virginietauteure.com\/index.php?rest_route=%2Fwp%2Fv2%2Fmedia&parent=733"}],"wp:term":[{"taxonomy":"product_brand","embeddable":true,"href":"https:\/\/virginietauteure.com\/index.php?rest_route=%2Fwp%2Fv2%2Fproduct_brand&post=733"},{"taxonomy":"product_cat","embeddable":true,"href":"https:\/\/virginietauteure.com\/index.php?rest_route=%2Fwp%2Fv2%2Fproduct_cat&post=733"},{"taxonomy":"product_tag","embeddable":true,"href":"https:\/\/virginietauteure.com\/index.php?rest_route=%2Fwp%2Fv2%2Fproduct_tag&post=733"}],"curies":[{"name":"wp","href":"https:\/\/api.w.org\/{rel}","templated":true}]}}