{"id":876,"date":"2025-10-06T16:50:47","date_gmt":"2025-10-06T15:50:47","guid":{"rendered":"https:\/\/virginietauteure.com\/?post_type=product&#038;p=876"},"modified":"2025-10-06T16:50:48","modified_gmt":"2025-10-06T15:50:48","slug":"choisis-mon-ange-les-anges-dechus-tome-5","status":"publish","type":"product","link":"https:\/\/virginietauteure.com\/?product=choisis-mon-ange-les-anges-dechus-tome-5","title":{"rendered":"Choisis mon ange &#8211; les anges d\u00e9chus tome 5"},"content":{"rendered":"<div class=\"a-expander-content a-expander-partial-collapse-content a-expander-content-expanded\" data-expanded=\"true\">\n<div class=\"a-section a-spacing-none a-padding-none collectionDescription\">Quand Kezef voit la vie de sa prot\u00e9g\u00e9e menac\u00e9e, il est pr\u00eat \u00e0 la sauver envers et contre tous. Sauf que ce n&rsquo;est pas le destin qu&rsquo;a pr\u00e9dit l&rsquo;Ange Ultime. Au contraire, il doit la laisser seule au pire moment. Faire appel aux d\u00e9chus est alors une \u00e9vidence. Mais seront-ils capables de la sauver \u00e0 sa place?<br \/>\n<span class=\"a-text-bold\">Tome ind\u00e9pendant avec une v\u00e9ritable fin<\/span><\/div>\n<\/div>\n","protected":false},"excerpt":{"rendered":"<p>Quand Kezef voit la vie de sa prot\u00e9g\u00e9e menac\u00e9e, il est pr\u00eat \u00e0 la sauver envers et contre tous. Sauf que ce n&rsquo;est pas le destin qu&rsquo;a pr\u00e9dit l&rsquo;Ange Ultime. &hellip; <\/p>\n","protected":false},"featured_media":877,"comment_status":"open","ping_status":"closed","template":"","meta":[],"product_brand":[],"product_cat":[26],"product_tag":[],"class_list":{"0":"post-876","1":"product","2":"type-product","3":"status-publish","4":"has-post-thumbnail","6":"product_cat-livres-declasses-50","7":"product_shipping_class-declasse-en-shop-to-shop","9":"first","10":"instock","11":"shipping-taxable","12":"purchasable","13":"product-type-simple"},"jetpack-related-posts":[],"jetpack_sharing_enabled":true,"_links":{"self":[{"href":"https:\/\/virginietauteure.com\/index.php?rest_route=\/wp\/v2\/product\/876","targetHints":{"allow":["GET"]}}],"collection":[{"href":"https:\/\/virginietauteure.com\/index.php?rest_route=\/wp\/v2\/product"}],"about":[{"href":"https:\/\/virginietauteure.com\/index.php?rest_route=\/wp\/v2\/types\/product"}],"replies":[{"embeddable":true,"href":"https:\/\/virginietauteure.com\/index.php?rest_route=%2Fwp%2Fv2%2Fcomments&post=876"}],"wp:featuredmedia":[{"embeddable":true,"href":"https:\/\/virginietauteure.com\/index.php?rest_route=\/wp\/v2\/media\/877"}],"wp:attachment":[{"href":"https:\/\/virginietauteure.com\/index.php?rest_route=%2Fwp%2Fv2%2Fmedia&parent=876"}],"wp:term":[{"taxonomy":"product_brand","embeddable":true,"href":"https:\/\/virginietauteure.com\/index.php?rest_route=%2Fwp%2Fv2%2Fproduct_brand&post=876"},{"taxonomy":"product_cat","embeddable":true,"href":"https:\/\/virginietauteure.com\/index.php?rest_route=%2Fwp%2Fv2%2Fproduct_cat&post=876"},{"taxonomy":"product_tag","embeddable":true,"href":"https:\/\/virginietauteure.com\/index.php?rest_route=%2Fwp%2Fv2%2Fproduct_tag&post=876"}],"curies":[{"name":"wp","href":"https:\/\/api.w.org\/{rel}","templated":true}]}}