{"id":879,"date":"2025-10-12T16:54:02","date_gmt":"2025-10-12T15:54:02","guid":{"rendered":"https:\/\/virginietauteure.com\/?post_type=product&#038;p=879"},"modified":"2026-04-16T10:23:45","modified_gmt":"2026-04-16T09:23:45","slug":"la-colere-du-dragon-dakota-jones-tome-2","status":"publish","type":"product","link":"https:\/\/virginietauteure.com\/?product=la-colere-du-dragon-dakota-jones-tome-2","title":{"rendered":"La col\u00e8re du dragon &#8211; Dakota Jones tome 2"},"content":{"rendered":"<h4><span class=\"a-text-bold\">Retrouvez Dakota Jones dans cet urban fantasy haletant plein de rebondissements<\/span><\/h4>\n<p>Apr\u00e8s la mort de son p\u00e8re, le g\u00e9n\u00e9ral Jones, Dakota aspire \u00e0 une vie paisible aupr\u00e8s d&rsquo;Eldrekki tout en continuant son travail parmi les Traqueurs de D\u00e9mons. Cependant, la d\u00e9couverte des secrets de son g\u00e9niteur va chambouler ses plans. Les monstres ne sont pas toujours ceux que l&rsquo;on voit en \u00e9carlate et le pire reste \u00e0 venir.<\/p>\n","protected":false},"excerpt":{"rendered":"<p>Retrouvez Dakota Jones dans cet urban fantasy haletant plein de rebondissements Apr\u00e8s la mort de son p\u00e8re, le g\u00e9n\u00e9ral Jones, Dakota aspire \u00e0 une vie paisible aupr\u00e8s d&rsquo;Eldrekki tout en &hellip; <\/p>\n","protected":false},"featured_media":884,"comment_status":"open","ping_status":"closed","template":"","meta":[],"product_brand":[],"product_cat":[33,25],"product_tag":[],"class_list":{"0":"post-879","1":"product","2":"type-product","3":"status-publish","4":"has-post-thumbnail","6":"product_cat-dakota-jones","7":"product_cat-ebook","9":"first","10":"instock","11":"downloadable","12":"shipping-taxable","13":"purchasable","14":"product-type-simple"},"jetpack-related-posts":[],"jetpack_sharing_enabled":true,"_links":{"self":[{"href":"https:\/\/virginietauteure.com\/index.php?rest_route=\/wp\/v2\/product\/879","targetHints":{"allow":["GET"]}}],"collection":[{"href":"https:\/\/virginietauteure.com\/index.php?rest_route=\/wp\/v2\/product"}],"about":[{"href":"https:\/\/virginietauteure.com\/index.php?rest_route=\/wp\/v2\/types\/product"}],"replies":[{"embeddable":true,"href":"https:\/\/virginietauteure.com\/index.php?rest_route=%2Fwp%2Fv2%2Fcomments&post=879"}],"wp:featuredmedia":[{"embeddable":true,"href":"https:\/\/virginietauteure.com\/index.php?rest_route=\/wp\/v2\/media\/884"}],"wp:attachment":[{"href":"https:\/\/virginietauteure.com\/index.php?rest_route=%2Fwp%2Fv2%2Fmedia&parent=879"}],"wp:term":[{"taxonomy":"product_brand","embeddable":true,"href":"https:\/\/virginietauteure.com\/index.php?rest_route=%2Fwp%2Fv2%2Fproduct_brand&post=879"},{"taxonomy":"product_cat","embeddable":true,"href":"https:\/\/virginietauteure.com\/index.php?rest_route=%2Fwp%2Fv2%2Fproduct_cat&post=879"},{"taxonomy":"product_tag","embeddable":true,"href":"https:\/\/virginietauteure.com\/index.php?rest_route=%2Fwp%2Fv2%2Fproduct_tag&post=879"}],"curies":[{"name":"wp","href":"https:\/\/api.w.org\/{rel}","templated":true}]}}