{"id":882,"date":"2025-10-12T16:56:44","date_gmt":"2025-10-12T15:56:44","guid":{"rendered":"https:\/\/virginietauteure.com\/?post_type=product&#038;p=882"},"modified":"2026-04-16T10:23:30","modified_gmt":"2026-04-16T09:23:30","slug":"la-determination-du-dragon-dakota-jones-tome-3","status":"publish","type":"product","link":"https:\/\/virginietauteure.com\/?product=la-determination-du-dragon-dakota-jones-tome-3","title":{"rendered":"La d\u00e9termination du dragon &#8211; Dakota Jones tome 3"},"content":{"rendered":"<hr \/>\n<p><strong><span class=\"a-text-bold\">La saga s&rsquo;ach\u00e8ve&#8230;<\/span><\/strong><\/p>\n<div id=\"bookDescription_feature_div\" class=\"celwidget\" data-feature-name=\"bookDescription\" data-csa-c-type=\"widget\" data-csa-c-content-id=\"bookDescription\" data-csa-c-slot-id=\"bookDescription_feature_div\" data-csa-c-asin=\"B0B5KQ92VM\" data-csa-c-is-in-initial-active-row=\"false\" data-csa-c-id=\"ci9rkf-2c70hw-17dsf5-8y0bx5\" data-cel-widget=\"bookDescription_feature_div\">\n<div class=\"a-expander-collapsed-height a-row a-expander-container a-spacing-base a-expander-partial-collapse-container\" data-a-expander-name=\"book_description_expander\" data-a-expander-collapsed-height=\"280\">\n<div class=\"a-expander-content a-expander-partial-collapse-content\" data-expanded=\"false\">La guerre opposant les Traqueurs de D\u00e9mons et les d\u00e9mons n&rsquo;a jamais \u00e9t\u00e9 si proche. Du choix de Dakota d\u00e9coule des cons\u00e9quences qu&rsquo;elle ne soup\u00e7onnait pas. Elle ne veut plus jamais enterrer un ami, mais sera-t-elle assez forte pour \u00e9viter de les perdre? Et Eldrekki sera-t-il assez puissant pour venir \u00e0 bout de la menace qui plane au-dessus de leurs t\u00eates?<\/div>\n<\/div>\n<\/div>\n","protected":false},"excerpt":{"rendered":"<p>La saga s&rsquo;ach\u00e8ve&#8230; La guerre opposant les Traqueurs de D\u00e9mons et les d\u00e9mons n&rsquo;a jamais \u00e9t\u00e9 si proche. Du choix de Dakota d\u00e9coule des cons\u00e9quences qu&rsquo;elle ne soup\u00e7onnait pas. Elle &hellip; <\/p>\n","protected":false},"featured_media":881,"comment_status":"open","ping_status":"closed","template":"","meta":[],"product_brand":[],"product_cat":[33,25],"product_tag":[],"class_list":{"0":"post-882","1":"product","2":"type-product","3":"status-publish","4":"has-post-thumbnail","6":"product_cat-dakota-jones","7":"product_cat-ebook","9":"first","10":"instock","11":"downloadable","12":"shipping-taxable","13":"purchasable","14":"product-type-simple"},"jetpack-related-posts":[],"jetpack_sharing_enabled":true,"_links":{"self":[{"href":"https:\/\/virginietauteure.com\/index.php?rest_route=\/wp\/v2\/product\/882","targetHints":{"allow":["GET"]}}],"collection":[{"href":"https:\/\/virginietauteure.com\/index.php?rest_route=\/wp\/v2\/product"}],"about":[{"href":"https:\/\/virginietauteure.com\/index.php?rest_route=\/wp\/v2\/types\/product"}],"replies":[{"embeddable":true,"href":"https:\/\/virginietauteure.com\/index.php?rest_route=%2Fwp%2Fv2%2Fcomments&post=882"}],"wp:featuredmedia":[{"embeddable":true,"href":"https:\/\/virginietauteure.com\/index.php?rest_route=\/wp\/v2\/media\/881"}],"wp:attachment":[{"href":"https:\/\/virginietauteure.com\/index.php?rest_route=%2Fwp%2Fv2%2Fmedia&parent=882"}],"wp:term":[{"taxonomy":"product_brand","embeddable":true,"href":"https:\/\/virginietauteure.com\/index.php?rest_route=%2Fwp%2Fv2%2Fproduct_brand&post=882"},{"taxonomy":"product_cat","embeddable":true,"href":"https:\/\/virginietauteure.com\/index.php?rest_route=%2Fwp%2Fv2%2Fproduct_cat&post=882"},{"taxonomy":"product_tag","embeddable":true,"href":"https:\/\/virginietauteure.com\/index.php?rest_route=%2Fwp%2Fv2%2Fproduct_tag&post=882"}],"curies":[{"name":"wp","href":"https:\/\/api.w.org\/{rel}","templated":true}]}}