{"id":885,"date":"2025-10-12T17:11:34","date_gmt":"2025-10-12T16:11:34","guid":{"rendered":"https:\/\/virginietauteure.com\/?post_type=product&#038;p=885"},"modified":"2026-04-16T10:23:20","modified_gmt":"2026-04-16T09:23:20","slug":"danse-mon-ange-anges-dechus-tome-1","status":"publish","type":"product","link":"https:\/\/virginietauteure.com\/?product=danse-mon-ange-anges-dechus-tome-1","title":{"rendered":"Danse mon ange &#8211; Anges d\u00e9chus tome 1"},"content":{"rendered":"<p>Caitlyn est la t\u00eate d&rsquo;affiche de l&rsquo;American Ballet Theater de New York depuis plusieurs ann\u00e9es. Solitaire et renferm\u00e9e, sa vie tourne autour de la danse et sa plus grande fan n&rsquo;est autre que sa grand-m\u00e8re. Tout bascule quand quelqu&rsquo;un se met \u00e0 la harceler. Qui cela peut-il \u00eatre et dans quel but? Sa grand-m\u00e8re est pr\u00eate \u00e0 tout pour la prot\u00e9ger, y compris la mettre sur le chemin de son myst\u00e9rieux voisin Baraqiel.<\/p>\n<h4><span class=\"a-text-bold\">Tome pouvant \u00eatre lu ind\u00e9pendamment <\/span><\/h4>\n","protected":false},"excerpt":{"rendered":"<p>Caitlyn est la t\u00eate d&rsquo;affiche de l&rsquo;American Ballet Theater de New York depuis plusieurs ann\u00e9es. Solitaire et renferm\u00e9e, sa vie tourne autour de la danse et sa plus grande fan &hellip; <\/p>\n","protected":false},"featured_media":887,"comment_status":"open","ping_status":"closed","template":"","meta":[],"product_brand":[],"product_cat":[25,34],"product_tag":[],"class_list":{"0":"post-885","1":"product","2":"type-product","3":"status-publish","4":"has-post-thumbnail","6":"product_cat-ebook","7":"product_cat-les-anges-dechus","9":"first","10":"instock","11":"downloadable","12":"shipping-taxable","13":"purchasable","14":"product-type-simple"},"jetpack-related-posts":[],"jetpack_sharing_enabled":true,"_links":{"self":[{"href":"https:\/\/virginietauteure.com\/index.php?rest_route=\/wp\/v2\/product\/885","targetHints":{"allow":["GET"]}}],"collection":[{"href":"https:\/\/virginietauteure.com\/index.php?rest_route=\/wp\/v2\/product"}],"about":[{"href":"https:\/\/virginietauteure.com\/index.php?rest_route=\/wp\/v2\/types\/product"}],"replies":[{"embeddable":true,"href":"https:\/\/virginietauteure.com\/index.php?rest_route=%2Fwp%2Fv2%2Fcomments&post=885"}],"wp:featuredmedia":[{"embeddable":true,"href":"https:\/\/virginietauteure.com\/index.php?rest_route=\/wp\/v2\/media\/887"}],"wp:attachment":[{"href":"https:\/\/virginietauteure.com\/index.php?rest_route=%2Fwp%2Fv2%2Fmedia&parent=885"}],"wp:term":[{"taxonomy":"product_brand","embeddable":true,"href":"https:\/\/virginietauteure.com\/index.php?rest_route=%2Fwp%2Fv2%2Fproduct_brand&post=885"},{"taxonomy":"product_cat","embeddable":true,"href":"https:\/\/virginietauteure.com\/index.php?rest_route=%2Fwp%2Fv2%2Fproduct_cat&post=885"},{"taxonomy":"product_tag","embeddable":true,"href":"https:\/\/virginietauteure.com\/index.php?rest_route=%2Fwp%2Fv2%2Fproduct_tag&post=885"}],"curies":[{"name":"wp","href":"https:\/\/api.w.org\/{rel}","templated":true}]}}