{"id":888,"date":"2025-10-16T09:39:09","date_gmt":"2025-10-16T08:39:09","guid":{"rendered":"https:\/\/virginietauteure.com\/?post_type=product&#038;p=888"},"modified":"2026-04-16T10:23:11","modified_gmt":"2026-04-16T09:23:11","slug":"les-couleurs-du-dragon","status":"publish","type":"product","link":"https:\/\/virginietauteure.com\/?product=les-couleurs-du-dragon","title":{"rendered":"Les couleurs du dragon &#8211; Dakota Jones 1"},"content":{"rendered":"<div class=\"a-expander-content a-expander-partial-collapse-content\" data-expanded=\"false\">\n<p><strong><span class=\"a-text-bold\">Dakota Jones est un traqueur de d\u00e9mons.<\/span><\/strong><\/p>\n<p>Sous les ordres de son p\u00e8re froid et distant, elle combat le mal jour et nuit avec ses co\u00e9quipiers, qui sont \u00e9galement ses amis, gr\u00e2ce \u00e0 son don hors du commun. Cependant, sa prochaine enqu\u00eate va bouleverser son monde. Sa rencontre avec Eldrekki, un homme aussi beau que myst\u00e9rieux, va modifier tant son pass\u00e9 que son avenir.<\/p>\n<p>Dakota se savait diff\u00e9rente, unique, elle va enfin d\u00e9couvrir pourquoi et les r\u00e9ponses pourraient bien ne pas lui plaire.<\/p>\n<\/div>\n","protected":false},"excerpt":{"rendered":"<p>Dakota Jones est un traqueur de d\u00e9mons. Sous les ordres de son p\u00e8re froid et distant, elle combat le mal jour et nuit avec ses co\u00e9quipiers, qui sont \u00e9galement ses &hellip; <\/p>\n","protected":false},"featured_media":890,"comment_status":"open","ping_status":"closed","template":"","meta":[],"product_brand":[],"product_cat":[33,25],"product_tag":[],"class_list":{"0":"post-888","1":"product","2":"type-product","3":"status-publish","4":"has-post-thumbnail","6":"product_cat-dakota-jones","7":"product_cat-ebook","9":"first","10":"instock","11":"downloadable","12":"shipping-taxable","13":"purchasable","14":"product-type-simple"},"jetpack-related-posts":[],"jetpack_sharing_enabled":true,"_links":{"self":[{"href":"https:\/\/virginietauteure.com\/index.php?rest_route=\/wp\/v2\/product\/888","targetHints":{"allow":["GET"]}}],"collection":[{"href":"https:\/\/virginietauteure.com\/index.php?rest_route=\/wp\/v2\/product"}],"about":[{"href":"https:\/\/virginietauteure.com\/index.php?rest_route=\/wp\/v2\/types\/product"}],"replies":[{"embeddable":true,"href":"https:\/\/virginietauteure.com\/index.php?rest_route=%2Fwp%2Fv2%2Fcomments&post=888"}],"wp:featuredmedia":[{"embeddable":true,"href":"https:\/\/virginietauteure.com\/index.php?rest_route=\/wp\/v2\/media\/890"}],"wp:attachment":[{"href":"https:\/\/virginietauteure.com\/index.php?rest_route=%2Fwp%2Fv2%2Fmedia&parent=888"}],"wp:term":[{"taxonomy":"product_brand","embeddable":true,"href":"https:\/\/virginietauteure.com\/index.php?rest_route=%2Fwp%2Fv2%2Fproduct_brand&post=888"},{"taxonomy":"product_cat","embeddable":true,"href":"https:\/\/virginietauteure.com\/index.php?rest_route=%2Fwp%2Fv2%2Fproduct_cat&post=888"},{"taxonomy":"product_tag","embeddable":true,"href":"https:\/\/virginietauteure.com\/index.php?rest_route=%2Fwp%2Fv2%2Fproduct_tag&post=888"}],"curies":[{"name":"wp","href":"https:\/\/api.w.org\/{rel}","templated":true}]}}