{"id":891,"date":"2025-10-16T09:43:17","date_gmt":"2025-10-16T08:43:17","guid":{"rendered":"https:\/\/virginietauteure.com\/?post_type=product&#038;p=891"},"modified":"2026-04-16T10:23:02","modified_gmt":"2026-04-16T09:23:02","slug":"dakota-jones-integrale-3","status":"publish","type":"product","link":"https:\/\/virginietauteure.com\/?product=dakota-jones-integrale-3","title":{"rendered":"Dakota Jones &#8211; Int\u00e9grale"},"content":{"rendered":"<p><strong>Je m\u2019appelle Dakota Jones et je suis une Traqueuse de D\u00e9mons<\/strong><\/p>\n<p>Vous ne les voyez pas. Pourtant, ils sont l\u00e0, parmi nous, \u00e0 tuer sans vergogne pour certains, \u00e0 vouloir vivre en paix pour d\u2019autres. Gr\u00e2ce \u00e0 mon don particulier, j\u2019aide \u00e0 maintenir la paix entre les mondes. Je suis unique. Enfin, c&rsquo;est ce que j\u2019ai toujours cru, jusqu\u2019\u00e0 ce que je le rencontre lui: Eldrekki. Ni humain ni d\u00e9mon, il va remettre en question toutes mes croyances.<\/p>\n<p>Un vrai shot d&rsquo;Urban Fantasy avec ce livre qui inclut les 3 tomes de la s\u00e9rie :<\/p>\n<p>&#8211; <span class=\"a-text-italic\">Les Couleurs du dragon<\/span><\/p>\n<p>&#8211; <span class=\"a-text-italic\">La Col\u00e8re du dragon<\/span><\/p>\n<p>&#8211; <span class=\"a-text-italic\">La D\u00e9termination du dragon<\/span><\/p>\n","protected":false},"excerpt":{"rendered":"<p>Je m\u2019appelle Dakota Jones et je suis une Traqueuse de D\u00e9mons Vous ne les voyez pas. Pourtant, ils sont l\u00e0, parmi nous, \u00e0 tuer sans vergogne pour certains, \u00e0 vouloir &hellip; <\/p>\n","protected":false},"featured_media":892,"comment_status":"open","ping_status":"closed","template":"","meta":[],"product_brand":[],"product_cat":[33,25],"product_tag":[],"class_list":{"0":"post-891","1":"product","2":"type-product","3":"status-publish","4":"has-post-thumbnail","6":"product_cat-dakota-jones","7":"product_cat-ebook","9":"first","10":"instock","11":"downloadable","12":"shipping-taxable","13":"purchasable","14":"product-type-simple"},"jetpack-related-posts":[],"jetpack_sharing_enabled":true,"_links":{"self":[{"href":"https:\/\/virginietauteure.com\/index.php?rest_route=\/wp\/v2\/product\/891","targetHints":{"allow":["GET"]}}],"collection":[{"href":"https:\/\/virginietauteure.com\/index.php?rest_route=\/wp\/v2\/product"}],"about":[{"href":"https:\/\/virginietauteure.com\/index.php?rest_route=\/wp\/v2\/types\/product"}],"replies":[{"embeddable":true,"href":"https:\/\/virginietauteure.com\/index.php?rest_route=%2Fwp%2Fv2%2Fcomments&post=891"}],"wp:featuredmedia":[{"embeddable":true,"href":"https:\/\/virginietauteure.com\/index.php?rest_route=\/wp\/v2\/media\/892"}],"wp:attachment":[{"href":"https:\/\/virginietauteure.com\/index.php?rest_route=%2Fwp%2Fv2%2Fmedia&parent=891"}],"wp:term":[{"taxonomy":"product_brand","embeddable":true,"href":"https:\/\/virginietauteure.com\/index.php?rest_route=%2Fwp%2Fv2%2Fproduct_brand&post=891"},{"taxonomy":"product_cat","embeddable":true,"href":"https:\/\/virginietauteure.com\/index.php?rest_route=%2Fwp%2Fv2%2Fproduct_cat&post=891"},{"taxonomy":"product_tag","embeddable":true,"href":"https:\/\/virginietauteure.com\/index.php?rest_route=%2Fwp%2Fv2%2Fproduct_tag&post=891"}],"curies":[{"name":"wp","href":"https:\/\/api.w.org\/{rel}","templated":true}]}}