{"id":896,"date":"2025-10-19T15:05:46","date_gmt":"2025-10-19T14:05:46","guid":{"rendered":"https:\/\/virginietauteure.com\/?post_type=product&#038;p=896"},"modified":"2025-10-19T15:05:47","modified_gmt":"2025-10-19T14:05:47","slug":"reveiller-le-dragon-les-dragons-exiles-tome-1","status":"publish","type":"product","link":"https:\/\/virginietauteure.com\/?product=reveiller-le-dragon-les-dragons-exiles-tome-1","title":{"rendered":"R\u00e9veiller le dragon &#8211; les dragons exil\u00e9s tome 1"},"content":{"rendered":"<p>En parfait \u00e9tat mais ancienne couverture qui n&rsquo;est plus \u00e9dit\u00e9e<\/p>\n<h4><span class=\"a-text-bold\">Parfois, un \u00e9v\u00e8nement anodin peut transformer notre vie \u00e0 jamais.<\/span><\/h4>\n<p>Je ne pensais pas perdre un jour mon royaume. \u00catre trahi de la sorte est le pire des affronts. Pourtant, il se pourrait bien que mon exil vienne de m&rsquo;offrir le plus magnifique des tr\u00e9sors et je m&rsquo;y connais en tr\u00e9sor. Je suis un dragon. Je vais me battre \u00e0 coups de griffes pour d\u00e9couvrir la v\u00e9rit\u00e9 et trouver ma place, o\u00f9 qu&rsquo;elle soit.<\/p>\n","protected":false},"excerpt":{"rendered":"<p>En parfait \u00e9tat mais ancienne couverture qui n&rsquo;est plus \u00e9dit\u00e9e Parfois, un \u00e9v\u00e8nement anodin peut transformer notre vie \u00e0 jamais. Je ne pensais pas perdre un jour mon royaume. \u00catre &hellip; <\/p>\n","protected":false},"featured_media":618,"comment_status":"open","ping_status":"closed","template":"","meta":[],"product_brand":[],"product_cat":[26],"product_tag":[],"class_list":{"0":"post-896","1":"product","2":"type-product","3":"status-publish","4":"has-post-thumbnail","6":"product_cat-livres-declasses-50","7":"product_shipping_class-declasse-en-shop-to-shop","9":"first","10":"instock","11":"shipping-taxable","12":"purchasable","13":"product-type-simple"},"jetpack-related-posts":[],"jetpack_sharing_enabled":true,"_links":{"self":[{"href":"https:\/\/virginietauteure.com\/index.php?rest_route=\/wp\/v2\/product\/896","targetHints":{"allow":["GET"]}}],"collection":[{"href":"https:\/\/virginietauteure.com\/index.php?rest_route=\/wp\/v2\/product"}],"about":[{"href":"https:\/\/virginietauteure.com\/index.php?rest_route=\/wp\/v2\/types\/product"}],"replies":[{"embeddable":true,"href":"https:\/\/virginietauteure.com\/index.php?rest_route=%2Fwp%2Fv2%2Fcomments&post=896"}],"wp:featuredmedia":[{"embeddable":true,"href":"https:\/\/virginietauteure.com\/index.php?rest_route=\/wp\/v2\/media\/618"}],"wp:attachment":[{"href":"https:\/\/virginietauteure.com\/index.php?rest_route=%2Fwp%2Fv2%2Fmedia&parent=896"}],"wp:term":[{"taxonomy":"product_brand","embeddable":true,"href":"https:\/\/virginietauteure.com\/index.php?rest_route=%2Fwp%2Fv2%2Fproduct_brand&post=896"},{"taxonomy":"product_cat","embeddable":true,"href":"https:\/\/virginietauteure.com\/index.php?rest_route=%2Fwp%2Fv2%2Fproduct_cat&post=896"},{"taxonomy":"product_tag","embeddable":true,"href":"https:\/\/virginietauteure.com\/index.php?rest_route=%2Fwp%2Fv2%2Fproduct_tag&post=896"}],"curies":[{"name":"wp","href":"https:\/\/api.w.org\/{rel}","templated":true}]}}