{"id":897,"date":"2025-10-19T15:08:13","date_gmt":"2025-10-19T14:08:13","guid":{"rendered":"https:\/\/virginietauteure.com\/?post_type=product&#038;p=897"},"modified":"2025-10-19T15:08:13","modified_gmt":"2025-10-19T14:08:13","slug":"suivre-le-dragon-les-dragons-exiles-3","status":"publish","type":"product","link":"https:\/\/virginietauteure.com\/?product=suivre-le-dragon-les-dragons-exiles-3","title":{"rendered":"Suivre le dragon &#8211; les dragons exil\u00e9s 3"},"content":{"rendered":"<p>En parfait \u00e9tat, mais ancienne couverture qui ne sera plus \u00e9dit\u00e9e<\/p>\n<p>Ma priorit\u00e9: obtenir des informations sur notre situation actuelle. Je suis un \u00e9rudit. Ma passion, ce sont les livres. Je suis apte \u00e0 r\u00e9soudre tous les probl\u00e8mes gr\u00e2ce aux pages noircies. Cependant, en cherchant des renseignements, j&rsquo;ai surtout d\u00e9couvert Becca. Elle change l&rsquo;ordre de mes consid\u00e9rations. J&rsquo;esp\u00e8re ne pas avoir \u00e0 choisir entre ma vamikina et mes fr\u00e8res de toujours, car la d\u00e9cision me tuerait.<\/p>\n","protected":false},"excerpt":{"rendered":"<p>En parfait \u00e9tat, mais ancienne couverture qui ne sera plus \u00e9dit\u00e9e Ma priorit\u00e9: obtenir des informations sur notre situation actuelle. Je suis un \u00e9rudit. Ma passion, ce sont les livres. &hellip; <\/p>\n","protected":false},"featured_media":621,"comment_status":"open","ping_status":"closed","template":"","meta":[],"product_brand":[],"product_cat":[26],"product_tag":[],"class_list":{"0":"post-897","1":"product","2":"type-product","3":"status-publish","4":"has-post-thumbnail","6":"product_cat-livres-declasses-50","7":"product_shipping_class-declasse-en-shop-to-shop","9":"first","10":"instock","11":"shipping-taxable","12":"purchasable","13":"product-type-simple"},"jetpack-related-posts":[],"jetpack_sharing_enabled":true,"_links":{"self":[{"href":"https:\/\/virginietauteure.com\/index.php?rest_route=\/wp\/v2\/product\/897","targetHints":{"allow":["GET"]}}],"collection":[{"href":"https:\/\/virginietauteure.com\/index.php?rest_route=\/wp\/v2\/product"}],"about":[{"href":"https:\/\/virginietauteure.com\/index.php?rest_route=\/wp\/v2\/types\/product"}],"replies":[{"embeddable":true,"href":"https:\/\/virginietauteure.com\/index.php?rest_route=%2Fwp%2Fv2%2Fcomments&post=897"}],"wp:featuredmedia":[{"embeddable":true,"href":"https:\/\/virginietauteure.com\/index.php?rest_route=\/wp\/v2\/media\/621"}],"wp:attachment":[{"href":"https:\/\/virginietauteure.com\/index.php?rest_route=%2Fwp%2Fv2%2Fmedia&parent=897"}],"wp:term":[{"taxonomy":"product_brand","embeddable":true,"href":"https:\/\/virginietauteure.com\/index.php?rest_route=%2Fwp%2Fv2%2Fproduct_brand&post=897"},{"taxonomy":"product_cat","embeddable":true,"href":"https:\/\/virginietauteure.com\/index.php?rest_route=%2Fwp%2Fv2%2Fproduct_cat&post=897"},{"taxonomy":"product_tag","embeddable":true,"href":"https:\/\/virginietauteure.com\/index.php?rest_route=%2Fwp%2Fv2%2Fproduct_tag&post=897"}],"curies":[{"name":"wp","href":"https:\/\/api.w.org\/{rel}","templated":true}]}}