{"id":898,"date":"2025-10-21T11:33:47","date_gmt":"2025-10-21T10:33:47","guid":{"rendered":"https:\/\/virginietauteure.com\/?post_type=product&#038;p=898"},"modified":"2025-10-21T11:34:47","modified_gmt":"2025-10-21T10:34:47","slug":"ranch-phenix-2","status":"publish","type":"product","link":"https:\/\/virginietauteure.com\/?product=ranch-phenix-2","title":{"rendered":"Ranch Ph\u00e9nix"},"content":{"rendered":"<div class=\"a-expander-content a-expander-partial-collapse-content a-expander-content-expanded\" aria-expanded=\"true\">\n<h4>Livre pr\u00e9c\u00e9demment \u00e9dit\u00e9 sous le titre Des cendres rena\u00eetra l&rsquo;amour<\/h4>\n<h4><span class=\"a-text-bold\">Je m\u2019appelle Beth Gracy<\/span><\/h4>\n<p>Ma vie n\u2019a jamais \u00e9t\u00e9 facile. Je me bats depuis des ann\u00e9es pour \u00e9lever seule ma fille Oc\u00e9ane, quatorze ans, en pleine crise d\u2019adolescence. Je voulais prendre un nouveau d\u00e9part et j\u2019ai consid\u00e9r\u00e9 comme un signe d\u2019h\u00e9riter du ranch de mon grand-p\u00e8re, le ranch du Ph\u00e9nix. C\u2019\u00e9tait l\u2019occasion de tourner la page et de repartir sur de nouvelles bases au Texas. Seulement rien ne se passe comme pr\u00e9vu. Ma fille m\u2019en fait voir de toutes les couleurs, je n\u2019y connais rien en \u00e9levage de vaches et les cow-boys du coin sont bien trop sexy. Je ne dois pas me laisser perturber par eux.<\/p>\n<\/div>\n","protected":false},"excerpt":{"rendered":"<p>Livre pr\u00e9c\u00e9demment \u00e9dit\u00e9 sous le titre Des cendres rena\u00eetra l&rsquo;amour Je m\u2019appelle Beth Gracy Ma vie n\u2019a jamais \u00e9t\u00e9 facile. Je me bats depuis des ann\u00e9es pour \u00e9lever seule ma &hellip; <\/p>\n","protected":false},"featured_media":448,"comment_status":"open","ping_status":"closed","template":"","meta":[],"product_brand":[],"product_cat":[26],"product_tag":[],"class_list":{"0":"post-898","1":"product","2":"type-product","3":"status-publish","4":"has-post-thumbnail","6":"product_cat-livres-declasses-50","7":"product_shipping_class-declasse-en-shop-to-shop","9":"first","10":"instock","11":"shipping-taxable","12":"purchasable","13":"product-type-simple"},"jetpack-related-posts":[],"jetpack_sharing_enabled":true,"_links":{"self":[{"href":"https:\/\/virginietauteure.com\/index.php?rest_route=\/wp\/v2\/product\/898","targetHints":{"allow":["GET"]}}],"collection":[{"href":"https:\/\/virginietauteure.com\/index.php?rest_route=\/wp\/v2\/product"}],"about":[{"href":"https:\/\/virginietauteure.com\/index.php?rest_route=\/wp\/v2\/types\/product"}],"replies":[{"embeddable":true,"href":"https:\/\/virginietauteure.com\/index.php?rest_route=%2Fwp%2Fv2%2Fcomments&post=898"}],"wp:featuredmedia":[{"embeddable":true,"href":"https:\/\/virginietauteure.com\/index.php?rest_route=\/wp\/v2\/media\/448"}],"wp:attachment":[{"href":"https:\/\/virginietauteure.com\/index.php?rest_route=%2Fwp%2Fv2%2Fmedia&parent=898"}],"wp:term":[{"taxonomy":"product_brand","embeddable":true,"href":"https:\/\/virginietauteure.com\/index.php?rest_route=%2Fwp%2Fv2%2Fproduct_brand&post=898"},{"taxonomy":"product_cat","embeddable":true,"href":"https:\/\/virginietauteure.com\/index.php?rest_route=%2Fwp%2Fv2%2Fproduct_cat&post=898"},{"taxonomy":"product_tag","embeddable":true,"href":"https:\/\/virginietauteure.com\/index.php?rest_route=%2Fwp%2Fv2%2Fproduct_tag&post=898"}],"curies":[{"name":"wp","href":"https:\/\/api.w.org\/{rel}","templated":true}]}}