{"id":900,"date":"2025-10-21T11:36:59","date_gmt":"2025-10-21T10:36:59","guid":{"rendered":"https:\/\/virginietauteure.com\/?post_type=product&#038;p=900"},"modified":"2025-10-21T11:37:37","modified_gmt":"2025-10-21T10:37:37","slug":"le-prince-charmant-nexiste-pas-la-princesse-non-plus","status":"publish","type":"product","link":"https:\/\/virginietauteure.com\/?product=le-prince-charmant-nexiste-pas-la-princesse-non-plus","title":{"rendered":"Le prince charmant n&rsquo;existe pas&#8230; la princesse non plus"},"content":{"rendered":"<p>Salut, moi c&rsquo;est Gwen. Je suis de la g\u00e9n\u00e9ration \u00e9lev\u00e9e avec le mythe du prince charmant de Disney et bon sang, mes relations sont loin de ressembler \u00e0 cet id\u00e9al. Mes amants auraient plut\u00f4t tous les d\u00e9fauts que vous pouvez imaginer. J&rsquo;ai donc le moral au plus bas quand, Abby, ma chef et amie, me demande d&rsquo;\u00e9crire un article complet sur mes aventures amoureuses pour le compte du magazine o\u00f9 l&rsquo;on travaille. Et pour couronner le tout, mon meilleur ami Stan s&rsquo;est mis en t\u00eate de me prouver que le grand amour existe r\u00e9ellement. Entre le r\u00e9cit de mes p\u00e9rip\u00e9ties sentimentales et le pari de Stan, je ne suis pas s\u00fbre que mon coeur ressorte indemne de cette aventure.<\/p>\n","protected":false},"excerpt":{"rendered":"<p>Salut, moi c&rsquo;est Gwen. Je suis de la g\u00e9n\u00e9ration \u00e9lev\u00e9e avec le mythe du prince charmant de Disney et bon sang, mes relations sont loin de ressembler \u00e0 cet id\u00e9al. &hellip; <\/p>\n","protected":false},"featured_media":658,"comment_status":"open","ping_status":"closed","template":"","meta":[],"product_brand":[],"product_cat":[26],"product_tag":[],"class_list":{"0":"post-900","1":"product","2":"type-product","3":"status-publish","4":"has-post-thumbnail","6":"product_cat-livres-declasses-50","7":"product_shipping_class-declasse-en-shop-to-shop","9":"first","10":"instock","11":"shipping-taxable","12":"purchasable","13":"product-type-simple"},"jetpack-related-posts":[],"jetpack_sharing_enabled":true,"_links":{"self":[{"href":"https:\/\/virginietauteure.com\/index.php?rest_route=\/wp\/v2\/product\/900","targetHints":{"allow":["GET"]}}],"collection":[{"href":"https:\/\/virginietauteure.com\/index.php?rest_route=\/wp\/v2\/product"}],"about":[{"href":"https:\/\/virginietauteure.com\/index.php?rest_route=\/wp\/v2\/types\/product"}],"replies":[{"embeddable":true,"href":"https:\/\/virginietauteure.com\/index.php?rest_route=%2Fwp%2Fv2%2Fcomments&post=900"}],"wp:featuredmedia":[{"embeddable":true,"href":"https:\/\/virginietauteure.com\/index.php?rest_route=\/wp\/v2\/media\/658"}],"wp:attachment":[{"href":"https:\/\/virginietauteure.com\/index.php?rest_route=%2Fwp%2Fv2%2Fmedia&parent=900"}],"wp:term":[{"taxonomy":"product_brand","embeddable":true,"href":"https:\/\/virginietauteure.com\/index.php?rest_route=%2Fwp%2Fv2%2Fproduct_brand&post=900"},{"taxonomy":"product_cat","embeddable":true,"href":"https:\/\/virginietauteure.com\/index.php?rest_route=%2Fwp%2Fv2%2Fproduct_cat&post=900"},{"taxonomy":"product_tag","embeddable":true,"href":"https:\/\/virginietauteure.com\/index.php?rest_route=%2Fwp%2Fv2%2Fproduct_tag&post=900"}],"curies":[{"name":"wp","href":"https:\/\/api.w.org\/{rel}","templated":true}]}}