{"id":901,"date":"2025-10-21T11:40:21","date_gmt":"2025-10-21T10:40:21","guid":{"rendered":"https:\/\/virginietauteure.com\/?post_type=product&#038;p=901"},"modified":"2025-11-17T09:49:28","modified_gmt":"2025-11-17T08:49:28","slug":"romance-mon-c-2","status":"publish","type":"product","link":"https:\/\/virginietauteure.com\/?product=romance-mon-c-2","title":{"rendered":"Romance, mon c**!"},"content":{"rendered":"<p>Cette promotion, je la m\u00e9rite, ma patronne me l\u2019avait promise. Il n\u2019avait jamais \u00e9t\u00e9 question que je me retrouve \u00e0 Saint-\u00c9milion, \u00e0 chapeauter un pseudo-auteur qui ne sait pas aligner deux mots ! D\u2019accord, cela me permet de passer du temps avec ma s\u0153ur, mais risquer ma carri\u00e8re \u00e0 cause de cet imb\u00e9cile ? Hors de question ! Ma boss aura son best-seller pour la Saint-Valentin et moi, je deviendrai directrice de collection, m\u00eame si, pour \u00e7a, je dois me coltiner toutes les romances guimauves de la cr\u00e9ation. Beurk, j\u2019en ai d\u00e9j\u00e0 la naus\u00e9e. Un thriller de la Saint-Valentin, \u00e7a aurait nettement plus de gueule. Ou alors, un bon suspense gore o\u00f9 le fianc\u00e9 se fait trucider par la demoiselle pas si charmante. Oui, je sais, mon esprit s\u2019\u00e9vade encore, je n\u2019y peux rien, tout est pr\u00e9f\u00e9rable \u00e0 un roman bourr\u00e9 de clich\u00e9s et niais au possible. Moi, romantique ? Certainement pas, et personne ne me fera changer d\u2019avis !<\/p>\n","protected":false},"excerpt":{"rendered":"<p>Cette promotion, je la m\u00e9rite, ma patronne me l\u2019avait promise. Il n\u2019avait jamais \u00e9t\u00e9 question que je me retrouve \u00e0 Saint-\u00c9milion, \u00e0 chapeauter un pseudo-auteur qui ne sait pas aligner &hellip; <\/p>\n","protected":false},"featured_media":820,"comment_status":"open","ping_status":"closed","template":"","meta":[],"product_brand":[],"product_cat":[26],"product_tag":[],"class_list":{"0":"post-901","1":"product","2":"type-product","3":"status-publish","4":"has-post-thumbnail","6":"product_cat-livres-declasses-50","7":"product_shipping_class-declasse-en-shop-to-shop","9":"first","10":"instock","11":"shipping-taxable","12":"purchasable","13":"product-type-simple"},"jetpack-related-posts":[],"jetpack_sharing_enabled":true,"_links":{"self":[{"href":"https:\/\/virginietauteure.com\/index.php?rest_route=\/wp\/v2\/product\/901","targetHints":{"allow":["GET"]}}],"collection":[{"href":"https:\/\/virginietauteure.com\/index.php?rest_route=\/wp\/v2\/product"}],"about":[{"href":"https:\/\/virginietauteure.com\/index.php?rest_route=\/wp\/v2\/types\/product"}],"replies":[{"embeddable":true,"href":"https:\/\/virginietauteure.com\/index.php?rest_route=%2Fwp%2Fv2%2Fcomments&post=901"}],"wp:featuredmedia":[{"embeddable":true,"href":"https:\/\/virginietauteure.com\/index.php?rest_route=\/wp\/v2\/media\/820"}],"wp:attachment":[{"href":"https:\/\/virginietauteure.com\/index.php?rest_route=%2Fwp%2Fv2%2Fmedia&parent=901"}],"wp:term":[{"taxonomy":"product_brand","embeddable":true,"href":"https:\/\/virginietauteure.com\/index.php?rest_route=%2Fwp%2Fv2%2Fproduct_brand&post=901"},{"taxonomy":"product_cat","embeddable":true,"href":"https:\/\/virginietauteure.com\/index.php?rest_route=%2Fwp%2Fv2%2Fproduct_cat&post=901"},{"taxonomy":"product_tag","embeddable":true,"href":"https:\/\/virginietauteure.com\/index.php?rest_route=%2Fwp%2Fv2%2Fproduct_tag&post=901"}],"curies":[{"name":"wp","href":"https:\/\/api.w.org\/{rel}","templated":true}]}}