{"id":912,"date":"2025-11-26T11:03:03","date_gmt":"2025-11-26T10:03:03","guid":{"rendered":"https:\/\/virginietauteure.com\/?post_type=product&#038;p=912"},"modified":"2026-03-06T09:43:29","modified_gmt":"2026-03-06T08:43:29","slug":"les-angels-fetent-noel-avec-les-revival-ink","status":"publish","type":"product","link":"https:\/\/virginietauteure.com\/?product=les-angels-fetent-noel-avec-les-revival-ink","title":{"rendered":"Les Angel&rsquo;s f\u00eatent No\u00ebl avec les Revival Ink"},"content":{"rendered":"<div class=\"a-expander-content a-expander-partial-collapse-content\" data-expanded=\"false\">\n<p><strong><span class=\"a-text-bold\">Lorsqu&rsquo;une vir\u00e9e \u00e0 moto ouvre de nouvelles perspectives, m\u00eame pour un prospect qui ne poss\u00e8de rien<\/span><\/strong><\/p>\n<p>C\u2019est ce qui arrive \u00e0 Levi, arriv\u00e9 r\u00e9cemment chez les Angel\u2019s, quand quelques fr\u00e8res rentrent d\u2019un s\u00e9jour chez une famille de tatoueurs. Kerry est tout ce qu\u2019il n\u2019attendait pas : solaire, pleine de vie, l\u2019amour de la famille ancr\u00e9e dans le c\u0153ur. Il esp\u00e9rait une bonne surprise pour No\u00ebl\u2026 mais se pourrait-il que le destin lui offre bien plus que ce qu\u2019il souhaitait ?<\/p>\n<p>Livre ind\u00e9pendant des sagas Revival Ink et les Angel&rsquo;s, pouvant se lire sans craindre le spoil. Par contre, fort risque de vouloir connaitre l&rsquo;histoire des autres protagonistes par la suite!<\/p>\n<\/div>\n","protected":false},"excerpt":{"rendered":"<p>Lorsqu&rsquo;une vir\u00e9e \u00e0 moto ouvre de nouvelles perspectives, m\u00eame pour un prospect qui ne poss\u00e8de rien C\u2019est ce qui arrive \u00e0 Levi, arriv\u00e9 r\u00e9cemment chez les Angel\u2019s, quand quelques fr\u00e8res &hellip; <\/p>\n","protected":false},"featured_media":913,"comment_status":"open","ping_status":"closed","template":"","meta":[],"product_brand":[],"product_cat":[21,19],"product_tag":[],"class_list":{"0":"post-912","1":"product","2":"type-product","3":"status-publish","4":"has-post-thumbnail","6":"product_cat-livres-broches-romance-contemporaine","7":"product_cat-romance-de-noel-livres-broches-dedicaces","9":"first","10":"onbackorder","11":"shipping-taxable","12":"purchasable","13":"product-type-simple"},"jetpack-related-posts":[],"jetpack_sharing_enabled":true,"_links":{"self":[{"href":"https:\/\/virginietauteure.com\/index.php?rest_route=\/wp\/v2\/product\/912","targetHints":{"allow":["GET"]}}],"collection":[{"href":"https:\/\/virginietauteure.com\/index.php?rest_route=\/wp\/v2\/product"}],"about":[{"href":"https:\/\/virginietauteure.com\/index.php?rest_route=\/wp\/v2\/types\/product"}],"replies":[{"embeddable":true,"href":"https:\/\/virginietauteure.com\/index.php?rest_route=%2Fwp%2Fv2%2Fcomments&post=912"}],"wp:featuredmedia":[{"embeddable":true,"href":"https:\/\/virginietauteure.com\/index.php?rest_route=\/wp\/v2\/media\/913"}],"wp:attachment":[{"href":"https:\/\/virginietauteure.com\/index.php?rest_route=%2Fwp%2Fv2%2Fmedia&parent=912"}],"wp:term":[{"taxonomy":"product_brand","embeddable":true,"href":"https:\/\/virginietauteure.com\/index.php?rest_route=%2Fwp%2Fv2%2Fproduct_brand&post=912"},{"taxonomy":"product_cat","embeddable":true,"href":"https:\/\/virginietauteure.com\/index.php?rest_route=%2Fwp%2Fv2%2Fproduct_cat&post=912"},{"taxonomy":"product_tag","embeddable":true,"href":"https:\/\/virginietauteure.com\/index.php?rest_route=%2Fwp%2Fv2%2Fproduct_tag&post=912"}],"curies":[{"name":"wp","href":"https:\/\/api.w.org\/{rel}","templated":true}]}}