{"id":914,"date":"2025-11-26T13:55:01","date_gmt":"2025-11-26T12:55:01","guid":{"rendered":"https:\/\/virginietauteure.com\/?post_type=product&#038;p=914"},"modified":"2026-04-16T10:22:52","modified_gmt":"2026-04-16T09:22:52","slug":"la-vengeance-dune-seg-2","status":"publish","type":"product","link":"https:\/\/virginietauteure.com\/?product=la-vengeance-dune-seg-2","title":{"rendered":"La vengeance d&rsquo;une seg"},"content":{"rendered":"<p>Mon mentor, mon p\u00e8re de substitution, est mort, assassin\u00e9. Je n&rsquo;aurais de repos que lorsque j&rsquo;aurais arr\u00eat\u00e9 le coupable, m\u00eame si je dois faire \u00e9quipe avec un hors-la-loi pour y parvenir. Cependant, j&rsquo;ignorais jusqu&rsquo;o\u00f9 ma qu\u00eate de vengeance me conduirait en p\u00e9n\u00e9trant dans ce zoo. Entre myst\u00e8re, trahison et mensonge, il se pourrait bien que je n&rsquo;en ressorte pas indemne.<\/p>\n","protected":false},"excerpt":{"rendered":"<p>Mon mentor, mon p\u00e8re de substitution, est mort, assassin\u00e9. Je n&rsquo;aurais de repos que lorsque j&rsquo;aurais arr\u00eat\u00e9 le coupable, m\u00eame si je dois faire \u00e9quipe avec un hors-la-loi pour y &hellip; <\/p>\n","protected":false},"featured_media":737,"comment_status":"open","ping_status":"closed","template":"","meta":[],"product_brand":[],"product_cat":[25,36],"product_tag":[],"class_list":{"0":"post-914","1":"product","2":"type-product","3":"status-publish","4":"has-post-thumbnail","6":"product_cat-ebook","7":"product_cat-one-shot-fantasy","9":"first","10":"instock","11":"downloadable","12":"shipping-taxable","13":"purchasable","14":"product-type-simple"},"jetpack-related-posts":[],"jetpack_sharing_enabled":true,"_links":{"self":[{"href":"https:\/\/virginietauteure.com\/index.php?rest_route=\/wp\/v2\/product\/914","targetHints":{"allow":["GET"]}}],"collection":[{"href":"https:\/\/virginietauteure.com\/index.php?rest_route=\/wp\/v2\/product"}],"about":[{"href":"https:\/\/virginietauteure.com\/index.php?rest_route=\/wp\/v2\/types\/product"}],"replies":[{"embeddable":true,"href":"https:\/\/virginietauteure.com\/index.php?rest_route=%2Fwp%2Fv2%2Fcomments&post=914"}],"wp:featuredmedia":[{"embeddable":true,"href":"https:\/\/virginietauteure.com\/index.php?rest_route=\/wp\/v2\/media\/737"}],"wp:attachment":[{"href":"https:\/\/virginietauteure.com\/index.php?rest_route=%2Fwp%2Fv2%2Fmedia&parent=914"}],"wp:term":[{"taxonomy":"product_brand","embeddable":true,"href":"https:\/\/virginietauteure.com\/index.php?rest_route=%2Fwp%2Fv2%2Fproduct_brand&post=914"},{"taxonomy":"product_cat","embeddable":true,"href":"https:\/\/virginietauteure.com\/index.php?rest_route=%2Fwp%2Fv2%2Fproduct_cat&post=914"},{"taxonomy":"product_tag","embeddable":true,"href":"https:\/\/virginietauteure.com\/index.php?rest_route=%2Fwp%2Fv2%2Fproduct_tag&post=914"}],"curies":[{"name":"wp","href":"https:\/\/api.w.org\/{rel}","templated":true}]}}