{"id":916,"date":"2025-11-26T13:58:35","date_gmt":"2025-11-26T12:58:35","guid":{"rendered":"https:\/\/virginietauteure.com\/?post_type=product&#038;p=916"},"modified":"2026-04-16T10:22:38","modified_gmt":"2026-04-16T09:22:38","slug":"connor-les-guadian-angels-1","status":"publish","type":"product","link":"https:\/\/virginietauteure.com\/?product=connor-les-guadian-angels-1","title":{"rendered":"Connor &#8211; les guadian Angels 1"},"content":{"rendered":"<h4><span class=\"a-text-bold\">Entrez dans un monde o\u00f9 les m\u00e9tamorphes font la loi, mais o\u00f9 la magie ne demande qu&rsquo;\u00e0 renaitre<\/span><\/h4>\n<p>\u00c0 l&rsquo;origine, le monde \u00e9tait peupl\u00e9 d&rsquo;humains, de m\u00e9tamorphes et de fatels. En apparence, la paix r\u00e8gnait entre les peuples. Mais si on avait gratt\u00e9 la surface, on aurait d\u00e9couvert que la r\u00e9alit\u00e9 \u00e9tait tout autre. Avec m\u00e9thode et patience, des meutes animorphes rebelles ont extermin\u00e9 un \u00e0 un tous les fatels. Ils les ont fait dispara\u00eetre de la surface de la Terre. Enfin, c&rsquo;est ce que tout le monde \u00e0 penser durant les vingt-cinq derni\u00e8res ann\u00e9es.. Je m&rsquo;appelle Connor, je suis l&rsquo;alpha de la meute Guardian Angels, charg\u00e9 de prot\u00e9ger les t\u00e9moins des exc\u00e8s des meutes rebelles. Cependant, je ne m&rsquo;attendais pas \u00e0 d\u00e9couvrir que la personne \u00e0 secourir n&rsquo;est autre que mon \u00e2me s\u0153ur tant esp\u00e9r\u00e9e et la derni\u00e8re de son esp\u00e8ce. Je suis pr\u00eat \u00e0 tout pour la conduire en s\u00e9curit\u00e9 sur mon territoire et la revendiquer mienne.<\/p>\n","protected":false},"excerpt":{"rendered":"<p>Entrez dans un monde o\u00f9 les m\u00e9tamorphes font la loi, mais o\u00f9 la magie ne demande qu&rsquo;\u00e0 renaitre \u00c0 l&rsquo;origine, le monde \u00e9tait peupl\u00e9 d&rsquo;humains, de m\u00e9tamorphes et de fatels. &hellip; <\/p>\n","protected":false},"featured_media":918,"comment_status":"open","ping_status":"closed","template":"","meta":[],"product_brand":[],"product_cat":[25,35],"product_tag":[],"class_list":{"0":"post-916","1":"product","2":"type-product","3":"status-publish","4":"has-post-thumbnail","6":"product_cat-ebook","7":"product_cat-les-guardian-angels","9":"first","10":"instock","11":"downloadable","12":"shipping-taxable","13":"purchasable","14":"product-type-simple"},"jetpack-related-posts":[],"jetpack_sharing_enabled":true,"_links":{"self":[{"href":"https:\/\/virginietauteure.com\/index.php?rest_route=\/wp\/v2\/product\/916","targetHints":{"allow":["GET"]}}],"collection":[{"href":"https:\/\/virginietauteure.com\/index.php?rest_route=\/wp\/v2\/product"}],"about":[{"href":"https:\/\/virginietauteure.com\/index.php?rest_route=\/wp\/v2\/types\/product"}],"replies":[{"embeddable":true,"href":"https:\/\/virginietauteure.com\/index.php?rest_route=%2Fwp%2Fv2%2Fcomments&post=916"}],"wp:featuredmedia":[{"embeddable":true,"href":"https:\/\/virginietauteure.com\/index.php?rest_route=\/wp\/v2\/media\/918"}],"wp:attachment":[{"href":"https:\/\/virginietauteure.com\/index.php?rest_route=%2Fwp%2Fv2%2Fmedia&parent=916"}],"wp:term":[{"taxonomy":"product_brand","embeddable":true,"href":"https:\/\/virginietauteure.com\/index.php?rest_route=%2Fwp%2Fv2%2Fproduct_brand&post=916"},{"taxonomy":"product_cat","embeddable":true,"href":"https:\/\/virginietauteure.com\/index.php?rest_route=%2Fwp%2Fv2%2Fproduct_cat&post=916"},{"taxonomy":"product_tag","embeddable":true,"href":"https:\/\/virginietauteure.com\/index.php?rest_route=%2Fwp%2Fv2%2Fproduct_tag&post=916"}],"curies":[{"name":"wp","href":"https:\/\/api.w.org\/{rel}","templated":true}]}}