{"id":919,"date":"2025-11-26T14:00:20","date_gmt":"2025-11-26T13:00:20","guid":{"rendered":"https:\/\/virginietauteure.com\/?post_type=product&#038;p=919"},"modified":"2026-04-16T10:22:32","modified_gmt":"2026-04-16T09:22:32","slug":"sean-les-guardian-angels-2","status":"publish","type":"product","link":"https:\/\/virginietauteure.com\/?product=sean-les-guardian-angels-2","title":{"rendered":"Sean &#8211; Les Guardian Angels 2"},"content":{"rendered":"<h4><span class=\"a-text-bold\">Cette femme a un caract\u00e8re de chien, je suis un f\u00e9lin. Normal que cela face des \u00e9tincelles entre nous. <\/span><\/h4>\n<p>Connor a enfin mis Sevana \u00e0 l&rsquo;abri, sur le territoire de la meute. Mais un doute l&rsquo;assaille. Et si la meilleure amie de celle-ci, Ashley, avait devin\u00e9 ses origines fatels? La p\u00e9tillante infirmi\u00e8re pourrait alors courir un grand danger. C&rsquo;est Sean qui est envoy\u00e9 sur place pour enqu\u00eater et aucun des Guardian Angels n&rsquo;aurait pu deviner jusqu&rsquo;o\u00f9 cela conduirait le lion.<\/p>\n","protected":false},"excerpt":{"rendered":"<p>Cette femme a un caract\u00e8re de chien, je suis un f\u00e9lin. Normal que cela face des \u00e9tincelles entre nous. Connor a enfin mis Sevana \u00e0 l&rsquo;abri, sur le territoire de &hellip; <\/p>\n","protected":false},"featured_media":921,"comment_status":"open","ping_status":"closed","template":"","meta":[],"product_brand":[],"product_cat":[25,35],"product_tag":[],"class_list":{"0":"post-919","1":"product","2":"type-product","3":"status-publish","4":"has-post-thumbnail","6":"product_cat-ebook","7":"product_cat-les-guardian-angels","9":"first","10":"instock","11":"downloadable","12":"shipping-taxable","13":"purchasable","14":"product-type-simple"},"jetpack-related-posts":[],"jetpack_sharing_enabled":true,"_links":{"self":[{"href":"https:\/\/virginietauteure.com\/index.php?rest_route=\/wp\/v2\/product\/919","targetHints":{"allow":["GET"]}}],"collection":[{"href":"https:\/\/virginietauteure.com\/index.php?rest_route=\/wp\/v2\/product"}],"about":[{"href":"https:\/\/virginietauteure.com\/index.php?rest_route=\/wp\/v2\/types\/product"}],"replies":[{"embeddable":true,"href":"https:\/\/virginietauteure.com\/index.php?rest_route=%2Fwp%2Fv2%2Fcomments&post=919"}],"wp:featuredmedia":[{"embeddable":true,"href":"https:\/\/virginietauteure.com\/index.php?rest_route=\/wp\/v2\/media\/921"}],"wp:attachment":[{"href":"https:\/\/virginietauteure.com\/index.php?rest_route=%2Fwp%2Fv2%2Fmedia&parent=919"}],"wp:term":[{"taxonomy":"product_brand","embeddable":true,"href":"https:\/\/virginietauteure.com\/index.php?rest_route=%2Fwp%2Fv2%2Fproduct_brand&post=919"},{"taxonomy":"product_cat","embeddable":true,"href":"https:\/\/virginietauteure.com\/index.php?rest_route=%2Fwp%2Fv2%2Fproduct_cat&post=919"},{"taxonomy":"product_tag","embeddable":true,"href":"https:\/\/virginietauteure.com\/index.php?rest_route=%2Fwp%2Fv2%2Fproduct_tag&post=919"}],"curies":[{"name":"wp","href":"https:\/\/api.w.org\/{rel}","templated":true}]}}