{"id":922,"date":"2025-11-26T14:02:11","date_gmt":"2025-11-26T13:02:11","guid":{"rendered":"https:\/\/virginietauteure.com\/?post_type=product&#038;p=922"},"modified":"2026-04-16T10:22:23","modified_gmt":"2026-04-16T09:22:23","slug":"greg-les-guardian-angels-4","status":"publish","type":"product","link":"https:\/\/virginietauteure.com\/?product=greg-les-guardian-angels-4","title":{"rendered":"Greg &#8211; Les guardian angels 4"},"content":{"rendered":"<p>Les Guardian Angels ne me font plus confiance. Pire: ils se m\u00e9fient de moi, sans parler de Sam qui ne veut plus me parler. Je dois me racheter. Je dois leur prouver que je peux \u00eatre utile \u00e0 la meute ou je perdrais ma place aupr\u00e8s d&rsquo;eux avant m\u00eame de l&rsquo;avoir gagn\u00e9 et mon ticket d&rsquo;entr\u00e9e pourrait bien \u00eatre le loup qu&rsquo;ils ont ramen\u00e9 de leur descente chez les Tank.<\/p>\n","protected":false},"excerpt":{"rendered":"<p>Les Guardian Angels ne me font plus confiance. Pire: ils se m\u00e9fient de moi, sans parler de Sam qui ne veut plus me parler. Je dois me racheter. Je dois &hellip; <\/p>\n","protected":false},"featured_media":924,"comment_status":"open","ping_status":"closed","template":"","meta":[],"product_brand":[],"product_cat":[25,35],"product_tag":[],"class_list":{"0":"post-922","1":"product","2":"type-product","3":"status-publish","4":"has-post-thumbnail","6":"product_cat-ebook","7":"product_cat-les-guardian-angels","9":"first","10":"instock","11":"downloadable","12":"shipping-taxable","13":"purchasable","14":"product-type-simple"},"jetpack-related-posts":[],"jetpack_sharing_enabled":true,"_links":{"self":[{"href":"https:\/\/virginietauteure.com\/index.php?rest_route=\/wp\/v2\/product\/922","targetHints":{"allow":["GET"]}}],"collection":[{"href":"https:\/\/virginietauteure.com\/index.php?rest_route=\/wp\/v2\/product"}],"about":[{"href":"https:\/\/virginietauteure.com\/index.php?rest_route=\/wp\/v2\/types\/product"}],"replies":[{"embeddable":true,"href":"https:\/\/virginietauteure.com\/index.php?rest_route=%2Fwp%2Fv2%2Fcomments&post=922"}],"wp:featuredmedia":[{"embeddable":true,"href":"https:\/\/virginietauteure.com\/index.php?rest_route=\/wp\/v2\/media\/924"}],"wp:attachment":[{"href":"https:\/\/virginietauteure.com\/index.php?rest_route=%2Fwp%2Fv2%2Fmedia&parent=922"}],"wp:term":[{"taxonomy":"product_brand","embeddable":true,"href":"https:\/\/virginietauteure.com\/index.php?rest_route=%2Fwp%2Fv2%2Fproduct_brand&post=922"},{"taxonomy":"product_cat","embeddable":true,"href":"https:\/\/virginietauteure.com\/index.php?rest_route=%2Fwp%2Fv2%2Fproduct_cat&post=922"},{"taxonomy":"product_tag","embeddable":true,"href":"https:\/\/virginietauteure.com\/index.php?rest_route=%2Fwp%2Fv2%2Fproduct_tag&post=922"}],"curies":[{"name":"wp","href":"https:\/\/api.w.org\/{rel}","templated":true}]}}