{"id":925,"date":"2025-11-26T14:10:10","date_gmt":"2025-11-26T13:10:10","guid":{"rendered":"https:\/\/virginietauteure.com\/?post_type=product&#038;p=925"},"modified":"2026-04-16T10:22:15","modified_gmt":"2026-04-16T09:22:15","slug":"dylan-les-guardian-angels-hors-serie-romance-mm","status":"publish","type":"product","link":"https:\/\/virginietauteure.com\/?product=dylan-les-guardian-angels-hors-serie-romance-mm","title":{"rendered":"Dylan &#8211; Les guardian Angels hors s\u00e9rie &#8211; romance MM"},"content":{"rendered":"<div class=\"a-expander-content a-expander-partial-collapse-content\" data-expanded=\"false\">\n<h4><span class=\"a-text-bold\">Cacher ce que l&rsquo;on est ne le fait pas disparaitre&#8230;<\/span><\/h4>\n<p>Dylan n&rsquo;est plus un adolescent qui fait le pitre avec sa bande sous la surveillance accrue des Guardian Angels. Il est d\u00e9sormais un adulte en charge des plus jeunes, des g\u00e9n\u00e9turs qui adorent troubler la tranquillit\u00e9 de la meute. Toutefois, derri\u00e8re son apparente d\u00e9contraction, il n&rsquo;a jamais appris \u00e0 faire la paix avec lui-m\u00eame. Il d\u00e9teste ce qu&rsquo;il est au plus profond de lui et l&rsquo;enfouir pour l&rsquo;oublier ne changera pas les faits. Il est gay, indigne de poss\u00e9der une \u00e2me s\u0153ur. Et pourtant, malgr\u00e9 toutes les tortures subies, tant physique que morale, Kurt se pr\u00e9sente devant lui avec la volont\u00e9 de le revendiquer. Ils sont diff\u00e9rents, en tout point oppos\u00e9s, mais ne dit-on pas que les oppos\u00e9s s&rsquo;attirent? A la condition de tourner la page sur son pass\u00e9&#8230;<\/p>\n<h4>Hors s\u00e9rie dans l&rsquo;univers des Guardian Angels. Ce tome se d\u00e9roule dix ans apr\u00e8s la saga principale et peut se lire ind\u00e9pendamment de celle-ci<\/h4>\n<\/div>\n","protected":false},"excerpt":{"rendered":"<p>Cacher ce que l&rsquo;on est ne le fait pas disparaitre&#8230; Dylan n&rsquo;est plus un adolescent qui fait le pitre avec sa bande sous la surveillance accrue des Guardian Angels. Il &hellip; <\/p>\n","protected":false},"featured_media":928,"comment_status":"open","ping_status":"closed","template":"","meta":[],"product_brand":[],"product_cat":[25,35],"product_tag":[],"class_list":{"0":"post-925","1":"product","2":"type-product","3":"status-publish","4":"has-post-thumbnail","6":"product_cat-ebook","7":"product_cat-les-guardian-angels","9":"first","10":"instock","11":"downloadable","12":"shipping-taxable","13":"purchasable","14":"product-type-simple"},"jetpack-related-posts":[],"jetpack_sharing_enabled":true,"_links":{"self":[{"href":"https:\/\/virginietauteure.com\/index.php?rest_route=\/wp\/v2\/product\/925","targetHints":{"allow":["GET"]}}],"collection":[{"href":"https:\/\/virginietauteure.com\/index.php?rest_route=\/wp\/v2\/product"}],"about":[{"href":"https:\/\/virginietauteure.com\/index.php?rest_route=\/wp\/v2\/types\/product"}],"replies":[{"embeddable":true,"href":"https:\/\/virginietauteure.com\/index.php?rest_route=%2Fwp%2Fv2%2Fcomments&post=925"}],"wp:featuredmedia":[{"embeddable":true,"href":"https:\/\/virginietauteure.com\/index.php?rest_route=\/wp\/v2\/media\/928"}],"wp:attachment":[{"href":"https:\/\/virginietauteure.com\/index.php?rest_route=%2Fwp%2Fv2%2Fmedia&parent=925"}],"wp:term":[{"taxonomy":"product_brand","embeddable":true,"href":"https:\/\/virginietauteure.com\/index.php?rest_route=%2Fwp%2Fv2%2Fproduct_brand&post=925"},{"taxonomy":"product_cat","embeddable":true,"href":"https:\/\/virginietauteure.com\/index.php?rest_route=%2Fwp%2Fv2%2Fproduct_cat&post=925"},{"taxonomy":"product_tag","embeddable":true,"href":"https:\/\/virginietauteure.com\/index.php?rest_route=%2Fwp%2Fv2%2Fproduct_tag&post=925"}],"curies":[{"name":"wp","href":"https:\/\/api.w.org\/{rel}","templated":true}]}}