{"id":933,"date":"2025-12-15T15:19:32","date_gmt":"2025-12-15T14:19:32","guid":{"rendered":"https:\/\/virginietauteure.com\/?post_type=product&#038;p=933"},"modified":"2025-12-15T15:20:03","modified_gmt":"2025-12-15T14:20:03","slug":"elevee-par-des-tigres-2","status":"publish","type":"product","link":"https:\/\/virginietauteure.com\/?product=elevee-par-des-tigres-2","title":{"rendered":"\u00c9lev\u00e9e par des tigres"},"content":{"rendered":"<p>Il n&rsquo;\u00e9tait pas venu pour moi, je n&rsquo;aurais d&rsquo;ailleurs pas d\u00fb me trouver sur son chemin. Je ne suis qu&rsquo;une humaine face \u00e0 un m\u00e9tamorphe tigre. Toutefois, il devrait se m\u00e9fier. Je suis moins fragile que j&rsquo;en ai l&rsquo;air. Apr\u00e8s tout, j&rsquo;ai grandi au milieu d&rsquo;une meute. J&rsquo;ai d\u00e9j\u00e0 dompter des animaux \u00e0 fourrure et je n&rsquo;ai pas peur de r\u00e9colter un coup de dents si au bout du chemin, j&rsquo;obtiens l&rsquo;\u00e2me s\u0153ur dont j&rsquo;ai toujours r\u00eav\u00e9.<\/p>\n","protected":false},"excerpt":{"rendered":"<p>Il n&rsquo;\u00e9tait pas venu pour moi, je n&rsquo;aurais d&rsquo;ailleurs pas d\u00fb me trouver sur son chemin. Je ne suis qu&rsquo;une humaine face \u00e0 un m\u00e9tamorphe tigre. Toutefois, il devrait se &hellip; <\/p>\n","protected":false},"featured_media":624,"comment_status":"open","ping_status":"closed","template":"","meta":[],"product_brand":[],"product_cat":[26],"product_tag":[],"class_list":{"0":"post-933","1":"product","2":"type-product","3":"status-publish","4":"has-post-thumbnail","6":"product_cat-livres-declasses-50","7":"product_shipping_class-declasse-en-shop-to-shop","9":"first","10":"instock","11":"shipping-taxable","12":"purchasable","13":"product-type-simple"},"jetpack-related-posts":[],"jetpack_sharing_enabled":true,"_links":{"self":[{"href":"https:\/\/virginietauteure.com\/index.php?rest_route=\/wp\/v2\/product\/933","targetHints":{"allow":["GET"]}}],"collection":[{"href":"https:\/\/virginietauteure.com\/index.php?rest_route=\/wp\/v2\/product"}],"about":[{"href":"https:\/\/virginietauteure.com\/index.php?rest_route=\/wp\/v2\/types\/product"}],"replies":[{"embeddable":true,"href":"https:\/\/virginietauteure.com\/index.php?rest_route=%2Fwp%2Fv2%2Fcomments&post=933"}],"wp:featuredmedia":[{"embeddable":true,"href":"https:\/\/virginietauteure.com\/index.php?rest_route=\/wp\/v2\/media\/624"}],"wp:attachment":[{"href":"https:\/\/virginietauteure.com\/index.php?rest_route=%2Fwp%2Fv2%2Fmedia&parent=933"}],"wp:term":[{"taxonomy":"product_brand","embeddable":true,"href":"https:\/\/virginietauteure.com\/index.php?rest_route=%2Fwp%2Fv2%2Fproduct_brand&post=933"},{"taxonomy":"product_cat","embeddable":true,"href":"https:\/\/virginietauteure.com\/index.php?rest_route=%2Fwp%2Fv2%2Fproduct_cat&post=933"},{"taxonomy":"product_tag","embeddable":true,"href":"https:\/\/virginietauteure.com\/index.php?rest_route=%2Fwp%2Fv2%2Fproduct_tag&post=933"}],"curies":[{"name":"wp","href":"https:\/\/api.w.org\/{rel}","templated":true}]}}