{"id":934,"date":"2025-12-15T15:20:40","date_gmt":"2025-12-15T14:20:40","guid":{"rendered":"https:\/\/virginietauteure.com\/?post_type=product&#038;p=934"},"modified":"2025-12-15T15:21:27","modified_gmt":"2025-12-15T14:21:27","slug":"un-baiser-sous-le-gui-2","status":"publish","type":"product","link":"https:\/\/virginietauteure.com\/?product=un-baiser-sous-le-gui-2","title":{"rendered":"Un baiser sous le gui"},"content":{"rendered":"<p>Connard!Voil\u00e0 ce que je pense de Mathieu. Pourtant, tout avait si bien commenc\u00e9. Une f\u00eate, l&rsquo;annonce de la grossesse de ma jumelle et un slow \u00e0 me faire battre le c\u0153ur plus vite. Puis tout est parti en cacahu\u00e8te. Le pire dans cette histoire? Ma s\u0153ur \u00e0 embaucher Mathieu dans notre soci\u00e9t\u00e9. Avec la chance que j&rsquo;ai, il va bien r\u00e9ussir \u00e0 g\u00e2cher mon No\u00ebl!<\/p>\n","protected":false},"excerpt":{"rendered":"<p>Connard!Voil\u00e0 ce que je pense de Mathieu. Pourtant, tout avait si bien commenc\u00e9. Une f\u00eate, l&rsquo;annonce de la grossesse de ma jumelle et un slow \u00e0 me faire battre le &hellip; <\/p>\n","protected":false},"featured_media":656,"comment_status":"open","ping_status":"closed","template":"","meta":[],"product_brand":[],"product_cat":[26],"product_tag":[],"class_list":{"0":"post-934","1":"product","2":"type-product","3":"status-publish","4":"has-post-thumbnail","6":"product_cat-livres-declasses-50","7":"product_shipping_class-declasse-en-shop-to-shop","9":"first","10":"instock","11":"shipping-taxable","12":"purchasable","13":"product-type-simple"},"jetpack-related-posts":[],"jetpack_sharing_enabled":true,"_links":{"self":[{"href":"https:\/\/virginietauteure.com\/index.php?rest_route=\/wp\/v2\/product\/934","targetHints":{"allow":["GET"]}}],"collection":[{"href":"https:\/\/virginietauteure.com\/index.php?rest_route=\/wp\/v2\/product"}],"about":[{"href":"https:\/\/virginietauteure.com\/index.php?rest_route=\/wp\/v2\/types\/product"}],"replies":[{"embeddable":true,"href":"https:\/\/virginietauteure.com\/index.php?rest_route=%2Fwp%2Fv2%2Fcomments&post=934"}],"wp:featuredmedia":[{"embeddable":true,"href":"https:\/\/virginietauteure.com\/index.php?rest_route=\/wp\/v2\/media\/656"}],"wp:attachment":[{"href":"https:\/\/virginietauteure.com\/index.php?rest_route=%2Fwp%2Fv2%2Fmedia&parent=934"}],"wp:term":[{"taxonomy":"product_brand","embeddable":true,"href":"https:\/\/virginietauteure.com\/index.php?rest_route=%2Fwp%2Fv2%2Fproduct_brand&post=934"},{"taxonomy":"product_cat","embeddable":true,"href":"https:\/\/virginietauteure.com\/index.php?rest_route=%2Fwp%2Fv2%2Fproduct_cat&post=934"},{"taxonomy":"product_tag","embeddable":true,"href":"https:\/\/virginietauteure.com\/index.php?rest_route=%2Fwp%2Fv2%2Fproduct_tag&post=934"}],"curies":[{"name":"wp","href":"https:\/\/api.w.org\/{rel}","templated":true}]}}