{"id":935,"date":"2025-12-15T15:22:07","date_gmt":"2025-12-15T14:22:07","guid":{"rendered":"https:\/\/virginietauteure.com\/?post_type=product&#038;p=935"},"modified":"2026-01-28T11:28:51","modified_gmt":"2026-01-28T10:28:51","slug":"les-dragons-exiles-copie","status":"publish","type":"product","link":"https:\/\/virginietauteure.com\/?product=les-dragons-exiles-copie","title":{"rendered":"Les dragons exil\u00e9s"},"content":{"rendered":"<p>Mes m\u00e2les et moi avons \u00e9t\u00e9 exp\u00e9di\u00e9s dans un monde \u00e9trange \u00e0 travers un vortex. Notre pr\u00e9occupation premi\u00e8re \u00e9tait de nous rassembler pour retourner chez nous par tous les moyens. Je suis un prince, un futur roi avec la mort brutal de mon p\u00e8re. Nous n&rsquo;avions qu&rsquo;un but: tuer Yvrad pour sa trahison. C&rsquo;\u00e9tait sans compter sur ces femelles envo\u00fbtantes qui nous ont emprisonn\u00e9s \u00e0 tour de r\u00f4le. Sur Dracolia, les femelles se meurent tandis qu&rsquo;ici, elles r\u00e9veillent notre instinct basique trop longtemps oubli\u00e9. Au fur et \u00e0 mesure de nos recherches, les fronti\u00e8res se floutent et notre destin se modifie, pour le pire ou pour le meilleur.<\/p>\n<p>Comprend les 4 tomes de la saga<\/p>\n","protected":false},"excerpt":{"rendered":"<p>Mes m\u00e2les et moi avons \u00e9t\u00e9 exp\u00e9di\u00e9s dans un monde \u00e9trange \u00e0 travers un vortex. Notre pr\u00e9occupation premi\u00e8re \u00e9tait de nous rassembler pour retourner chez nous par tous les moyens. &hellip; <\/p>\n","protected":false},"featured_media":542,"comment_status":"open","ping_status":"closed","template":"","meta":[],"product_brand":[],"product_cat":[26],"product_tag":[],"class_list":{"0":"post-935","1":"product","2":"type-product","3":"status-publish","4":"has-post-thumbnail","6":"product_cat-livres-declasses-50","7":"product_shipping_class-declasse-en-shop-to-shop","9":"first","10":"instock","11":"shipping-taxable","12":"purchasable","13":"product-type-simple"},"jetpack-related-posts":[],"jetpack_sharing_enabled":true,"_links":{"self":[{"href":"https:\/\/virginietauteure.com\/index.php?rest_route=\/wp\/v2\/product\/935","targetHints":{"allow":["GET"]}}],"collection":[{"href":"https:\/\/virginietauteure.com\/index.php?rest_route=\/wp\/v2\/product"}],"about":[{"href":"https:\/\/virginietauteure.com\/index.php?rest_route=\/wp\/v2\/types\/product"}],"replies":[{"embeddable":true,"href":"https:\/\/virginietauteure.com\/index.php?rest_route=%2Fwp%2Fv2%2Fcomments&post=935"}],"wp:featuredmedia":[{"embeddable":true,"href":"https:\/\/virginietauteure.com\/index.php?rest_route=\/wp\/v2\/media\/542"}],"wp:attachment":[{"href":"https:\/\/virginietauteure.com\/index.php?rest_route=%2Fwp%2Fv2%2Fmedia&parent=935"}],"wp:term":[{"taxonomy":"product_brand","embeddable":true,"href":"https:\/\/virginietauteure.com\/index.php?rest_route=%2Fwp%2Fv2%2Fproduct_brand&post=935"},{"taxonomy":"product_cat","embeddable":true,"href":"https:\/\/virginietauteure.com\/index.php?rest_route=%2Fwp%2Fv2%2Fproduct_cat&post=935"},{"taxonomy":"product_tag","embeddable":true,"href":"https:\/\/virginietauteure.com\/index.php?rest_route=%2Fwp%2Fv2%2Fproduct_tag&post=935"}],"curies":[{"name":"wp","href":"https:\/\/api.w.org\/{rel}","templated":true}]}}