{"id":939,"date":"2026-01-28T11:40:41","date_gmt":"2026-01-28T10:40:41","guid":{"rendered":"https:\/\/virginietauteure.com\/?post_type=product&#038;p=939"},"modified":"2026-04-22T17:11:53","modified_gmt":"2026-04-22T16:11:53","slug":"revival-ink-integrale-collector-relie","status":"publish","type":"product","link":"https:\/\/virginietauteure.com\/?product=revival-ink-integrale-collector-relie","title":{"rendered":"Revival Ink int\u00e9grale collector"},"content":{"rendered":"<p>Le\u00a0 collector regroupe les trois tomes de la saga:<\/p>\n<p>Apparences trompeuses<\/p>\n<p>S&rsquo;affranchir du pass\u00e9<\/p>\n<p>Coeurs handicap\u00e9s<\/p>\n<p>La version broch\u00e9 arbore une couverture souple mat avec les \u00e9critures en holographique, un jaspage et des illustrations int\u00e9rieures dont 3 en couleur<\/p>\n<p>La version reli\u00e9 arbore une couverture cartonn\u00e9e mat avec les \u00e9critures en holographique, un jaspage, des pages de garde couleur et des illustrations int\u00e9rieures dont 3 en couleur<\/p>\n<p>Les collectors seront num\u00e9rot\u00e9s<\/p>\n<p>&nbsp;<\/p>\n<p>Les goodies: un pin&rsquo;s, un carnet de lecture et un overlay<\/p>\n<p>&nbsp;<\/p>\n<p>Tous les colis contiendront \u00e9galement le marque-pages papier assorti et un marque-pages magn\u00e9tique<\/p>\n","protected":false},"excerpt":{"rendered":"<p>Le\u00a0 collector regroupe les trois tomes de la saga: Apparences trompeuses S&rsquo;affranchir du pass\u00e9 Coeurs handicap\u00e9s La version broch\u00e9 arbore une couverture souple mat avec les \u00e9critures en holographique, un &hellip; <\/p>\n","protected":false},"featured_media":940,"comment_status":"open","ping_status":"closed","template":"","meta":[],"product_brand":[],"product_cat":[31],"product_tag":[],"class_list":{"0":"post-939","1":"product","2":"type-product","3":"status-publish","4":"has-post-thumbnail","6":"product_cat-collector","8":"first","9":"outofstock","10":"shipping-taxable","11":"purchasable","12":"product-type-variable"},"jetpack-related-posts":[],"jetpack_sharing_enabled":true,"_links":{"self":[{"href":"https:\/\/virginietauteure.com\/index.php?rest_route=\/wp\/v2\/product\/939","targetHints":{"allow":["GET"]}}],"collection":[{"href":"https:\/\/virginietauteure.com\/index.php?rest_route=\/wp\/v2\/product"}],"about":[{"href":"https:\/\/virginietauteure.com\/index.php?rest_route=\/wp\/v2\/types\/product"}],"replies":[{"embeddable":true,"href":"https:\/\/virginietauteure.com\/index.php?rest_route=%2Fwp%2Fv2%2Fcomments&post=939"}],"wp:featuredmedia":[{"embeddable":true,"href":"https:\/\/virginietauteure.com\/index.php?rest_route=\/wp\/v2\/media\/940"}],"wp:attachment":[{"href":"https:\/\/virginietauteure.com\/index.php?rest_route=%2Fwp%2Fv2%2Fmedia&parent=939"}],"wp:term":[{"taxonomy":"product_brand","embeddable":true,"href":"https:\/\/virginietauteure.com\/index.php?rest_route=%2Fwp%2Fv2%2Fproduct_brand&post=939"},{"taxonomy":"product_cat","embeddable":true,"href":"https:\/\/virginietauteure.com\/index.php?rest_route=%2Fwp%2Fv2%2Fproduct_cat&post=939"},{"taxonomy":"product_tag","embeddable":true,"href":"https:\/\/virginietauteure.com\/index.php?rest_route=%2Fwp%2Fv2%2Fproduct_tag&post=939"}],"curies":[{"name":"wp","href":"https:\/\/api.w.org\/{rel}","templated":true}]}}