{"id":98,"date":"2023-02-20T12:54:39","date_gmt":"2023-02-20T12:54:39","guid":{"rendered":"https:\/\/virginietauteure.com\/?post_type=product&#038;p=98"},"modified":"2025-06-03T13:24:06","modified_gmt":"2025-06-03T12:24:06","slug":"revival-ink","status":"publish","type":"product","link":"https:\/\/virginietauteure.com\/?product=revival-ink","title":{"rendered":"Revival Ink"},"content":{"rendered":"<p><strong>Bienvenue dans cette famille de tatoueurs atypiques haut en couleur. Pour qui allez-vous craquer? Shawn, Debby ou Wyatt?<\/strong><\/p>\n<ol>\n<li>Apparences trompeuses:<\/li>\n<\/ol>\n<p><span class=\"a-text-bold\">Parfois un \u00e9v\u00e8nement anodin est suffisant pour chambouler toute une vie&#8230;<\/span><\/p>\n<p>Mon sang bouillonne dans mes veines alors que l&rsquo;on me conduit au bureau de mon ami, l&rsquo;inspecteur Dany Fateli. Je n&rsquo;arrive pas \u00e0 croire qu&rsquo;une adolescente ait saccag\u00e9 mon shop. Bordel ! Revival Ink est mon b\u00e9b\u00e9. Personne ne touche \u00e0 mon r\u00eave. Je tr\u00e9pigne dans le commissariat. J&rsquo;ai des ann\u00e9es de ranc\u0153ur \u00e0 \u00e9vacuer au sujet des m\u00e8res d\u00e9missionnaires. Aujourd&rsquo;hui, ma cible est toute trouv\u00e9e. Enfin, j&rsquo;en \u00e9tais persuad\u00e9 jusqu&rsquo;\u00e0 ce que je la rencontre. Gemma Barse. Tr\u00e8s discr\u00e8te, voire effac\u00e9e. Elle s&rsquo;inqui\u00e8te visiblement pour sa fille. Cette femme magnifique fausse tous mes a priori. Je d\u00e9teste \u00eatre d\u00e9rout\u00e9. Elle attise ma curiosit\u00e9. Je d\u00e9sire en apprendre plus sur cette m\u00e8re c\u00e9libataire d&rsquo;une adolescente en pleine r\u00e9bellion. Cependant, il se pourrait bien que ce soit moi que je d\u00e9couvre au bout du chemin.<\/p>\n<p>2. S&rsquo;affranchir du pass\u00e9:<\/p>\n<p><span class=\"a-text-bold\">Parfois, la solution pour s&rsquo;en sortir est juste sous notre nez. Il suffit d&rsquo;ouvrir les yeux.<\/span><\/p>\n<div class=\"a-expander-content a-expander-partial-collapse-content a-expander-content-expanded\" aria-expanded=\"true\">\n<div class=\"a-section a-spacing-none a-padding-none collectionDescription\">\n<p>Le Mondial du Tatouage, rien que \u00e7a ! Jimmy est encore plus frappadingue que moi. Je ne vois que cette hypoth\u00e8se pour expliquer sa d\u00e9cision. Mon ami et patron m\u2019a inscrit au concours le plus r\u00e9put\u00e9 et difficile du pays alors m\u00eame que je ne suis qu\u2019un b\u00e9b\u00e9 tatoueur. Je suis une Ferdo. OK, une pi\u00e8ce rapport\u00e9e Ferdo. Cela ne fait pas de moi une virtuose du dermographe \u00e0 l\u2019image de mon fr\u00e8re Shawn qui a bien plus d\u2019exp\u00e9rience que moi. Toutefois, je ne suis pas du genre \u00e0 me d\u00e9gonfler alors soit, je vais relever le d\u00e9fi. J\u2019ai laiss\u00e9 mon pass\u00e9 me g\u00e2cher la vie bien trop longtemps. Il est temps que je prenne ma vie en main pour m\u2019assurer un avenir. Je vais prouver \u00e0 tout le monde de quoi une putain de licorne est capable. Enfin, c\u2019est ce que j\u2019ai pens\u00e9 sur le coup. Puis j\u2019ai crois\u00e9 la route de Dany Fateli et tout est parti en vrille\u2026<\/p>\n<\/div>\n<\/div>\n<p>3. C\u0153urs handicap\u00e9s:<\/p>\n<p>Cette ann\u00e9e, c&rsquo;est mon tour. Je dois me pr\u00e9senter au Mondial du Tatouage et surtout, je dois briller. Debby et Shawn sont tous les deux revenus avec une coupe. Je dois faire aussi bien, seulement, impossible de trouver un mod\u00e8le \u00e0 la hauteur de la t\u00e2che. Il me faut un projet exceptionnel qui m&rsquo;inspire. Quand Debby m&rsquo;a oblig\u00e9 \u00e0 lancer un appel sur les r\u00e9seaux sociaux, j&rsquo;\u00e9tais persuad\u00e9 que cela ne servirait \u00e0 rien. Puis j&rsquo;ai fait la rencontre de Lia. Son histoire est hors du commun et son id\u00e9e de motif m&#8217;emballe au del\u00e0 du possible. Serait-il possible qu&rsquo;elle soit celle qui me permettra la victoire ? Plus je l&rsquo;observe et plus j&rsquo;ai la sensation qu&rsquo;elle pourrait m&rsquo;apporter plus qu&rsquo;une coupe.<\/p>\n","protected":false},"excerpt":{"rendered":"<p>Bienvenue dans cette famille de tatoueurs atypiques haut en couleur. Pour qui allez-vous craquer? Shawn, Debby ou Wyatt? Apparences trompeuses: Parfois un \u00e9v\u00e8nement anodin est suffisant pour chambouler toute une &hellip; <\/p>\n","protected":false},"featured_media":475,"comment_status":"open","ping_status":"closed","template":"","meta":[],"product_brand":[],"product_cat":[21],"product_tag":[],"class_list":{"0":"post-98","1":"product","2":"type-product","3":"status-publish","4":"has-post-thumbnail","6":"product_cat-livres-broches-romance-contemporaine","8":"first","9":"instock","10":"shipping-taxable","11":"purchasable","12":"product-type-simple"},"jetpack-related-posts":[],"jetpack_sharing_enabled":true,"_links":{"self":[{"href":"https:\/\/virginietauteure.com\/index.php?rest_route=\/wp\/v2\/product\/98","targetHints":{"allow":["GET"]}}],"collection":[{"href":"https:\/\/virginietauteure.com\/index.php?rest_route=\/wp\/v2\/product"}],"about":[{"href":"https:\/\/virginietauteure.com\/index.php?rest_route=\/wp\/v2\/types\/product"}],"replies":[{"embeddable":true,"href":"https:\/\/virginietauteure.com\/index.php?rest_route=%2Fwp%2Fv2%2Fcomments&post=98"}],"wp:featuredmedia":[{"embeddable":true,"href":"https:\/\/virginietauteure.com\/index.php?rest_route=\/wp\/v2\/media\/475"}],"wp:attachment":[{"href":"https:\/\/virginietauteure.com\/index.php?rest_route=%2Fwp%2Fv2%2Fmedia&parent=98"}],"wp:term":[{"taxonomy":"product_brand","embeddable":true,"href":"https:\/\/virginietauteure.com\/index.php?rest_route=%2Fwp%2Fv2%2Fproduct_brand&post=98"},{"taxonomy":"product_cat","embeddable":true,"href":"https:\/\/virginietauteure.com\/index.php?rest_route=%2Fwp%2Fv2%2Fproduct_cat&post=98"},{"taxonomy":"product_tag","embeddable":true,"href":"https:\/\/virginietauteure.com\/index.php?rest_route=%2Fwp%2Fv2%2Fproduct_tag&post=98"}],"curies":[{"name":"wp","href":"https:\/\/api.w.org\/{rel}","templated":true}]}}