{"id":987,"date":"2026-04-16T09:15:31","date_gmt":"2026-04-16T08:15:31","guid":{"rendered":"https:\/\/virginietauteure.com\/?post_type=product&#038;p=987"},"modified":"2026-04-16T10:24:18","modified_gmt":"2026-04-16T09:24:18","slug":"coeurs-handicapes-revival-ink-tome-3","status":"publish","type":"product","link":"https:\/\/virginietauteure.com\/?product=coeurs-handicapes-revival-ink-tome-3","title":{"rendered":"Coeurs handicap\u00e9s &#8211; Revival Ink tome 3"},"content":{"rendered":"<h4><span class=\"a-text-bold\">La peur n&rsquo;est rien face \u00e0 la v\u00e9ritable beaut\u00e9<\/span><\/h4>\n<p>Cette ann\u00e9e, c&rsquo;est mon tour. Je dois me pr\u00e9senter au Mondial du Tatouage et surtout, je dois briller. Debby et Shawn sont tous les deux revenus avec une coupe. Je dois faire aussi bien, seulement, impossible de trouver un mod\u00e8le \u00e0 la hauteur de la t\u00e2che. Il me faut un projet exceptionnel qui m&rsquo;inspire. Quand Debby m&rsquo;a oblig\u00e9 \u00e0 lancer un appel sur les r\u00e9seaux sociaux, j&rsquo;\u00e9tais persuad\u00e9 que cela ne servirait \u00e0 rien. Puis j&rsquo;ai fait la rencontre de Lia. Son histoire est hors du commun et son id\u00e9e de motif m&#8217;emballe au del\u00e0 du possible. Serait-il possible qu&rsquo;elle soit celle qui me permettra la victoire ? Plus je l&rsquo;observe et plus j&rsquo;ai la sensation qu&rsquo;elle pourrait m&rsquo;apporter plus qu&rsquo;une coupe.<\/p>\n<h4>Dernier tome de la trilogie<\/h4>\n","protected":false},"excerpt":{"rendered":"<p>La peur n&rsquo;est rien face \u00e0 la v\u00e9ritable beaut\u00e9 Cette ann\u00e9e, c&rsquo;est mon tour. Je dois me pr\u00e9senter au Mondial du Tatouage et surtout, je dois briller. Debby et Shawn &hellip; <\/p>\n","protected":false},"featured_media":995,"comment_status":"open","ping_status":"closed","template":"","meta":[],"product_brand":[],"product_cat":[25,32],"product_tag":[],"class_list":{"0":"post-987","1":"product","2":"type-product","3":"status-publish","4":"has-post-thumbnail","6":"product_cat-ebook","7":"product_cat-revival-ink","9":"first","10":"instock","11":"downloadable","12":"shipping-taxable","13":"purchasable","14":"product-type-simple"},"jetpack-related-posts":[],"jetpack_sharing_enabled":true,"_links":{"self":[{"href":"https:\/\/virginietauteure.com\/index.php?rest_route=\/wp\/v2\/product\/987","targetHints":{"allow":["GET"]}}],"collection":[{"href":"https:\/\/virginietauteure.com\/index.php?rest_route=\/wp\/v2\/product"}],"about":[{"href":"https:\/\/virginietauteure.com\/index.php?rest_route=\/wp\/v2\/types\/product"}],"replies":[{"embeddable":true,"href":"https:\/\/virginietauteure.com\/index.php?rest_route=%2Fwp%2Fv2%2Fcomments&post=987"}],"wp:featuredmedia":[{"embeddable":true,"href":"https:\/\/virginietauteure.com\/index.php?rest_route=\/wp\/v2\/media\/995"}],"wp:attachment":[{"href":"https:\/\/virginietauteure.com\/index.php?rest_route=%2Fwp%2Fv2%2Fmedia&parent=987"}],"wp:term":[{"taxonomy":"product_brand","embeddable":true,"href":"https:\/\/virginietauteure.com\/index.php?rest_route=%2Fwp%2Fv2%2Fproduct_brand&post=987"},{"taxonomy":"product_cat","embeddable":true,"href":"https:\/\/virginietauteure.com\/index.php?rest_route=%2Fwp%2Fv2%2Fproduct_cat&post=987"},{"taxonomy":"product_tag","embeddable":true,"href":"https:\/\/virginietauteure.com\/index.php?rest_route=%2Fwp%2Fv2%2Fproduct_tag&post=987"}],"curies":[{"name":"wp","href":"https:\/\/api.w.org\/{rel}","templated":true}]}}